{"id":2434,"date":"2023-06-08T08:14:41","date_gmt":"2023-06-08T08:14:41","guid":{"rendered":"http:\/\/3.68.178.112.nip.io\/fi\/?page_id=2434"},"modified":"2025-12-09T12:05:05","modified_gmt":"2025-12-09T12:05:05","slug":"hammastekninen-laboratorio","status":"publish","type":"page","link":"http:\/\/3.68.178.112.nip.io\/fi\/yrityksemme\/hammastekninen-laboratorio","title":{"rendered":"Hammastekninen laboratorio"},"content":{"rendered":"\t\t<div data-elementor-type=\"wp-page\" data-elementor-id=\"2434\" class=\"elementor elementor-2434\">\n\t\t\t\t\t\t\t\t\t<section class=\"elementor-section elementor-top-section elementor-element elementor-element-84c68a7 elementor-section-full_width elementor-section-height-min-height elementor-section-height-default elementor-section-items-middle\" data-id=\"84c68a7\" data-element_type=\"section\">\n\t\t\t\t\t\t<div class=\"elementor-container elementor-column-gap-no\">\n\t\t\t\t\t<div class=\"elementor-column elementor-col-100 elementor-top-column elementor-element elementor-element-01d7ac5\" data-id=\"01d7ac5\" data-element_type=\"column\">\n\t\t\t<div class=\"elementor-widget-wrap\">\n\t\t\t\t\t\t\t\t\t<\/div>\n\t\t<\/div>\n\t\t\t\t\t\t\t<\/div>\n\t\t<\/section>\n\t\t\t\t<section class=\"elementor-section elementor-top-section elementor-element elementor-element-92e5fe0 elementor-section-full_width elementor-section-height-min-height elementor-section-height-default elementor-section-items-middle\" data-id=\"92e5fe0\" data-element_type=\"section\">\n\t\t\t\t\t\t<div class=\"elementor-container elementor-column-gap-default\">\n\t\t\t\t\t<div class=\"elementor-column elementor-col-100 elementor-top-column elementor-element elementor-element-6fdfef9\" data-id=\"6fdfef9\" data-element_type=\"column\">\n\t\t\t<div class=\"elementor-widget-wrap elementor-element-populated\">\n\t\t\t\t\t\t\t\t<div class=\"elementor-element elementor-element-e7da663 elementor-invisible elementor-widget elementor-widget-heading\" data-id=\"e7da663\" data-element_type=\"widget\" data-settings=\"{&quot;_animation&quot;:&quot;fadeInDown&quot;}\" data-widget_type=\"heading.default\">\n\t\t\t\t<div class=\"elementor-widget-container\">\n\t\t\t<style>\/*! elementor - v3.11.1 - 15-02-2023 *\/\n.elementor-heading-title{padding:0;margin:0;line-height:1}.elementor-widget-heading .elementor-heading-title[class*=elementor-size-]>a{color:inherit;font-size:inherit;line-height:inherit}.elementor-widget-heading .elementor-heading-title.elementor-size-small{font-size:15px}.elementor-widget-heading .elementor-heading-title.elementor-size-medium{font-size:19px}.elementor-widget-heading .elementor-heading-title.elementor-size-large{font-size:29px}.elementor-widget-heading .elementor-heading-title.elementor-size-xl{font-size:39px}.elementor-widget-heading .elementor-heading-title.elementor-size-xxl{font-size:59px}<\/style><h1 class=\"elementor-heading-title elementor-size-default\">Hammastekninen laboratorio<\/h1>\t\t<\/div>\n\t\t\t\t<\/div>\n\t\t\t\t<div class=\"elementor-element elementor-element-d7e564b elementor-widget elementor-widget-spacer\" data-id=\"d7e564b\" data-element_type=\"widget\" data-widget_type=\"spacer.default\">\n\t\t\t\t<div class=\"elementor-widget-container\">\n\t\t\t<style>\/*! elementor - v3.11.1 - 15-02-2023 *\/\n.elementor-column .elementor-spacer-inner{height:var(--spacer-size)}.e-con{--container-widget-width:100%}.e-con-inner>.elementor-widget-spacer,.e-con>.elementor-widget-spacer{width:var(--container-widget-width,var(--spacer-size));--align-self:var(--container-widget-align-self,initial);--flex-shrink:0}.e-con-inner>.elementor-widget-spacer>.elementor-widget-container,.e-con-inner>.elementor-widget-spacer>.elementor-widget-container>.elementor-spacer,.e-con>.elementor-widget-spacer>.elementor-widget-container,.e-con>.elementor-widget-spacer>.elementor-widget-container>.elementor-spacer{height:100%}.e-con-inner>.elementor-widget-spacer>.elementor-widget-container>.elementor-spacer>.elementor-spacer-inner,.e-con>.elementor-widget-spacer>.elementor-widget-container>.elementor-spacer>.elementor-spacer-inner{height:var(--container-widget-height,var(--spacer-size))}<\/style>\t\t<div class=\"elementor-spacer\">\n\t\t\t<div class=\"elementor-spacer-inner\"><\/div>\n\t\t<\/div>\n\t\t\t\t<\/div>\n\t\t\t\t<\/div>\n\t\t\t\t\t<\/div>\n\t\t<\/div>\n\t\t\t\t\t\t\t<\/div>\n\t\t<\/section>\n\t\t\t\t<section class=\"elementor-section elementor-top-section elementor-element elementor-element-2654817d elementor-section-boxed elementor-section-height-default elementor-section-height-default\" data-id=\"2654817d\" data-element_type=\"section\">\n\t\t\t\t\t\t<div class=\"elementor-container elementor-column-gap-default\">\n\t\t\t\t\t<div class=\"elementor-column elementor-col-100 elementor-top-column elementor-element elementor-element-57be231c\" data-id=\"57be231c\" data-element_type=\"column\">\n\t\t\t<div class=\"elementor-widget-wrap elementor-element-populated\">\n\t\t\t\t\t\t\t\t<section class=\"elementor-section elementor-inner-section elementor-element elementor-element-20d152c elementor-section-boxed elementor-section-height-default elementor-section-height-default\" data-id=\"20d152c\" data-element_type=\"section\">\n\t\t\t\t\t\t<div class=\"elementor-container elementor-column-gap-default\">\n\t\t\t\t\t<div class=\"elementor-column elementor-col-50 elementor-inner-column elementor-element elementor-element-b53c527\" data-id=\"b53c527\" data-element_type=\"column\">\n\t\t\t<div class=\"elementor-widget-wrap elementor-element-populated\">\n\t\t\t\t\t\t\t\t<div class=\"elementor-element elementor-element-072b9ec elementor-widget elementor-widget-text-editor\" data-id=\"072b9ec\" data-element_type=\"widget\" data-widget_type=\"text-editor.default\">\n\t\t\t\t<div class=\"elementor-widget-container\">\n\t\t\t<style>\/*! elementor - v3.11.1 - 15-02-2023 *\/\n.elementor-widget-text-editor.elementor-drop-cap-view-stacked .elementor-drop-cap{background-color:#818a91;color:#fff}.elementor-widget-text-editor.elementor-drop-cap-view-framed .elementor-drop-cap{color:#818a91;border:3px solid;background-color:transparent}.elementor-widget-text-editor:not(.elementor-drop-cap-view-default) .elementor-drop-cap{margin-top:8px}.elementor-widget-text-editor:not(.elementor-drop-cap-view-default) .elementor-drop-cap-letter{width:1em;height:1em}.elementor-widget-text-editor .elementor-drop-cap{float:left;text-align:center;line-height:1;font-size:50px}.elementor-widget-text-editor .elementor-drop-cap-letter{display:inline-block}<\/style>\t\t\t\t<p><img decoding=\"async\" title=\"Laboratory\" src=\"https:\/\/kreativdentalclinic.eu\/images\/stories\/articles\/laboratory\/laboratory1.jpg\" alt=\"Laboratory\" \/><\/p>\t\t\t\t\t\t<\/div>\n\t\t\t\t<\/div>\n\t\t\t\t\t<\/div>\n\t\t<\/div>\n\t\t\t\t<div class=\"elementor-column elementor-col-50 elementor-inner-column elementor-element elementor-element-477b183\" data-id=\"477b183\" data-element_type=\"column\">\n\t\t\t<div class=\"elementor-widget-wrap elementor-element-populated\">\n\t\t\t\t\t\t\t\t<div class=\"elementor-element elementor-element-d346743 elementor-widget elementor-widget-text-editor\" data-id=\"d346743\" data-element_type=\"widget\" data-widget_type=\"text-editor.default\">\n\t\t\t\t<div class=\"elementor-widget-container\">\n\t\t\t\t\t\t\t<p>Hampaille teht\u00e4vien korjaustoimenpiteiden laatu \u2013 kruunut ja sillat, inlayt, hammaskuoret ja proteesit \u2013 perustuu hammasteknikon taitoon ja n\u00e4pp\u00e4ryyteen.<\/p>\t\t\t\t\t\t<\/div>\n\t\t\t\t<\/div>\n\t\t\t\t\t<\/div>\n\t\t<\/div>\n\t\t\t\t\t\t\t<\/div>\n\t\t<\/section>\n\t\t\t\t<section class=\"elementor-section elementor-inner-section elementor-element elementor-element-550c6fe elementor-section-boxed elementor-section-height-default elementor-section-height-default\" data-id=\"550c6fe\" data-element_type=\"section\">\n\t\t\t\t\t\t<div class=\"elementor-container elementor-column-gap-default\">\n\t\t\t\t\t<div class=\"elementor-column elementor-col-50 elementor-inner-column elementor-element elementor-element-047b823\" data-id=\"047b823\" data-element_type=\"column\">\n\t\t\t<div class=\"elementor-widget-wrap elementor-element-populated\">\n\t\t\t\t\t\t\t\t<div class=\"elementor-element elementor-element-b90df45 elementor-widget elementor-widget-text-editor\" data-id=\"b90df45\" data-element_type=\"widget\" data-widget_type=\"text-editor.default\">\n\t\t\t\t<div class=\"elementor-widget-container\">\n\t\t\t\t\t\t\t<p><img decoding=\"async\" title=\"Laboratory\" src=\"https:\/\/kreativdentalclinic.eu\/images\/stories\/articles\/laboratory\/laboratory2.jpg\" alt=\"Laboratory\" \/><\/p>\t\t\t\t\t\t<\/div>\n\t\t\t\t<\/div>\n\t\t\t\t\t<\/div>\n\t\t<\/div>\n\t\t\t\t<div class=\"elementor-column elementor-col-50 elementor-inner-column elementor-element elementor-element-1a95757\" data-id=\"1a95757\" data-element_type=\"column\">\n\t\t\t<div class=\"elementor-widget-wrap elementor-element-populated\">\n\t\t\t\t\t\t\t\t<div class=\"elementor-element elementor-element-14e35f5 elementor-widget elementor-widget-text-editor\" data-id=\"14e35f5\" data-element_type=\"widget\" data-widget_type=\"text-editor.default\">\n\t\t\t\t<div class=\"elementor-widget-container\">\n\t\t\t\t\t\t\t<p>Kreativ Dental on Budapestin hammasklinikoista ainoa, jolla on laboratorio saman katon alla. Hammasteknikkomme ja hammasl\u00e4\u00e4k\u00e4rimme ty\u00f6skentelev\u00e4t yhdess\u00e4 paikan p\u00e4\u00e4ll\u00e4 varmistaakseen t\u00e4ydellisen lopputuloksen.<\/p>\t\t\t\t\t\t<\/div>\n\t\t\t\t<\/div>\n\t\t\t\t\t<\/div>\n\t\t<\/div>\n\t\t\t\t\t\t\t<\/div>\n\t\t<\/section>\n\t\t\t\t<section class=\"elementor-section elementor-inner-section elementor-element elementor-element-08a48c2 elementor-section-boxed elementor-section-height-default elementor-section-height-default\" data-id=\"08a48c2\" data-element_type=\"section\">\n\t\t\t\t\t\t<div class=\"elementor-container elementor-column-gap-default\">\n\t\t\t\t\t<div class=\"elementor-column elementor-col-50 elementor-inner-column elementor-element elementor-element-e5992ee\" data-id=\"e5992ee\" data-element_type=\"column\">\n\t\t\t<div class=\"elementor-widget-wrap elementor-element-populated\">\n\t\t\t\t\t\t\t\t<div class=\"elementor-element elementor-element-0f1a846 elementor-widget elementor-widget-text-editor\" data-id=\"0f1a846\" data-element_type=\"widget\" data-widget_type=\"text-editor.default\">\n\t\t\t\t<div class=\"elementor-widget-container\">\n\t\t\t\t\t\t\t<p><img decoding=\"async\" title=\"Laboratory\" src=\"https:\/\/kreativdentalclinic.eu\/images\/stories\/articles\/laboratory\/laboratory3.jpg\" alt=\"Laboratory\" \/><\/p>\t\t\t\t\t\t<\/div>\n\t\t\t\t<\/div>\n\t\t\t\t\t<\/div>\n\t\t<\/div>\n\t\t\t\t<div class=\"elementor-column elementor-col-50 elementor-inner-column elementor-element elementor-element-aea636f\" data-id=\"aea636f\" data-element_type=\"column\">\n\t\t\t<div class=\"elementor-widget-wrap elementor-element-populated\">\n\t\t\t\t\t\t\t\t<div class=\"elementor-element elementor-element-e3dd338 elementor-widget elementor-widget-text-editor\" data-id=\"e3dd338\" data-element_type=\"widget\" data-widget_type=\"text-editor.default\">\n\t\t\t\t<div class=\"elementor-widget-container\">\n\t\t\t\t\t\t\t<p>Kaikki hammasteknikkomme kuuluvat Euroopan ykk\u00f6sasiantuntijoihin. Hammastekninen tiimimme koostuu 21 spesialistista. Tiimi\u00e4 johtaa International Master Ceramist J\u00e1nos Rendetzkyn.<\/p>\t\t\t\t\t\t<\/div>\n\t\t\t\t<\/div>\n\t\t\t\t\t<\/div>\n\t\t<\/div>\n\t\t\t\t\t\t\t<\/div>\n\t\t<\/section>\n\t\t\t\t<section class=\"elementor-section elementor-inner-section elementor-element elementor-element-43b58f6 elementor-section-boxed elementor-section-height-default elementor-section-height-default\" data-id=\"43b58f6\" data-element_type=\"section\">\n\t\t\t\t\t\t<div class=\"elementor-container elementor-column-gap-default\">\n\t\t\t\t\t<div class=\"elementor-column elementor-col-33 elementor-inner-column elementor-element elementor-element-7d7fb6b\" data-id=\"7d7fb6b\" data-element_type=\"column\">\n\t\t\t<div class=\"elementor-widget-wrap elementor-element-populated\">\n\t\t\t\t\t\t\t\t<div class=\"elementor-element elementor-element-01a3522 elementor-widget elementor-widget-image\" data-id=\"01a3522\" data-element_type=\"widget\" data-widget_type=\"image.default\">\n\t\t\t\t<div class=\"elementor-widget-container\">\n\t\t\t<style>\/*! elementor - v3.11.1 - 15-02-2023 *\/\n.elementor-widget-image{text-align:center}.elementor-widget-image a{display:inline-block}.elementor-widget-image a img[src$=\".svg\"]{width:48px}.elementor-widget-image img{vertical-align:middle;display:inline-block}<\/style>\t\t\t\t\t\t\t\t\t\t\t\t<img decoding=\"async\" width=\"200\" height=\"300\" src=\"http:\/\/3.68.178.112.nip.io\/fi\/wp-content\/uploads\/sites\/3\/2023\/06\/Rendetzky-Janos-1-200x300.jpg\" class=\"attachment-medium size-medium wp-image-2958\" alt=\"J\u00e1nos Rendetzky\" srcset=\"http:\/\/3.68.178.112.nip.io\/fi\/wp-content\/uploads\/sites\/3\/2023\/06\/Rendetzky-Janos-1-200x300.jpg 200w, http:\/\/3.68.178.112.nip.io\/fi\/wp-content\/uploads\/sites\/3\/2023\/06\/Rendetzky-Janos-1.jpg 265w\" sizes=\"(max-width: 200px) 100vw, 200px\" \/>\t\t\t\t\t\t\t\t\t\t\t\t\t\t\t<\/div>\n\t\t\t\t<\/div>\n\t\t\t\t\t<\/div>\n\t\t<\/div>\n\t\t\t\t<div class=\"elementor-column elementor-col-66 elementor-inner-column elementor-element elementor-element-a5be049\" data-id=\"a5be049\" data-element_type=\"column\">\n\t\t\t<div class=\"elementor-widget-wrap elementor-element-populated\">\n\t\t\t\t\t\t\t\t<div class=\"elementor-element elementor-element-ec0e97e elementor-widget elementor-widget-text-editor\" data-id=\"ec0e97e\" data-element_type=\"widget\" data-widget_type=\"text-editor.default\">\n\t\t\t\t<div class=\"elementor-widget-container\">\n\t\t\t\t\t\t\t<h2 class=\"wp-block-heading\">HAMMASTEKNIKKOMME<\/h2>\n<p><!-- \/wp:heading --><!-- wp:paragraph --><\/p>\n<p>J\u00e1nos Rendetzky<br \/>Master Ceramist, keraamikkomestari<\/p>\n<p><!-- \/wp:paragraph --><!-- wp:image --><\/p>\n<figure class=\"wp-block-image\"><\/figure>\t\t\t\t\t\t<\/div>\n\t\t\t\t<\/div>\n\t\t\t\t\t<\/div>\n\t\t<\/div>\n\t\t\t\t\t\t\t<\/div>\n\t\t<\/section>\n\t\t\t\t<section class=\"elementor-section elementor-inner-section elementor-element elementor-element-feac552 elementor-section-boxed elementor-section-height-default elementor-section-height-default\" data-id=\"feac552\" data-element_type=\"section\">\n\t\t\t\t\t\t<div class=\"elementor-container elementor-column-gap-default\">\n\t\t\t\t\t<div class=\"elementor-column elementor-col-33 elementor-inner-column elementor-element elementor-element-3085b9f\" data-id=\"3085b9f\" data-element_type=\"column\">\n\t\t\t<div class=\"elementor-widget-wrap elementor-element-populated\">\n\t\t\t\t\t\t\t\t<div class=\"elementor-element elementor-element-9b60261 elementor-widget elementor-widget-image\" data-id=\"9b60261\" data-element_type=\"widget\" data-widget_type=\"image.default\">\n\t\t\t\t<div class=\"elementor-widget-container\">\n\t\t\t\t\t\t\t\t\t\t\t\t\t\t\t<img decoding=\"async\" width=\"200\" height=\"300\" src=\"http:\/\/3.68.178.112.nip.io\/fi\/wp-content\/uploads\/sites\/3\/2023\/06\/Hari-Janos-200x300.jpg\" class=\"attachment-medium size-medium wp-image-2970\" alt=\"J\u00e1nos H\u00e1ri\" srcset=\"http:\/\/3.68.178.112.nip.io\/fi\/wp-content\/uploads\/sites\/3\/2023\/06\/Hari-Janos-200x300.jpg 200w, http:\/\/3.68.178.112.nip.io\/fi\/wp-content\/uploads\/sites\/3\/2023\/06\/Hari-Janos.jpg 265w\" sizes=\"(max-width: 200px) 100vw, 200px\" \/>\t\t\t\t\t\t\t\t\t\t\t\t\t\t\t<\/div>\n\t\t\t\t<\/div>\n\t\t\t\t\t<\/div>\n\t\t<\/div>\n\t\t\t\t<div class=\"elementor-column elementor-col-66 elementor-inner-column elementor-element elementor-element-7927530\" data-id=\"7927530\" data-element_type=\"column\">\n\t\t\t<div class=\"elementor-widget-wrap elementor-element-populated\">\n\t\t\t\t\t\t\t\t<div class=\"elementor-element elementor-element-63149e8 elementor-widget elementor-widget-text-editor\" data-id=\"63149e8\" data-element_type=\"widget\" data-widget_type=\"text-editor.default\">\n\t\t\t\t<div class=\"elementor-widget-container\">\n\t\t\t\t\t\t\t<p>J\u00e1nos H\u00e1ri<br \/>Metallity\u00f6osaston johtaja<\/p>\n<!-- \/wp:paragraph -->\n<figure class=\"wp-block-image\"><\/figure>\t\t\t\t\t\t<\/div>\n\t\t\t\t<\/div>\n\t\t\t\t\t<\/div>\n\t\t<\/div>\n\t\t\t\t\t\t\t<\/div>\n\t\t<\/section>\n\t\t\t\t<section class=\"elementor-section elementor-inner-section elementor-element elementor-element-3bdc699 elementor-section-boxed elementor-section-height-default elementor-section-height-default\" data-id=\"3bdc699\" data-element_type=\"section\">\n\t\t\t\t\t\t<div class=\"elementor-container elementor-column-gap-default\">\n\t\t\t\t\t<div class=\"elementor-column elementor-col-33 elementor-inner-column elementor-element elementor-element-4d1e00a\" data-id=\"4d1e00a\" data-element_type=\"column\">\n\t\t\t<div class=\"elementor-widget-wrap elementor-element-populated\">\n\t\t\t\t\t\t\t\t<div class=\"elementor-element elementor-element-dd5b783 elementor-widget elementor-widget-text-editor\" data-id=\"dd5b783\" data-element_type=\"widget\" data-widget_type=\"text-editor.default\">\n\t\t\t\t<div class=\"elementor-widget-container\">\n\t\t\t\t\t\t\t<p><img decoding=\"async\" title=\"Procera\u00ae Scanner\" src=\"https:\/\/kreativdentalclinic.eu\/images\/stories\/articles\/laboratory\/procera-forte.jpg\" alt=\"Procera\u00ae Scanner\" \/><\/p>\t\t\t\t\t\t<\/div>\n\t\t\t\t<\/div>\n\t\t\t\t\t<\/div>\n\t\t<\/div>\n\t\t\t\t<div class=\"elementor-column elementor-col-66 elementor-inner-column elementor-element elementor-element-ef51d88\" data-id=\"ef51d88\" data-element_type=\"column\">\n\t\t\t<div class=\"elementor-widget-wrap elementor-element-populated\">\n\t\t\t\t\t\t\t\t<div class=\"elementor-element elementor-element-0af9a53 elementor-widget elementor-widget-text-editor\" data-id=\"0af9a53\" data-element_type=\"widget\" data-widget_type=\"text-editor.default\">\n\t\t\t\t<div class=\"elementor-widget-container\">\n\t\t\t\t\t\t\t<p><strong>Procera\u00ae Scanner<\/strong><br \/>Procera\u00ae on t\u00e4m\u00e4n hetken tarkin t\u00e4yskeraamisten kruunujen ja hammassiltojen skanneri.<\/p>\n<!-- \/wp:paragraph -->\n<figure class=\"wp-block-image\"><\/figure>\t\t\t\t\t\t<\/div>\n\t\t\t\t<\/div>\n\t\t\t\t\t<\/div>\n\t\t<\/div>\n\t\t\t\t\t\t\t<\/div>\n\t\t<\/section>\n\t\t\t\t<section class=\"elementor-section elementor-inner-section elementor-element elementor-element-aa5e8c0 elementor-section-boxed elementor-section-height-default elementor-section-height-default\" data-id=\"aa5e8c0\" data-element_type=\"section\">\n\t\t\t\t\t\t<div class=\"elementor-container elementor-column-gap-default\">\n\t\t\t\t\t<div class=\"elementor-column elementor-col-33 elementor-inner-column elementor-element elementor-element-8ce1755\" data-id=\"8ce1755\" data-element_type=\"column\">\n\t\t\t<div class=\"elementor-widget-wrap elementor-element-populated\">\n\t\t\t\t\t\t\t\t<div class=\"elementor-element elementor-element-e33d349 elementor-widget elementor-widget-text-editor\" data-id=\"e33d349\" data-element_type=\"widget\" data-widget_type=\"text-editor.default\">\n\t\t\t\t<div class=\"elementor-widget-container\">\n\t\t\t\t\t\t\t<p><img decoding=\"async\" title=\"Girrbach Neolaser\" src=\"https:\/\/kreativdentalclinic.eu\/images\/stories\/articles\/laboratory\/girrbach-neolaser.jpg\" alt=\"Girrbach Neolaser\" \/><\/p>\t\t\t\t\t\t<\/div>\n\t\t\t\t<\/div>\n\t\t\t\t\t<\/div>\n\t\t<\/div>\n\t\t\t\t<div class=\"elementor-column elementor-col-66 elementor-inner-column elementor-element elementor-element-73e2bb7\" data-id=\"73e2bb7\" data-element_type=\"column\">\n\t\t\t<div class=\"elementor-widget-wrap elementor-element-populated\">\n\t\t\t\t\t\t\t\t<div class=\"elementor-element elementor-element-5965efb elementor-widget elementor-widget-text-editor\" data-id=\"5965efb\" data-element_type=\"widget\" data-widget_type=\"text-editor.default\">\n\t\t\t\t<div class=\"elementor-widget-container\">\n\t\t\t\t\t\t\t<!-- wp:paragraph --><!-- \/wp:image --><!-- wp:paragraph --><!-- \/wp:paragraph --><!-- wp:image --><!-- \/wp:paragraph --><!-- wp:image --><!-- \/wp:image --><!-- wp:paragraph --><!-- \/wp:paragraph --><!-- wp:image --><!-- \/wp:image --><!-- wp:heading --><!-- \/wp:paragraph --><!-- wp:image --><!-- \/wp:image --><!-- wp:paragraph --><!-- \/wp:image --><!-- wp:paragraph --><!-- \/wp:paragraph --><!-- wp:image --><!-- \/wp:image --><!-- wp:paragraph -->\n<p><strong>Girrbach Neolaser<\/strong><br \/>Girrbach Neolaser on laserhitsi, jota k\u00e4ytet\u00e4\u00e4n tarkkuuskiinnikkeiden valamiseen proteeseihin sek\u00e4 kruunujen ja siltojen metallit\u00f6ihin.<\/p>\n<!-- \/wp:paragraph -->\t\t\t\t\t\t<\/div>\n\t\t\t\t<\/div>\n\t\t\t\t\t<\/div>\n\t\t<\/div>\n\t\t\t\t\t\t\t<\/div>\n\t\t<\/section>\n\t\t\t\t\t<\/div>\n\t\t<\/div>\n\t\t\t\t\t\t\t<\/div>\n\t\t<\/section>\n\t\t\t\t\t\t\t<\/div>\n\t\t","protected":false},"excerpt":{"rendered":"<p>Hampaille teht\u00e4vien korjaustoimenpiteiden laatu \u2013 kruunut ja sillat, inlayt, hammaskuoret ja proteesit \u2013 perustuu hammasteknikon taitoon ja n\u00e4pp\u00e4ryyteen.Kreativ Dental on Budapestin hammasklinikoista ainoa, jolla on laboratorio saman katon alla. Hammasteknikkomme ja hammasl\u00e4\u00e4k\u00e4rimme ty\u00f6skentelev\u00e4t yhdess\u00e4 paikan p\u00e4\u00e4ll\u00e4 varmistaakseen t\u00e4ydellisen lopputuloksen.Kaikki hammasteknikkomme kuuluvat Euroopan ykk\u00f6sasiantuntijoihin. Hammastekninen tiimimme koostuu 21 spesialistista. Tiimi\u00e4 johtaa International Master Ceramist J\u00e1nos Rendetzkyn. [&hellip;]<\/p>\n","protected":false},"author":1,"featured_media":925,"parent":2415,"menu_order":6,"comment_status":"closed","ping_status":"closed","template":"elementor_header_footer","meta":[],"aioseo_notices":[],"_links":{"self":[{"href":"http:\/\/3.68.178.112.nip.io\/fi\/wp-json\/wp\/v2\/pages\/2434"}],"collection":[{"href":"http:\/\/3.68.178.112.nip.io\/fi\/wp-json\/wp\/v2\/pages"}],"about":[{"href":"http:\/\/3.68.178.112.nip.io\/fi\/wp-json\/wp\/v2\/types\/page"}],"author":[{"embeddable":true,"href":"http:\/\/3.68.178.112.nip.io\/fi\/wp-json\/wp\/v2\/users\/1"}],"replies":[{"embeddable":true,"href":"http:\/\/3.68.178.112.nip.io\/fi\/wp-json\/wp\/v2\/comments?post=2434"}],"version-history":[{"count":10,"href":"http:\/\/3.68.178.112.nip.io\/fi\/wp-json\/wp\/v2\/pages\/2434\/revisions"}],"predecessor-version":[{"id":4363,"href":"http:\/\/3.68.178.112.nip.io\/fi\/wp-json\/wp\/v2\/pages\/2434\/revisions\/4363"}],"up":[{"embeddable":true,"href":"http:\/\/3.68.178.112.nip.io\/fi\/wp-json\/wp\/v2\/pages\/2415"}],"wp:featuredmedia":[{"embeddable":true,"href":"http:\/\/3.68.178.112.nip.io\/fi\/wp-json\/wp\/v2\/media\/925"}],"wp:attachment":[{"href":"http:\/\/3.68.178.112.nip.io\/fi\/wp-json\/wp\/v2\/media?parent=2434"}],"curies":[{"name":"wp","href":"https:\/\/api.w.org\/{rel}","templated":true}]}}