{"id":28,"date":"2023-03-01T14:10:44","date_gmt":"2023-03-01T14:10:44","guid":{"rendered":"http:\/\/3.68.178.112.nip.io\/fr\/?page_id=28"},"modified":"2025-12-09T13:46:48","modified_gmt":"2025-12-09T13:46:48","slug":"traitement-du-canal-radiculaire","status":"publish","type":"page","link":"http:\/\/3.68.178.112.nip.io\/fr\/soins-dentaires\/traitement-du-canal-radiculaire","title":{"rendered":"Traitement de canal (Endodontie)"},"content":{"rendered":"\t\t<div data-elementor-type=\"wp-page\" data-elementor-id=\"28\" class=\"elementor elementor-28\">\n\t\t\t\t\t\t\t\t\t<section class=\"elementor-section elementor-top-section elementor-element elementor-element-2f4fa5f elementor-section-full_width elementor-section-height-min-height elementor-section-height-default elementor-section-items-middle\" data-id=\"2f4fa5f\" data-element_type=\"section\">\n\t\t\t\t\t\t<div class=\"elementor-container elementor-column-gap-no\">\n\t\t\t\t\t<div class=\"elementor-column elementor-col-100 elementor-top-column elementor-element elementor-element-4420a1f\" data-id=\"4420a1f\" data-element_type=\"column\">\n\t\t\t<div class=\"elementor-widget-wrap\">\n\t\t\t\t\t\t\t\t\t<\/div>\n\t\t<\/div>\n\t\t\t\t\t\t\t<\/div>\n\t\t<\/section>\n\t\t\t\t<section class=\"elementor-section elementor-top-section elementor-element elementor-element-bfb859d elementor-section-full_width elementor-section-height-min-height elementor-section-height-default elementor-section-items-middle\" data-id=\"bfb859d\" data-element_type=\"section\">\n\t\t\t\t\t\t<div class=\"elementor-container elementor-column-gap-default\">\n\t\t\t\t\t<div class=\"elementor-column elementor-col-100 elementor-top-column elementor-element elementor-element-a3f4b0b\" data-id=\"a3f4b0b\" data-element_type=\"column\">\n\t\t\t<div class=\"elementor-widget-wrap elementor-element-populated\">\n\t\t\t\t\t\t\t\t<div class=\"elementor-element elementor-element-aab4925 elementor-invisible elementor-widget elementor-widget-heading\" data-id=\"aab4925\" data-element_type=\"widget\" data-settings=\"{&quot;_animation&quot;:&quot;fadeInDown&quot;}\" data-widget_type=\"heading.default\">\n\t\t\t\t<div class=\"elementor-widget-container\">\n\t\t\t<style>\/*! elementor - v3.11.1 - 15-02-2023 *\/\n.elementor-heading-title{padding:0;margin:0;line-height:1}.elementor-widget-heading .elementor-heading-title[class*=elementor-size-]>a{color:inherit;font-size:inherit;line-height:inherit}.elementor-widget-heading .elementor-heading-title.elementor-size-small{font-size:15px}.elementor-widget-heading .elementor-heading-title.elementor-size-medium{font-size:19px}.elementor-widget-heading .elementor-heading-title.elementor-size-large{font-size:29px}.elementor-widget-heading .elementor-heading-title.elementor-size-xl{font-size:39px}.elementor-widget-heading .elementor-heading-title.elementor-size-xxl{font-size:59px}<\/style><h1 class=\"elementor-heading-title elementor-size-default\">Traitement de canal (Endodontie)<\/h1>\t\t<\/div>\n\t\t\t\t<\/div>\n\t\t\t\t<div class=\"elementor-element elementor-element-2e21855 elementor-widget elementor-widget-spacer\" data-id=\"2e21855\" data-element_type=\"widget\" data-widget_type=\"spacer.default\">\n\t\t\t\t<div class=\"elementor-widget-container\">\n\t\t\t<style>\/*! elementor - v3.11.1 - 15-02-2023 *\/\n.elementor-column .elementor-spacer-inner{height:var(--spacer-size)}.e-con{--container-widget-width:100%}.e-con-inner>.elementor-widget-spacer,.e-con>.elementor-widget-spacer{width:var(--container-widget-width,var(--spacer-size));--align-self:var(--container-widget-align-self,initial);--flex-shrink:0}.e-con-inner>.elementor-widget-spacer>.elementor-widget-container,.e-con-inner>.elementor-widget-spacer>.elementor-widget-container>.elementor-spacer,.e-con>.elementor-widget-spacer>.elementor-widget-container,.e-con>.elementor-widget-spacer>.elementor-widget-container>.elementor-spacer{height:100%}.e-con-inner>.elementor-widget-spacer>.elementor-widget-container>.elementor-spacer>.elementor-spacer-inner,.e-con>.elementor-widget-spacer>.elementor-widget-container>.elementor-spacer>.elementor-spacer-inner{height:var(--container-widget-height,var(--spacer-size))}<\/style>\t\t<div class=\"elementor-spacer\">\n\t\t\t<div class=\"elementor-spacer-inner\"><\/div>\n\t\t<\/div>\n\t\t\t\t<\/div>\n\t\t\t\t<\/div>\n\t\t\t\t\t<\/div>\n\t\t<\/div>\n\t\t\t\t\t\t\t<\/div>\n\t\t<\/section>\n\t\t\t\t<section class=\"elementor-section elementor-top-section elementor-element elementor-element-841a208 elementor-section-boxed elementor-section-height-default elementor-section-height-default\" data-id=\"841a208\" data-element_type=\"section\">\n\t\t\t\t\t\t<div class=\"elementor-container elementor-column-gap-default\">\n\t\t\t\t\t<div class=\"elementor-column elementor-col-100 elementor-top-column elementor-element elementor-element-cc71f79\" data-id=\"cc71f79\" data-element_type=\"column\">\n\t\t\t<div class=\"elementor-widget-wrap elementor-element-populated\">\n\t\t\t\t\t\t\t\t<div class=\"elementor-element elementor-element-8b93a69 elementor-align-center elementor-mobile-align-center elementor-widget-mobile__width-inherit btn2-hover elementor-widget elementor-widget-button\" data-id=\"8b93a69\" data-element_type=\"widget\" data-widget_type=\"button.default\">\n\t\t\t\t<div class=\"elementor-widget-container\">\n\t\t\t\t\t<div class=\"elementor-button-wrapper\">\n\t\t\t<a href=\"http:\/\/3.68.178.112.nip.io\/fr\/contact-mail\" class=\"elementor-button-link elementor-button elementor-size-sm\" role=\"button\">\n\t\t\t\t\t\t<span class=\"elementor-button-content-wrapper\">\n\t\t\t\t\t\t<span class=\"elementor-button-text\">R\u00e9servez votre consultation maintenant \u00e0 la clinique \u00e0 Budapest en Hongrie<\/span>\n\t\t<\/span>\n\t\t\t\t\t<\/a>\n\t\t<\/div>\n\t\t\t\t<\/div>\n\t\t\t\t<\/div>\n\t\t\t\t<div class=\"elementor-element elementor-element-07c5af7 elementor-widget elementor-widget-spacer\" data-id=\"07c5af7\" data-element_type=\"widget\" data-widget_type=\"spacer.default\">\n\t\t\t\t<div class=\"elementor-widget-container\">\n\t\t\t\t\t<div class=\"elementor-spacer\">\n\t\t\t<div class=\"elementor-spacer-inner\"><\/div>\n\t\t<\/div>\n\t\t\t\t<\/div>\n\t\t\t\t<\/div>\n\t\t\t\t\t<\/div>\n\t\t<\/div>\n\t\t\t\t\t\t\t<\/div>\n\t\t<\/section>\n\t\t\t\t<section class=\"elementor-section elementor-top-section elementor-element elementor-element-58cdfe7 elementor-section-boxed elementor-section-height-default elementor-section-height-default\" data-id=\"58cdfe7\" data-element_type=\"section\">\n\t\t\t\t\t\t<div class=\"elementor-container elementor-column-gap-default\">\n\t\t\t\t\t<div class=\"elementor-column elementor-col-50 elementor-top-column elementor-element elementor-element-b6b691f\" data-id=\"b6b691f\" data-element_type=\"column\">\n\t\t\t<div class=\"elementor-widget-wrap elementor-element-populated\">\n\t\t\t\t\t\t\t\t<div class=\"elementor-element elementor-element-46912bf elementor-widget elementor-widget-image\" data-id=\"46912bf\" data-element_type=\"widget\" data-widget_type=\"image.default\">\n\t\t\t\t<div class=\"elementor-widget-container\">\n\t\t\t<style>\/*! elementor - v3.11.1 - 15-02-2023 *\/\n.elementor-widget-image{text-align:center}.elementor-widget-image a{display:inline-block}.elementor-widget-image a img[src$=\".svg\"]{width:48px}.elementor-widget-image img{vertical-align:middle;display:inline-block}<\/style>\t\t\t\t\t\t\t\t\t\t\t\t<img decoding=\"async\" width=\"800\" height=\"532\" src=\"http:\/\/3.68.178.112.nip.io\/fr\/wp-content\/uploads\/sites\/4\/2023\/05\/root-canal-treatment_1-1024x681.jpg\" class=\"attachment-large size-large wp-image-2458\" alt=\"\" srcset=\"http:\/\/3.68.178.112.nip.io\/fr\/wp-content\/uploads\/sites\/4\/2023\/05\/root-canal-treatment_1-1024x681.jpg 1024w, http:\/\/3.68.178.112.nip.io\/fr\/wp-content\/uploads\/sites\/4\/2023\/05\/root-canal-treatment_1-300x200.jpg 300w, http:\/\/3.68.178.112.nip.io\/fr\/wp-content\/uploads\/sites\/4\/2023\/05\/root-canal-treatment_1-768x511.jpg 768w, http:\/\/3.68.178.112.nip.io\/fr\/wp-content\/uploads\/sites\/4\/2023\/05\/root-canal-treatment_1-1536x1022.jpg 1536w, http:\/\/3.68.178.112.nip.io\/fr\/wp-content\/uploads\/sites\/4\/2023\/05\/root-canal-treatment_1-2048x1362.jpg 2048w\" sizes=\"(max-width: 800px) 100vw, 800px\" \/>\t\t\t\t\t\t\t\t\t\t\t\t\t\t\t<\/div>\n\t\t\t\t<\/div>\n\t\t\t\t\t<\/div>\n\t\t<\/div>\n\t\t\t\t<div class=\"elementor-column elementor-col-50 elementor-top-column elementor-element elementor-element-f6e0704\" data-id=\"f6e0704\" data-element_type=\"column\">\n\t\t\t<div class=\"elementor-widget-wrap elementor-element-populated\">\n\t\t\t\t\t\t\t\t<div class=\"elementor-element elementor-element-f936e84 elementor-widget elementor-widget-text-editor\" data-id=\"f936e84\" data-element_type=\"widget\" data-widget_type=\"text-editor.default\">\n\t\t\t\t<div class=\"elementor-widget-container\">\n\t\t\t<style>\/*! elementor - v3.11.1 - 15-02-2023 *\/\n.elementor-widget-text-editor.elementor-drop-cap-view-stacked .elementor-drop-cap{background-color:#818a91;color:#fff}.elementor-widget-text-editor.elementor-drop-cap-view-framed .elementor-drop-cap{color:#818a91;border:3px solid;background-color:transparent}.elementor-widget-text-editor:not(.elementor-drop-cap-view-default) .elementor-drop-cap{margin-top:8px}.elementor-widget-text-editor:not(.elementor-drop-cap-view-default) .elementor-drop-cap-letter{width:1em;height:1em}.elementor-widget-text-editor .elementor-drop-cap{float:left;text-align:center;line-height:1;font-size:50px}.elementor-widget-text-editor .elementor-drop-cap-letter{display:inline-block}<\/style>\t\t\t\t<h4 class=\"western\" align=\"left\"><strong>Qu\u2019est-ce qu\u2019un traitement de canal\u202f?<\/strong><\/h4>\n<p class=\"western\" align=\"left\">Le traitement de canal est une proc\u00e9dure dentaire visant \u00e0 pr\u00e9server une dent endommag\u00e9e ou infect\u00e9e, afin d\u2019\u00e9viter son extraction. L\u2019objectif est de nettoyer et de sceller herm\u00e9tiquement le syst\u00e8me canalaire afin de pr\u00e9venir toute r\u00e9infection et de maintenir la fonction de la dent.<\/p>\n<p class=\"western\" align=\"left\">Le traitement consiste en un nettoyage chimio-m\u00e9canique des canaux radiculaires :<br \/>\u2022 Nettoyage m\u00e9canique \u00e0 l\u2019aide d\u2019instruments manuels et rotatifs flexibles, thermotrait\u00e9s<br \/>\u2022 Nettoyage chimique avec des agents ch\u00e9lateurs et d\u00e9sinfectants<br \/>\u2022 Obturation \u00e9tanche \u00e0 l\u2019apex (extr\u00e9mit\u00e9 de la racine) et \u00e0 la couronne (partie sup\u00e9rieure)<\/p>\t\t\t\t\t\t<\/div>\n\t\t\t\t<\/div>\n\t\t\t\t\t<\/div>\n\t\t<\/div>\n\t\t\t\t\t\t\t<\/div>\n\t\t<\/section>\n\t\t\t\t<section class=\"elementor-section elementor-top-section elementor-element elementor-element-ec09376 elementor-section-boxed elementor-section-height-default elementor-section-height-default\" data-id=\"ec09376\" data-element_type=\"section\">\n\t\t\t\t\t\t<div class=\"elementor-container elementor-column-gap-default\">\n\t\t\t\t\t<div class=\"elementor-column elementor-col-50 elementor-top-column elementor-element elementor-element-d1f6828\" data-id=\"d1f6828\" data-element_type=\"column\">\n\t\t\t<div class=\"elementor-widget-wrap elementor-element-populated\">\n\t\t\t\t\t\t\t\t<div class=\"elementor-element elementor-element-818643a elementor-widget elementor-widget-text-editor\" data-id=\"818643a\" data-element_type=\"widget\" data-widget_type=\"text-editor.default\">\n\t\t\t\t<div class=\"elementor-widget-container\">\n\t\t\t\t\t\t\t<h4 class=\"western\" align=\"left\"><strong>Qui effectue les traitements de canal\u202f?<\/strong><\/h4>\n<p class=\"western\" align=\"left\">Les chirurgiens-dentistes g\u00e9n\u00e9ralistes ainsi que les endodontistes (sp\u00e9cialistes du traitement des racines) sont qualifi\u00e9s pour r\u00e9aliser ces traitements.<\/p>\n<h4 class=\"western\" align=\"left\"><strong>Quand un traitement de canal est-il n\u00e9cessaire\u202f?<\/strong><\/h4>\n<p class=\"western\" align=\"left\"><strong>Les indications incluent\u202f:<\/strong><\/p>\n<p class=\"western\" align=\"left\">\u2022 Pulpite irr\u00e9versible : inflammation chronique ou infection de la pulpe dentaire<br \/>\u2022 Parodontite apicale : inflammation aigu\u00eb ou chronique autour de la racine<br \/>\u2022 Retraitement d\u2019un canal mal obtur\u00e9<br \/>\u2022 Traumatisme dentaire<br \/>\u2022 Exposition accidentelle de la pulpe lors de la pr\u00e9paration d\u2019une couronne ou d\u2019un bridge<br \/>\u2022 Traitement pr\u00e9ventif pour \u00e9viter de futures complications<\/p>\t\t\t\t\t\t<\/div>\n\t\t\t\t<\/div>\n\t\t\t\t\t<\/div>\n\t\t<\/div>\n\t\t\t\t<div class=\"elementor-column elementor-col-50 elementor-top-column elementor-element elementor-element-8bfcda8\" data-id=\"8bfcda8\" data-element_type=\"column\">\n\t\t\t<div class=\"elementor-widget-wrap elementor-element-populated\">\n\t\t\t\t\t\t\t\t<div class=\"elementor-element elementor-element-8fd135d elementor-widget elementor-widget-image\" data-id=\"8fd135d\" data-element_type=\"widget\" data-widget_type=\"image.default\">\n\t\t\t\t<div class=\"elementor-widget-container\">\n\t\t\t\t\t\t\t\t\t\t\t\t\t\t\t<img decoding=\"async\" width=\"800\" height=\"533\" src=\"http:\/\/3.68.178.112.nip.io\/fr\/wp-content\/uploads\/sites\/4\/2023\/05\/root-canal-treatment_3-1024x682.jpg\" class=\"attachment-large size-large wp-image-2460\" alt=\"le traitement du canal radiculaire\" srcset=\"http:\/\/3.68.178.112.nip.io\/fr\/wp-content\/uploads\/sites\/4\/2023\/05\/root-canal-treatment_3-1024x682.jpg 1024w, http:\/\/3.68.178.112.nip.io\/fr\/wp-content\/uploads\/sites\/4\/2023\/05\/root-canal-treatment_3-300x200.jpg 300w, http:\/\/3.68.178.112.nip.io\/fr\/wp-content\/uploads\/sites\/4\/2023\/05\/root-canal-treatment_3-768x511.jpg 768w, http:\/\/3.68.178.112.nip.io\/fr\/wp-content\/uploads\/sites\/4\/2023\/05\/root-canal-treatment_3-1536x1022.jpg 1536w, http:\/\/3.68.178.112.nip.io\/fr\/wp-content\/uploads\/sites\/4\/2023\/05\/root-canal-treatment_3-2048x1363.jpg 2048w\" sizes=\"(max-width: 800px) 100vw, 800px\" \/>\t\t\t\t\t\t\t\t\t\t\t\t\t\t\t<\/div>\n\t\t\t\t<\/div>\n\t\t\t\t\t<\/div>\n\t\t<\/div>\n\t\t\t\t\t\t\t<\/div>\n\t\t<\/section>\n\t\t\t\t<section class=\"elementor-section elementor-top-section elementor-element elementor-element-d2a5020 elementor-section-boxed elementor-section-height-default elementor-section-height-default\" data-id=\"d2a5020\" data-element_type=\"section\">\n\t\t\t\t\t\t<div class=\"elementor-container elementor-column-gap-default\">\n\t\t\t\t\t<div class=\"elementor-column elementor-col-50 elementor-top-column elementor-element elementor-element-88b9192\" data-id=\"88b9192\" data-element_type=\"column\">\n\t\t\t<div class=\"elementor-widget-wrap elementor-element-populated\">\n\t\t\t\t\t\t\t\t<div class=\"elementor-element elementor-element-b19dbe4 elementor-widget elementor-widget-image\" data-id=\"b19dbe4\" data-element_type=\"widget\" data-widget_type=\"image.default\">\n\t\t\t\t<div class=\"elementor-widget-container\">\n\t\t\t\t\t\t\t\t\t\t\t\t\t\t\t<img decoding=\"async\" width=\"800\" height=\"533\" src=\"http:\/\/3.68.178.112.nip.io\/fr\/wp-content\/uploads\/sites\/4\/2023\/05\/root-canal-treatment_2-1024x682.jpg\" class=\"attachment-large size-large wp-image-2459\" alt=\"le traitement du canal radiculaire\" srcset=\"http:\/\/3.68.178.112.nip.io\/fr\/wp-content\/uploads\/sites\/4\/2023\/05\/root-canal-treatment_2-1024x682.jpg 1024w, http:\/\/3.68.178.112.nip.io\/fr\/wp-content\/uploads\/sites\/4\/2023\/05\/root-canal-treatment_2-300x200.jpg 300w, http:\/\/3.68.178.112.nip.io\/fr\/wp-content\/uploads\/sites\/4\/2023\/05\/root-canal-treatment_2-768x511.jpg 768w, http:\/\/3.68.178.112.nip.io\/fr\/wp-content\/uploads\/sites\/4\/2023\/05\/root-canal-treatment_2-1536x1022.jpg 1536w, http:\/\/3.68.178.112.nip.io\/fr\/wp-content\/uploads\/sites\/4\/2023\/05\/root-canal-treatment_2-2048x1363.jpg 2048w\" sizes=\"(max-width: 800px) 100vw, 800px\" \/>\t\t\t\t\t\t\t\t\t\t\t\t\t\t\t<\/div>\n\t\t\t\t<\/div>\n\t\t\t\t\t<\/div>\n\t\t<\/div>\n\t\t\t\t<div class=\"elementor-column elementor-col-50 elementor-top-column elementor-element elementor-element-3e3e8b2\" data-id=\"3e3e8b2\" data-element_type=\"column\">\n\t\t\t<div class=\"elementor-widget-wrap elementor-element-populated\">\n\t\t\t\t\t\t\t\t<div class=\"elementor-element elementor-element-bb8877f elementor-widget elementor-widget-text-editor\" data-id=\"bb8877f\" data-element_type=\"widget\" data-widget_type=\"text-editor.default\">\n\t\t\t\t<div class=\"elementor-widget-container\">\n\t\t\t\t\t\t\t<h4 class=\"western\" align=\"left\"><strong>Pourquoi choisir Kreativ Dental pour votre traitement de canal\u202f?<\/strong><\/h4>\n<p class=\"western\" align=\"left\">\u00c0 la clinique Kreativ Dental \u00e0 Budapest, vous serez pris en charge par un endodontiste exp\u00e9riment\u00e9 respectant les plus hauts standards professionnels, le tout \u00e0 un prix nettement inf\u00e9rieur \u00e0 celui pratiqu\u00e9 localement. Notre sp\u00e9cialiste dispose de plus de 10 ans d\u2019exp\u00e9rience et ne commence le traitement qu\u2019apr\u00e8s un diagnostic approfondi, incluant l\u2019avis d\u2019autres dentistes si n\u00e9cessaire.<\/p>\t\t\t\t\t\t<\/div>\n\t\t\t\t<\/div>\n\t\t\t\t\t<\/div>\n\t\t<\/div>\n\t\t\t\t\t\t\t<\/div>\n\t\t<\/section>\n\t\t\t\t<section class=\"elementor-section elementor-top-section elementor-element elementor-element-410d31bd elementor-section-boxed elementor-section-height-default elementor-section-height-default\" data-id=\"410d31bd\" data-element_type=\"section\">\n\t\t\t\t\t\t<div class=\"elementor-container elementor-column-gap-default\">\n\t\t\t\t\t<div class=\"elementor-column elementor-col-50 elementor-top-column elementor-element elementor-element-5308f2d4\" data-id=\"5308f2d4\" data-element_type=\"column\">\n\t\t\t<div class=\"elementor-widget-wrap elementor-element-populated\">\n\t\t\t\t\t\t\t\t<div class=\"elementor-element elementor-element-3a2f11ef elementor-widget elementor-widget-text-editor\" data-id=\"3a2f11ef\" data-element_type=\"widget\" data-widget_type=\"text-editor.default\">\n\t\t\t\t<div class=\"elementor-widget-container\">\n\t\t\t\t\t\t\t<h4 class=\"western\" align=\"left\"><strong>Quelles technologies sont utilis\u00e9es lors du traitement\u202f?<\/strong><\/h4><p class=\"western\" align=\"left\"><a href=\"https:\/\/3.68.178.112.nip.io\/fr\/technologie-de-pointe\">La technologie moderne<\/a> am\u00e9liore la pr\u00e9cision et l\u2019efficacit\u00e9 du traitement de canal\u202f:<br \/>\u2022 <a href=\"https:\/\/3.68.178.112.nip.io\/fr\/soins-dentaires\/cat-scan\">Imagerie CBCT 3D<\/a> : radiographie en trois dimensions \u00e0 faible dose pour visualiser en d\u00e9tail le syst\u00e8me canalaire<br \/>\u2022 <a href=\"https:\/\/3.68.178.112.nip.io\/fr\/soins-dentaires\/microscope-zeiss-opmi-pico\">Microscope op\u00e9ratoire<\/a> : pour d\u00e9tecter les microfissures, localiser les canaux fins et r\u00e9aliser des traitements via la couronne<\/p>\t\t\t\t\t\t<\/div>\n\t\t\t\t<\/div>\n\t\t\t\t\t<\/div>\n\t\t<\/div>\n\t\t\t\t<div class=\"elementor-column elementor-col-50 elementor-top-column elementor-element elementor-element-4b6dba9\" data-id=\"4b6dba9\" data-element_type=\"column\">\n\t\t\t<div class=\"elementor-widget-wrap elementor-element-populated\">\n\t\t\t\t\t\t\t\t<div class=\"elementor-element elementor-element-21fbcb0 elementor-widget elementor-widget-html\" data-id=\"21fbcb0\" data-element_type=\"widget\" data-widget_type=\"html.default\">\n\t\t\t\t<div class=\"elementor-widget-container\">\n\t\t\t<iframe style=\"width: 400px; height: 225px;\" src=\"https:\/\/www.medivision.co.uk\/Dental\/webpakonline.php?id=105&icon=1\" frameborder=\"0\" marginwidth=\"1\" marginheight=\"1\" scrolling=\"no\"><\/iframe>\t\t<\/div>\n\t\t\t\t<\/div>\n\t\t\t\t\t<\/div>\n\t\t<\/div>\n\t\t\t\t\t\t\t<\/div>\n\t\t<\/section>\n\t\t\t\t<section class=\"elementor-section elementor-top-section elementor-element elementor-element-7199323 elementor-section-boxed elementor-section-height-default elementor-section-height-default\" data-id=\"7199323\" data-element_type=\"section\">\n\t\t\t\t\t\t<div class=\"elementor-container elementor-column-gap-default\">\n\t\t\t\t\t<div class=\"elementor-column elementor-col-100 elementor-top-column elementor-element elementor-element-64f2f62\" data-id=\"64f2f62\" data-element_type=\"column\">\n\t\t\t<div class=\"elementor-widget-wrap elementor-element-populated\">\n\t\t\t\t\t\t\t\t<div class=\"elementor-element elementor-element-c135d01 elementor-widget elementor-widget-text-editor\" data-id=\"c135d01\" data-element_type=\"widget\" data-widget_type=\"text-editor.default\">\n\t\t\t\t<div class=\"elementor-widget-container\">\n\t\t\t\t\t\t\t<h4 class=\"western\" align=\"left\"><strong>Comment se d\u00e9roule un traitement de canal\u202f?<\/strong><\/h4>\n<p class=\"western\" align=\"left\">Le traitement est effectu\u00e9 sous anesth\u00e9sie locale et dure g\u00e9n\u00e9ralement de 30 \u00e0 90 minutes par dent, selon le nombre et la complexit\u00e9 des canaux. L\u2019objectif est de terminer en une seule s\u00e9ance. En cas de saignement ou de pus, une seconde s\u00e9ance est pr\u00e9vue pour l\u2019obturation d\u00e9finitive.<\/p>\n<p class=\"western\" align=\"left\"><strong>\u00c9tapes du traitement<\/strong> :<br \/>\u2022 Acc\u00e8s et nettoyage : retrait du tissu infect\u00e9 ou inflamm\u00e9<br \/>\u2022 Mise en forme et d\u00e9sinfection : nettoyage m\u00e9canique et chimique<br \/>\u2022 Obturation : remplissage herm\u00e9tique avec un mat\u00e9riau biocompatible<br \/>\u2022 Dans certains cas, une chirurgie apicale (apicectomie) est n\u00e9cessaire : ablation chirurgicale de l\u2019extr\u00e9mit\u00e9 radiculaire, parfois avec une obturation r\u00e9trograde<\/p>\n<h4 class=\"western\" align=\"left\"><strong>Apr\u00e8s le traitement<\/strong><\/h4>\n<p class=\"western\" align=\"left\">Une sensibilit\u00e9 ou douleur temporaire peut survenir apr\u00e8s l\u2019intervention. Ces sympt\u00f4mes sont g\u00e9n\u00e9ralement bien ma\u00eetris\u00e9s par des antalgiques ou des antibiotiques prescrits par le praticien.<\/p>\n<p class=\"western\" align=\"left\">Le traitement de canal est une m\u00e9thode fiable pour conserver une dent naturelle, restaurer la sant\u00e9 bucco-dentaire et pr\u00e9server un sourire esth\u00e9tique.<\/p>\n<hr size=\"1\" \/>\t\t\t\t\t\t<\/div>\n\t\t\t\t<\/div>\n\t\t\t\t\t<\/div>\n\t\t<\/div>\n\t\t\t\t\t\t\t<\/div>\n\t\t<\/section>\n\t\t\t\t<section class=\"elementor-section elementor-top-section elementor-element elementor-element-16cfbef elementor-section-boxed elementor-section-height-default elementor-section-height-default\" data-id=\"16cfbef\" data-element_type=\"section\">\n\t\t\t\t\t\t<div class=\"elementor-container elementor-column-gap-default\">\n\t\t\t\t\t<div class=\"elementor-column elementor-col-100 elementor-top-column elementor-element elementor-element-5cbc490\" data-id=\"5cbc490\" data-element_type=\"column\">\n\t\t\t<div class=\"elementor-widget-wrap elementor-element-populated\">\n\t\t\t\t\t\t\t\t<div class=\"elementor-element elementor-element-c79a7d2 elementor-widget elementor-widget-spacer\" data-id=\"c79a7d2\" data-element_type=\"widget\" data-widget_type=\"spacer.default\">\n\t\t\t\t<div class=\"elementor-widget-container\">\n\t\t\t\t\t<div class=\"elementor-spacer\">\n\t\t\t<div class=\"elementor-spacer-inner\"><\/div>\n\t\t<\/div>\n\t\t\t\t<\/div>\n\t\t\t\t<\/div>\n\t\t\t\t<div class=\"elementor-element elementor-element-f40de86 elementor-align-center elementor-mobile-align-center elementor-widget-mobile__width-inherit btn2-hover elementor-widget elementor-widget-button\" data-id=\"f40de86\" data-element_type=\"widget\" data-widget_type=\"button.default\">\n\t\t\t\t<div class=\"elementor-widget-container\">\n\t\t\t\t\t<div class=\"elementor-button-wrapper\">\n\t\t\t<a href=\"http:\/\/3.68.178.112.nip.io\/fr\/contact-mail\" class=\"elementor-button-link elementor-button elementor-size-sm\" role=\"button\">\n\t\t\t\t\t\t<span class=\"elementor-button-content-wrapper\">\n\t\t\t\t\t\t<span class=\"elementor-button-text\">Demandez plus d'informations sur les soins dentaires en Hongrie<\/span>\n\t\t<\/span>\n\t\t\t\t\t<\/a>\n\t\t<\/div>\n\t\t\t\t<\/div>\n\t\t\t\t<\/div>\n\t\t\t\t<div class=\"elementor-element elementor-element-714e35b elementor-widget elementor-widget-spacer\" data-id=\"714e35b\" data-element_type=\"widget\" data-widget_type=\"spacer.default\">\n\t\t\t\t<div class=\"elementor-widget-container\">\n\t\t\t\t\t<div class=\"elementor-spacer\">\n\t\t\t<div class=\"elementor-spacer-inner\"><\/div>\n\t\t<\/div>\n\t\t\t\t<\/div>\n\t\t\t\t<\/div>\n\t\t\t\t\t<\/div>\n\t\t<\/div>\n\t\t\t\t\t\t\t<\/div>\n\t\t<\/section>\n\t\t\t\t\t\t\t<\/div>\n\t\t","protected":false},"excerpt":{"rendered":"<p>R\u00e9servez votre consultation maintenant \u00e0 la clinique \u00e0 Budapest en Hongrie Qu\u2019est-ce qu\u2019un traitement de canal\u202f? Le traitement de canal est une proc\u00e9dure dentaire visant \u00e0 pr\u00e9server une dent endommag\u00e9e ou infect\u00e9e, afin d\u2019\u00e9viter son extraction. L\u2019objectif est de nettoyer et de sceller herm\u00e9tiquement le syst\u00e8me canalaire afin de pr\u00e9venir toute r\u00e9infection et de maintenir [&hellip;]<\/p>\n","protected":false},"author":1,"featured_media":2457,"parent":11,"menu_order":6,"comment_status":"closed","ping_status":"closed","template":"elementor_header_footer","meta":{"om_disable_all_campaigns":false,"_mi_skip_tracking":false},"aioseo_notices":[],"_links":{"self":[{"href":"http:\/\/3.68.178.112.nip.io\/fr\/wp-json\/wp\/v2\/pages\/28"}],"collection":[{"href":"http:\/\/3.68.178.112.nip.io\/fr\/wp-json\/wp\/v2\/pages"}],"about":[{"href":"http:\/\/3.68.178.112.nip.io\/fr\/wp-json\/wp\/v2\/types\/page"}],"author":[{"embeddable":true,"href":"http:\/\/3.68.178.112.nip.io\/fr\/wp-json\/wp\/v2\/users\/1"}],"replies":[{"embeddable":true,"href":"http:\/\/3.68.178.112.nip.io\/fr\/wp-json\/wp\/v2\/comments?post=28"}],"version-history":[{"count":37,"href":"http:\/\/3.68.178.112.nip.io\/fr\/wp-json\/wp\/v2\/pages\/28\/revisions"}],"predecessor-version":[{"id":5241,"href":"http:\/\/3.68.178.112.nip.io\/fr\/wp-json\/wp\/v2\/pages\/28\/revisions\/5241"}],"up":[{"embeddable":true,"href":"http:\/\/3.68.178.112.nip.io\/fr\/wp-json\/wp\/v2\/pages\/11"}],"wp:featuredmedia":[{"embeddable":true,"href":"http:\/\/3.68.178.112.nip.io\/fr\/wp-json\/wp\/v2\/media\/2457"}],"wp:attachment":[{"href":"http:\/\/3.68.178.112.nip.io\/fr\/wp-json\/wp\/v2\/media?parent=28"}],"curies":[{"name":"wp","href":"https:\/\/api.w.org\/{rel}","templated":true}]}}