{"id":50,"date":"2023-03-01T14:58:16","date_gmt":"2023-03-01T14:58:16","guid":{"rendered":"http:\/\/3.68.178.112.nip.io\/fr\/?page_id=50"},"modified":"2025-12-09T13:22:53","modified_gmt":"2025-12-09T13:22:53","slug":"garantie-dentaire","status":"publish","type":"page","link":"http:\/\/3.68.178.112.nip.io\/fr\/garantie-dentaire","title":{"rendered":"Garantie"},"content":{"rendered":"\t\t<div data-elementor-type=\"wp-page\" data-elementor-id=\"50\" class=\"elementor elementor-50\">\n\t\t\t\t\t\t\t\t\t<section class=\"elementor-section elementor-top-section elementor-element elementor-element-41c5b6f elementor-section-full_width elementor-section-height-min-height elementor-section-height-default elementor-section-items-middle\" data-id=\"41c5b6f\" data-element_type=\"section\">\n\t\t\t\t\t\t<div class=\"elementor-container elementor-column-gap-no\">\n\t\t\t\t\t<div class=\"elementor-column elementor-col-100 elementor-top-column elementor-element elementor-element-ddda32f\" data-id=\"ddda32f\" data-element_type=\"column\">\n\t\t\t<div class=\"elementor-widget-wrap\">\n\t\t\t\t\t\t\t\t\t<\/div>\n\t\t<\/div>\n\t\t\t\t\t\t\t<\/div>\n\t\t<\/section>\n\t\t\t\t<section class=\"elementor-section elementor-top-section elementor-element elementor-element-e4fe00f elementor-section-full_width elementor-section-height-min-height elementor-section-height-default elementor-section-items-middle\" data-id=\"e4fe00f\" data-element_type=\"section\">\n\t\t\t\t\t\t<div class=\"elementor-container elementor-column-gap-default\">\n\t\t\t\t\t<div class=\"elementor-column elementor-col-100 elementor-top-column elementor-element elementor-element-56042df\" data-id=\"56042df\" data-element_type=\"column\">\n\t\t\t<div class=\"elementor-widget-wrap elementor-element-populated\">\n\t\t\t\t\t\t\t\t<div class=\"elementor-element elementor-element-e7d40e2 elementor-invisible elementor-widget elementor-widget-heading\" data-id=\"e7d40e2\" data-element_type=\"widget\" data-settings=\"{&quot;_animation&quot;:&quot;fadeInDown&quot;}\" data-widget_type=\"heading.default\">\n\t\t\t\t<div class=\"elementor-widget-container\">\n\t\t\t<style>\/*! elementor - v3.11.1 - 15-02-2023 *\/\n.elementor-heading-title{padding:0;margin:0;line-height:1}.elementor-widget-heading .elementor-heading-title[class*=elementor-size-]>a{color:inherit;font-size:inherit;line-height:inherit}.elementor-widget-heading .elementor-heading-title.elementor-size-small{font-size:15px}.elementor-widget-heading .elementor-heading-title.elementor-size-medium{font-size:19px}.elementor-widget-heading .elementor-heading-title.elementor-size-large{font-size:29px}.elementor-widget-heading .elementor-heading-title.elementor-size-xl{font-size:39px}.elementor-widget-heading .elementor-heading-title.elementor-size-xxl{font-size:59px}<\/style><h1 class=\"elementor-heading-title elementor-size-default\">Garantie<\/h1>\t\t<\/div>\n\t\t\t\t<\/div>\n\t\t\t\t<div class=\"elementor-element elementor-element-ac032bd elementor-widget elementor-widget-spacer\" data-id=\"ac032bd\" data-element_type=\"widget\" data-widget_type=\"spacer.default\">\n\t\t\t\t<div class=\"elementor-widget-container\">\n\t\t\t<style>\/*! elementor - v3.11.1 - 15-02-2023 *\/\n.elementor-column .elementor-spacer-inner{height:var(--spacer-size)}.e-con{--container-widget-width:100%}.e-con-inner>.elementor-widget-spacer,.e-con>.elementor-widget-spacer{width:var(--container-widget-width,var(--spacer-size));--align-self:var(--container-widget-align-self,initial);--flex-shrink:0}.e-con-inner>.elementor-widget-spacer>.elementor-widget-container,.e-con-inner>.elementor-widget-spacer>.elementor-widget-container>.elementor-spacer,.e-con>.elementor-widget-spacer>.elementor-widget-container,.e-con>.elementor-widget-spacer>.elementor-widget-container>.elementor-spacer{height:100%}.e-con-inner>.elementor-widget-spacer>.elementor-widget-container>.elementor-spacer>.elementor-spacer-inner,.e-con>.elementor-widget-spacer>.elementor-widget-container>.elementor-spacer>.elementor-spacer-inner{height:var(--container-widget-height,var(--spacer-size))}<\/style>\t\t<div class=\"elementor-spacer\">\n\t\t\t<div class=\"elementor-spacer-inner\"><\/div>\n\t\t<\/div>\n\t\t\t\t<\/div>\n\t\t\t\t<\/div>\n\t\t\t\t\t<\/div>\n\t\t<\/div>\n\t\t\t\t\t\t\t<\/div>\n\t\t<\/section>\n\t\t\t\t<section class=\"elementor-section elementor-top-section elementor-element elementor-element-7e3c162 elementor-section-boxed elementor-section-height-default elementor-section-height-default\" data-id=\"7e3c162\" data-element_type=\"section\">\n\t\t\t\t\t\t<div class=\"elementor-container elementor-column-gap-default\">\n\t\t\t\t\t<div class=\"elementor-column elementor-col-100 elementor-top-column elementor-element elementor-element-0228303\" data-id=\"0228303\" data-element_type=\"column\">\n\t\t\t<div class=\"elementor-widget-wrap elementor-element-populated\">\n\t\t\t\t\t\t\t\t<div class=\"elementor-element elementor-element-162347b elementor-align-center elementor-mobile-align-center elementor-widget-mobile__width-inherit btn2-hover elementor-widget elementor-widget-button\" data-id=\"162347b\" data-element_type=\"widget\" data-widget_type=\"button.default\">\n\t\t\t\t<div class=\"elementor-widget-container\">\n\t\t\t\t\t<div class=\"elementor-button-wrapper\">\n\t\t\t<a href=\"http:\/\/3.68.178.112.nip.io\/fr\/contact-mail\" class=\"elementor-button-link elementor-button elementor-size-sm\" role=\"button\">\n\t\t\t\t\t\t<span class=\"elementor-button-content-wrapper\">\n\t\t\t\t\t\t<span class=\"elementor-button-text\">R\u00e9servez votre consultation maintenant \u00e0 la clinique \u00e0 Budapest en Hongrie<\/span>\n\t\t<\/span>\n\t\t\t\t\t<\/a>\n\t\t<\/div>\n\t\t\t\t<\/div>\n\t\t\t\t<\/div>\n\t\t\t\t<div class=\"elementor-element elementor-element-2e6a1b0 elementor-widget elementor-widget-spacer\" data-id=\"2e6a1b0\" data-element_type=\"widget\" data-widget_type=\"spacer.default\">\n\t\t\t\t<div class=\"elementor-widget-container\">\n\t\t\t\t\t<div class=\"elementor-spacer\">\n\t\t\t<div class=\"elementor-spacer-inner\"><\/div>\n\t\t<\/div>\n\t\t\t\t<\/div>\n\t\t\t\t<\/div>\n\t\t\t\t\t<\/div>\n\t\t<\/div>\n\t\t\t\t\t\t\t<\/div>\n\t\t<\/section>\n\t\t\t\t<section class=\"elementor-section elementor-top-section elementor-element elementor-element-2be4500d elementor-section-boxed elementor-section-height-default elementor-section-height-default\" data-id=\"2be4500d\" data-element_type=\"section\">\n\t\t\t\t\t\t<div class=\"elementor-container elementor-column-gap-default\">\n\t\t\t\t\t<div class=\"elementor-column elementor-col-100 elementor-top-column elementor-element elementor-element-507237f1\" data-id=\"507237f1\" data-element_type=\"column\">\n\t\t\t<div class=\"elementor-widget-wrap elementor-element-populated\">\n\t\t\t\t\t\t\t\t<div class=\"elementor-element elementor-element-a51dd04 elementor-widget elementor-widget-text-editor\" data-id=\"a51dd04\" data-element_type=\"widget\" data-widget_type=\"text-editor.default\">\n\t\t\t\t<div class=\"elementor-widget-container\">\n\t\t\t<style>\/*! elementor - v3.11.1 - 15-02-2023 *\/\n.elementor-widget-text-editor.elementor-drop-cap-view-stacked .elementor-drop-cap{background-color:#818a91;color:#fff}.elementor-widget-text-editor.elementor-drop-cap-view-framed .elementor-drop-cap{color:#818a91;border:3px solid;background-color:transparent}.elementor-widget-text-editor:not(.elementor-drop-cap-view-default) .elementor-drop-cap{margin-top:8px}.elementor-widget-text-editor:not(.elementor-drop-cap-view-default) .elementor-drop-cap-letter{width:1em;height:1em}.elementor-widget-text-editor .elementor-drop-cap{float:left;text-align:center;line-height:1;font-size:50px}.elementor-widget-text-editor .elementor-drop-cap-letter{display:inline-block}<\/style>\t\t\t\t<p>La garantie est souvent n\u00e9glig\u00e9e par les patients au moment de d\u00e9cider quelle clinique dentaire de choisir. Selon notre avis, c\u2019est le facteur le plus important qui diff\u00e9rencie une clinique d\u2019une autre.<\/p>\n<p>La Clinique Kreativ Dental peut vous offrir la garantie la plus compl\u00e8te disponible \u00e0 partir de n\u2019importe quelle clinique dentaire en Europe parce que nous sommes confiants dans le niveau \u00e9lev\u00e9 de notre travail professionnel et de la qualit\u00e9 des mat\u00e9riaux que nous utilisons. <strong>Aucune autre clinique dentaire ne peut correspondre \u00e0 nos conditions de garantie<\/strong>.<\/p>\n<p>Certaines cliniques dentaires n\u2019indiquent m\u00eame pas quelle garantie ils peuvent vous offrir. Quelques-unes n\u2019offrent qu\u2019une garantie de 2 ans et ne paient m\u00eame pas pour vos vols ou votre <a href=\"http:\/\/3.68.178.112.nip.io\/fr\/planning-your-visit-from-france\/hebergement\">h\u00e9bergement<\/a>.<\/p>\n<p>Non seulement nous offrons la plus longue p\u00e9riode de garantie, mais nous payons pour vos vols jusqu\u2019\u00e0 250 \u20ac et un h\u00e9bergement dans un de nos h\u00f4tels pendant la dur\u00e9e des travaux de r\u00e9paration n\u00e9cessaires.<\/p>\n<p><strong>Seule une clinique dentaire travaillant selon les plus hautes normes peuvent offrir ces conditions de garantie g\u00e9n\u00e9reuses<\/strong>.<\/p>\t\t\t\t\t\t<\/div>\n\t\t\t\t<\/div>\n\t\t\t\t<div class=\"elementor-element elementor-element-7ea946e elementor-widget elementor-widget-shortcode\" data-id=\"7ea946e\" data-element_type=\"widget\" data-widget_type=\"shortcode.default\">\n\t\t\t\t<div class=\"elementor-widget-container\">\n\t\t\t\t\t<div class=\"elementor-shortcode\">\n<table id=\"tablepress-17\" class=\"tablepress tablepress-id-17 our-guarantee\">\n<thead>\n<tr class=\"row-1\">\n\t<th colspan=\"2\" class=\"column-1\">Notre garantie<br \/>\n<\/th>\n<\/tr>\n<\/thead>\n<tbody>\n<tr class=\"row-2\">\n\t<td class=\"column-1\">Couronnes<\/td><td class=\"column-2\">5 ann\u00e9es<br \/>\n(temporaires non inclus)<\/td>\n<\/tr>\n<tr class=\"row-3\">\n\t<td class=\"column-1\">Bridges<\/td><td class=\"column-2\">5 ann\u00e9es<\/td>\n<\/tr>\n<tr class=\"row-4\">\n\t<td class=\"column-1\">Facettes<\/td><td class=\"column-2\">5 ann\u00e9es<\/td>\n<\/tr>\n<tr class=\"row-5\">\n\t<td class=\"column-1\">Inlays \/ onlays<\/td><td class=\"column-2\">5 ann\u00e9es<\/td>\n<\/tr>\n<tr class=\"row-6\">\n\t<td class=\"column-1\">Implants (seulement le produit)<\/td><td class=\"column-2\">\u00e0 vie<\/td>\n<\/tr>\n<tr class=\"row-7\">\n\t<td class=\"column-1\">Proth\u00e8ses adjointes partielles \/ overdentures<\/td><td class=\"column-2\">3 ann\u00e9es<\/td>\n<\/tr>\n<tr class=\"row-8\">\n\t<td class=\"column-1\">Proth\u00e8ses compl\u00e8tes<\/td><td class=\"column-2\">1 ann\u00e9es<\/td>\n<\/tr>\n<\/tbody>\n<\/table>\n<\/div>\n\t\t\t\t<\/div>\n\t\t\t\t<\/div>\n\t\t\t\t<div class=\"elementor-element elementor-element-41b8a37f elementor-widget elementor-widget-text-editor\" data-id=\"41b8a37f\" data-element_type=\"widget\" data-widget_type=\"text-editor.default\">\n\t\t\t\t<div class=\"elementor-widget-container\">\n\t\t\t\t\t\t\t<!-- wp:paragraph -->\n<h2><em>La garantie sera r\u00e9duite ou annul\u00e9e:<\/em><\/h2>\n<p>\u2022 Si l\u2019hygi\u00e8ne buccale est n\u00e9glig\u00e9e<br \/>\u2022 Si le patient n\u2019a pas de routine de contr\u00f4le dentaire et de nettoyage professionnel au moins une fois par ann\u00e9e (facture obligatoire)<br \/>\u2022 Si les instructions du dentiste ne sont pas suivies<br \/>\u2022 Si les restaurations amoviles comme les dentiers partiels ou complets ne sont pas convenablement gard\u00e9s et soign\u00e9s<br \/>\u2022 Si la gencive ou l\u2019os se r\u00e9tracte<br \/>\u2022 En cas de dommages accidentels, par exemple on laisse tomber la proth\u00e8se<br \/>\u2022 Si une perte ou une prise de poids importante se produit<br\/>\n\u2022 S\u2019il y a un malaise g\u00e9n\u00e9ral qui a des effets n\u00e9gatifs sur l\u2019\u00e9tat dentaire (par exemple: diab\u00e8te, \u00e9pilepsie, ost\u00e9oporose, \u00e9tat apr\u00e8s des rayons X ou chimioth\u00e9rapie)<\/p>\n<p>De temps en temps, les dents souffrent de traumatismes en cas de couronnes et bridges entra\u00eenant la n\u00e9cessit\u00e9 d\u2019un traitement du canal radiculaire apr\u00e8s. La Clinique Kreativ Dental n\u2019est responsable d\u2019aucun probl\u00e8me qui n\u2019\u00e9tait pas visible sur la radiographie du patient et qui n\u2019\u00e9tait pas pr\u00e9visible au moment du traitement \u00e0 la Clinique Kreativ Dental.<\/p>\n<p><strong>La Clinique Kreativ Dental alloue 100 \u20ac pour les petites r\u00e9parations faites par votre propre dentiste, par exemple re-cimentation des couronnes et l\u2019ajustement des proth\u00e8ses dentaires<\/strong>.<\/p>\n<!-- \/wp:heading -->\n\n<!-- wp:paragraph --><!-- \/wp:list -->\t\t\t\t\t\t<\/div>\n\t\t\t\t<\/div>\n\t\t\t\t\t<\/div>\n\t\t<\/div>\n\t\t\t\t\t\t\t<\/div>\n\t\t<\/section>\n\t\t\t\t<section class=\"elementor-section elementor-top-section elementor-element elementor-element-4bf9572 elementor-section-boxed elementor-section-height-default elementor-section-height-default\" data-id=\"4bf9572\" data-element_type=\"section\">\n\t\t\t\t\t\t<div class=\"elementor-container elementor-column-gap-default\">\n\t\t\t\t\t<div class=\"elementor-column elementor-col-100 elementor-top-column elementor-element elementor-element-6d4bc13\" data-id=\"6d4bc13\" data-element_type=\"column\">\n\t\t\t<div class=\"elementor-widget-wrap elementor-element-populated\">\n\t\t\t\t\t\t\t\t<div class=\"elementor-element elementor-element-4fd95b5 elementor-widget elementor-widget-spacer\" data-id=\"4fd95b5\" data-element_type=\"widget\" data-widget_type=\"spacer.default\">\n\t\t\t\t<div class=\"elementor-widget-container\">\n\t\t\t\t\t<div class=\"elementor-spacer\">\n\t\t\t<div class=\"elementor-spacer-inner\"><\/div>\n\t\t<\/div>\n\t\t\t\t<\/div>\n\t\t\t\t<\/div>\n\t\t\t\t<div class=\"elementor-element elementor-element-63e8117 elementor-align-center elementor-mobile-align-center elementor-widget-mobile__width-inherit btn2-hover elementor-widget elementor-widget-button\" data-id=\"63e8117\" data-element_type=\"widget\" data-widget_type=\"button.default\">\n\t\t\t\t<div class=\"elementor-widget-container\">\n\t\t\t\t\t<div class=\"elementor-button-wrapper\">\n\t\t\t<a href=\"http:\/\/3.68.178.112.nip.io\/fr\/contact-mail\" class=\"elementor-button-link elementor-button elementor-size-sm\" role=\"button\">\n\t\t\t\t\t\t<span class=\"elementor-button-content-wrapper\">\n\t\t\t\t\t\t<span class=\"elementor-button-text\">Demandez plus d'informations sur les soins dentaires en Hongrie<\/span>\n\t\t<\/span>\n\t\t\t\t\t<\/a>\n\t\t<\/div>\n\t\t\t\t<\/div>\n\t\t\t\t<\/div>\n\t\t\t\t<div class=\"elementor-element elementor-element-71b54b0 elementor-widget elementor-widget-spacer\" data-id=\"71b54b0\" data-element_type=\"widget\" data-widget_type=\"spacer.default\">\n\t\t\t\t<div class=\"elementor-widget-container\">\n\t\t\t\t\t<div class=\"elementor-spacer\">\n\t\t\t<div class=\"elementor-spacer-inner\"><\/div>\n\t\t<\/div>\n\t\t\t\t<\/div>\n\t\t\t\t<\/div>\n\t\t\t\t\t<\/div>\n\t\t<\/div>\n\t\t\t\t\t\t\t<\/div>\n\t\t<\/section>\n\t\t\t\t\t\t\t<\/div>\n\t\t","protected":false},"excerpt":{"rendered":"<p>R\u00e9servez votre consultation maintenant \u00e0 la clinique \u00e0 Budapest en Hongrie La garantie est souvent n\u00e9glig\u00e9e par les patients au moment de d\u00e9cider quelle clinique dentaire de choisir. Selon notre avis, c\u2019est le facteur le plus important qui diff\u00e9rencie une clinique d\u2019une autre. La Clinique Kreativ Dental peut vous offrir la garantie la plus compl\u00e8te [&hellip;]<\/p>\n","protected":false},"author":1,"featured_media":2489,"parent":0,"menu_order":0,"comment_status":"closed","ping_status":"closed","template":"elementor_header_footer","meta":{"om_disable_all_campaigns":false,"_mi_skip_tracking":false},"aioseo_notices":[],"_links":{"self":[{"href":"http:\/\/3.68.178.112.nip.io\/fr\/wp-json\/wp\/v2\/pages\/50"}],"collection":[{"href":"http:\/\/3.68.178.112.nip.io\/fr\/wp-json\/wp\/v2\/pages"}],"about":[{"href":"http:\/\/3.68.178.112.nip.io\/fr\/wp-json\/wp\/v2\/types\/page"}],"author":[{"embeddable":true,"href":"http:\/\/3.68.178.112.nip.io\/fr\/wp-json\/wp\/v2\/users\/1"}],"replies":[{"embeddable":true,"href":"http:\/\/3.68.178.112.nip.io\/fr\/wp-json\/wp\/v2\/comments?post=50"}],"version-history":[{"count":46,"href":"http:\/\/3.68.178.112.nip.io\/fr\/wp-json\/wp\/v2\/pages\/50\/revisions"}],"predecessor-version":[{"id":5064,"href":"http:\/\/3.68.178.112.nip.io\/fr\/wp-json\/wp\/v2\/pages\/50\/revisions\/5064"}],"wp:featuredmedia":[{"embeddable":true,"href":"http:\/\/3.68.178.112.nip.io\/fr\/wp-json\/wp\/v2\/media\/2489"}],"wp:attachment":[{"href":"http:\/\/3.68.178.112.nip.io\/fr\/wp-json\/wp\/v2\/media?parent=50"}],"curies":[{"name":"wp","href":"https:\/\/api.w.org\/{rel}","templated":true}]}}