{"id":63,"date":"2023-03-01T15:46:47","date_gmt":"2023-03-01T15:46:47","guid":{"rendered":"http:\/\/3.68.178.112.nip.io\/fr\/?page_id=63"},"modified":"2025-12-09T13:25:57","modified_gmt":"2025-12-09T13:25:57","slug":"planning-your-visit-from-france","status":"publish","type":"page","link":"http:\/\/3.68.178.112.nip.io\/fr\/planning-your-visit-from-france","title":{"rendered":"Le voyage a Budapest"},"content":{"rendered":"\t\t<div data-elementor-type=\"wp-page\" data-elementor-id=\"63\" class=\"elementor elementor-63\">\n\t\t\t\t\t\t\t\t\t<section class=\"elementor-section elementor-top-section elementor-element elementor-element-b326cc5 elementor-section-full_width elementor-section-height-min-height elementor-section-height-default elementor-section-items-middle\" data-id=\"b326cc5\" data-element_type=\"section\">\n\t\t\t\t\t\t<div class=\"elementor-container elementor-column-gap-no\">\n\t\t\t\t\t<div class=\"elementor-column elementor-col-100 elementor-top-column elementor-element elementor-element-fdea268\" data-id=\"fdea268\" data-element_type=\"column\">\n\t\t\t<div class=\"elementor-widget-wrap\">\n\t\t\t\t\t\t\t\t\t<\/div>\n\t\t<\/div>\n\t\t\t\t\t\t\t<\/div>\n\t\t<\/section>\n\t\t\t\t<section class=\"elementor-section elementor-top-section elementor-element elementor-element-0a60538 elementor-section-full_width elementor-section-height-min-height elementor-section-height-default elementor-section-items-middle\" data-id=\"0a60538\" data-element_type=\"section\">\n\t\t\t\t\t\t<div class=\"elementor-container elementor-column-gap-default\">\n\t\t\t\t\t<div class=\"elementor-column elementor-col-100 elementor-top-column elementor-element elementor-element-7b86b48\" data-id=\"7b86b48\" data-element_type=\"column\">\n\t\t\t<div class=\"elementor-widget-wrap elementor-element-populated\">\n\t\t\t\t\t\t\t\t<div class=\"elementor-element elementor-element-b14b01d elementor-invisible elementor-widget elementor-widget-heading\" data-id=\"b14b01d\" data-element_type=\"widget\" data-settings=\"{&quot;_animation&quot;:&quot;fadeInDown&quot;}\" data-widget_type=\"heading.default\">\n\t\t\t\t<div class=\"elementor-widget-container\">\n\t\t\t<style>\/*! elementor - v3.11.1 - 15-02-2023 *\/\n.elementor-heading-title{padding:0;margin:0;line-height:1}.elementor-widget-heading .elementor-heading-title[class*=elementor-size-]>a{color:inherit;font-size:inherit;line-height:inherit}.elementor-widget-heading .elementor-heading-title.elementor-size-small{font-size:15px}.elementor-widget-heading .elementor-heading-title.elementor-size-medium{font-size:19px}.elementor-widget-heading .elementor-heading-title.elementor-size-large{font-size:29px}.elementor-widget-heading .elementor-heading-title.elementor-size-xl{font-size:39px}.elementor-widget-heading .elementor-heading-title.elementor-size-xxl{font-size:59px}<\/style><h1 class=\"elementor-heading-title elementor-size-default\">Le voyage a Budapest<\/h1>\t\t<\/div>\n\t\t\t\t<\/div>\n\t\t\t\t<div class=\"elementor-element elementor-element-72eee6e elementor-widget elementor-widget-spacer\" data-id=\"72eee6e\" data-element_type=\"widget\" data-widget_type=\"spacer.default\">\n\t\t\t\t<div class=\"elementor-widget-container\">\n\t\t\t<style>\/*! elementor - v3.11.1 - 15-02-2023 *\/\n.elementor-column .elementor-spacer-inner{height:var(--spacer-size)}.e-con{--container-widget-width:100%}.e-con-inner>.elementor-widget-spacer,.e-con>.elementor-widget-spacer{width:var(--container-widget-width,var(--spacer-size));--align-self:var(--container-widget-align-self,initial);--flex-shrink:0}.e-con-inner>.elementor-widget-spacer>.elementor-widget-container,.e-con-inner>.elementor-widget-spacer>.elementor-widget-container>.elementor-spacer,.e-con>.elementor-widget-spacer>.elementor-widget-container,.e-con>.elementor-widget-spacer>.elementor-widget-container>.elementor-spacer{height:100%}.e-con-inner>.elementor-widget-spacer>.elementor-widget-container>.elementor-spacer>.elementor-spacer-inner,.e-con>.elementor-widget-spacer>.elementor-widget-container>.elementor-spacer>.elementor-spacer-inner{height:var(--container-widget-height,var(--spacer-size))}<\/style>\t\t<div class=\"elementor-spacer\">\n\t\t\t<div class=\"elementor-spacer-inner\"><\/div>\n\t\t<\/div>\n\t\t\t\t<\/div>\n\t\t\t\t<\/div>\n\t\t\t\t\t<\/div>\n\t\t<\/div>\n\t\t\t\t\t\t\t<\/div>\n\t\t<\/section>\n\t\t\t\t<section class=\"elementor-section elementor-top-section elementor-element elementor-element-bcb45bf elementor-section-boxed elementor-section-height-default elementor-section-height-default\" data-id=\"bcb45bf\" data-element_type=\"section\">\n\t\t\t\t\t\t<div class=\"elementor-container elementor-column-gap-default\">\n\t\t\t\t\t<div class=\"elementor-column elementor-col-100 elementor-top-column elementor-element elementor-element-d79e60d\" data-id=\"d79e60d\" data-element_type=\"column\">\n\t\t\t<div class=\"elementor-widget-wrap elementor-element-populated\">\n\t\t\t\t\t\t\t\t<div class=\"elementor-element elementor-element-07b1e0f elementor-align-center elementor-mobile-align-center elementor-widget-mobile__width-inherit btn2-hover elementor-widget elementor-widget-button\" data-id=\"07b1e0f\" data-element_type=\"widget\" data-widget_type=\"button.default\">\n\t\t\t\t<div class=\"elementor-widget-container\">\n\t\t\t\t\t<div class=\"elementor-button-wrapper\">\n\t\t\t<a href=\"http:\/\/3.68.178.112.nip.io\/fr\/contact-mail\" class=\"elementor-button-link elementor-button elementor-size-sm\" role=\"button\">\n\t\t\t\t\t\t<span class=\"elementor-button-content-wrapper\">\n\t\t\t\t\t\t<span class=\"elementor-button-text\">R\u00e9servez votre consultation maintenant \u00e0 la clinique \u00e0 Budapest en Hongrie<\/span>\n\t\t<\/span>\n\t\t\t\t\t<\/a>\n\t\t<\/div>\n\t\t\t\t<\/div>\n\t\t\t\t<\/div>\n\t\t\t\t<div class=\"elementor-element elementor-element-cfd95a0 elementor-widget elementor-widget-spacer\" data-id=\"cfd95a0\" data-element_type=\"widget\" data-widget_type=\"spacer.default\">\n\t\t\t\t<div class=\"elementor-widget-container\">\n\t\t\t\t\t<div class=\"elementor-spacer\">\n\t\t\t<div class=\"elementor-spacer-inner\"><\/div>\n\t\t<\/div>\n\t\t\t\t<\/div>\n\t\t\t\t<\/div>\n\t\t\t\t\t<\/div>\n\t\t<\/div>\n\t\t\t\t\t\t\t<\/div>\n\t\t<\/section>\n\t\t\t\t<section class=\"elementor-section elementor-top-section elementor-element elementor-element-455c elementor-section-boxed elementor-section-height-default elementor-section-height-default\" data-id=\"455c\" data-element_type=\"section\">\n\t\t\t\t\t\t<div class=\"elementor-container elementor-column-gap-default\">\n\t\t\t\t\t<div class=\"elementor-column elementor-col-100 elementor-top-column elementor-element elementor-element-2049086d\" data-id=\"2049086d\" data-element_type=\"column\">\n\t\t\t<div class=\"elementor-widget-wrap elementor-element-populated\">\n\t\t\t\t\t\t\t\t<div class=\"elementor-element elementor-element-51b79b90 elementor-widget elementor-widget-text-editor\" data-id=\"51b79b90\" data-element_type=\"widget\" data-widget_type=\"text-editor.default\">\n\t\t\t\t<div class=\"elementor-widget-container\">\n\t\t\t<style>\/*! elementor - v3.11.1 - 15-02-2023 *\/\n.elementor-widget-text-editor.elementor-drop-cap-view-stacked .elementor-drop-cap{background-color:#818a91;color:#fff}.elementor-widget-text-editor.elementor-drop-cap-view-framed .elementor-drop-cap{color:#818a91;border:3px solid;background-color:transparent}.elementor-widget-text-editor:not(.elementor-drop-cap-view-default) .elementor-drop-cap{margin-top:8px}.elementor-widget-text-editor:not(.elementor-drop-cap-view-default) .elementor-drop-cap-letter{width:1em;height:1em}.elementor-widget-text-editor .elementor-drop-cap{float:left;text-align:center;line-height:1;font-size:50px}.elementor-widget-text-editor .elementor-drop-cap-letter{display:inline-block}<\/style>\t\t\t\t<div dir=\"ltr\"><span id=\"m_8155548961644337855ydpbb854eaeyiv5892456209ydpb8fab5a4yui_3_13_0_ym1_1_1386399654814_3164\">Allier l&rsquo;utile \u00e0 l&rsquo;agr\u00e9able en profitant d&rsquo;une escapade au coeur de Budapest, capitale europ\u00e9enne dynamique de pr\u00e8s de 2 millions d&rsquo;habitants. Coup\u00e9e en deux par le Danube, cette\u00a0 ville plein de charme offre un r\u00e9el moment d&rsquo;\u00e9vasion.<\/span><\/div>\n<div dir=\"ltr\"><span id=\"m_8155548961644337855ydpbb854eaeyiv5892456209ydpb8fab5a4yui_3_13_0_ym1_1_1386399654814_3164\">\u00a0<\/span><\/div>\n<h4 dir=\"ltr\"><span id=\"m_8155548961644337855ydpbb854eaeyiv5892456209ydpb8fab5a4yui_3_13_0_ym1_1_1386399654814_3164\"><b>Comment cela fonctionne?<\/b><\/span><\/h4>\n<div dir=\"ltr\"><span id=\"m_8155548961644337855ydpbb854eaeyiv5892456209ydpb8fab5a4yui_3_13_0_ym1_1_1386399654814_3164\">\u00a0<\/span><\/div>\n<h5 dir=\"ltr\"><span id=\"m_8155548961644337855ydpbb854eaeyiv5892456209ydpb8fab5a4yui_3_13_0_ym1_1_1386399654814_3164\"><b>Etape 1 &#8211; Choisir ses dates<\/b><\/span><\/h5>\n<div dir=\"ltr\"><span id=\"m_8155548961644337855ydpbb854eaeyiv5892456209ydpb8fab5a4yui_3_13_0_ym1_1_1386399654814_3164\">\u00a0<\/span><\/div>\n<div dir=\"ltr\"><span id=\"m_8155548961644337855ydpbb854eaeyiv5892456209ydpb8fab5a4yui_3_13_0_ym1_1_1386399654814_3164\">Pour organiser son voyage dentaire \u00e0 Budapest, il suffit de contacter le bureau local de la clinique Kreativ Dental (en Belgique, en France ou en Suisse) pour convenir d&rsquo;une date de rendez-vous.<\/span><\/div>\n<div dir=\"ltr\"><span id=\"m_8155548961644337855ydpbb854eaeyiv5892456209ydpb8fab5a4yui_3_13_0_ym1_1_1386399654814_3164\">\u00a0<\/span><\/div>\n<h5 dir=\"ltr\"><span id=\"m_8155548961644337855ydpbb854eaeyiv5892456209ydpb8fab5a4yui_3_13_0_ym1_1_1386399654814_3164\"><b>Etape 2 &#8211; R\u00e9server le vol<\/b><\/span><\/h5>\n<div dir=\"ltr\"><span id=\"m_8155548961644337855ydpbb854eaeyiv5892456209ydpb8fab5a4yui_3_13_0_ym1_1_1386399654814_3164\">\u00a0<\/span><\/div>\n<div dir=\"ltr\"><span id=\"m_8155548961644337855ydpbb854eaeyiv5892456209ydpb8fab5a4yui_3_13_0_ym1_1_1386399654814_3164\">Kreativ Dental peut assister les patients pour trouver les vols les moins chers;\u00e0 destination de Budapest.<\/span><\/div>\n<div dir=\"ltr\"><span id=\"m_8155548961644337855ydpbb854eaeyiv5892456209ydpb8fab5a4yui_3_13_0_ym1_1_1386399654814_3164\">\u00a0<\/span><\/div>\n<h5 dir=\"ltr\"><span id=\"m_8155548961644337855ydpbb854eaeyiv5892456209ydpb8fab5a4yui_3_13_0_ym1_1_1386399654814_3164\"><b>Etape 3- R\u00e9server l&rsquo;hotel<\/b><\/span><\/h5>\n<div dir=\"ltr\"><span id=\"m_8155548961644337855ydpbb854eaeyiv5892456209ydpb8fab5a4yui_3_13_0_ym1_1_1386399654814_3164\">\u00a0<\/span><\/div>\n<div dir=\"ltr\"><span id=\"m_8155548961644337855ydpbb854eaeyiv5892456209ydpb8fab5a4yui_3_13_0_ym1_1_1386399654814_3164\">La clinique a n\u00e9gici\u00e9 des conditions sp\u00e9cifiques avec un certain nombre <a href=\"http:\/\/3.68.178.112.nip.io\/fr\/planning-your-visit-from-france\/hebergement\">d&rsquo;h\u00f4tels<\/a>. Pour b\u00e9n\u00e9ficier de ces tarifs lors du voyage dentaire \u00e0 Budapest, le patient peut en confier la r\u00e9servation \u00e0 Kreativ Dental<\/span><\/div>\n<div dir=\"ltr\"><span id=\"m_8155548961644337855ydpbb854eaeyiv5892456209ydpb8fab5a4yui_3_13_0_ym1_1_1386399654814_3164\">\u00a0<\/span><\/div>\n<h5 dir=\"ltr\"><span id=\"m_8155548961644337855ydpbb854eaeyiv5892456209ydpb8fab5a4yui_3_13_0_ym1_1_1386399654814_3164\"><b>Etape 4 &#8211; Confirmation<\/b><\/span><\/h5>\n<div dir=\"ltr\"><span id=\"m_8155548961644337855ydpbb854eaeyiv5892456209ydpb8fab5a4yui_3_13_0_ym1_1_1386399654814_3164\">\u00a0<\/span><\/div>\n<div dir=\"ltr\"><span id=\"m_8155548961644337855ydpbb854eaeyiv5892456209ydpb8fab5a4yui_3_13_0_ym1_1_1386399654814_3164\">Avant le d\u00e9part , Kreativ Dental envoie ) \u00e0 ses patients une confirmation des r\u00e9servationsi celles-ci ont \u00e9t\u00e9 effectu\u00e9es par son interm\u00e9diaire.<\/span><\/div>\n<div dir=\"ltr\">\u00a0<\/div>\n<h5 dir=\"ltr\"><span id=\"m_8155548961644337855ydpbb854eaeyiv5892456209ydpb8fab5a4yui_3_13_0_ym1_1_1386399654814_3164\"><b>Etape 5 &#8211; L&rsquo;arriv\u00e9e a Budapest<\/b><\/span><\/h5>\n<div dir=\"ltr\"><span id=\"m_8155548961644337855ydpbb854eaeyiv5892456209ydpb8fab5a4yui_3_13_0_ym1_1_1386399654814_3164\">\u00a0<\/span><\/div>\n<div dir=\"ltr\"><span id=\"m_8155548961644337855ydpbb854eaeyiv5892456209ydpb8fab5a4yui_3_13_0_ym1_1_1386399654814_3164\">\u00a0L&rsquo;\u00e9quipe Kreativ Dental accueille ses patients des l&rsquo;arriv\u00e9e \u00e0 l&rsquo;a\u00e9roport gr\u00e0ce \u00e0 son bureau se situant au terminal 2A juste \u00e0 votre droite en passant la douane. Le chauffeur de la clinique en remet une enveloppe mentionnant l&rsquo;heure d&rsquo;exacte de la consultation ainsi le nom du <a href=\"http:\/\/3.68.178.112.nip.io\/fr\/l-equipe-dentaire\">dentiste traitant<\/a>.<\/span><\/div>\n<div dir=\"ltr\"><span id=\"m_8155548961644337855ydpbb854eaeyiv5892456209ydpb8fab5a4yui_3_13_0_ym1_1_1386399654814_3164\">Kreativ Dental prend en charge le transfert d&rsquo;a\u00e9roport gracieusement.<\/span><\/div>\n<div dir=\"ltr\"><span id=\"m_8155548961644337855ydpbb854eaeyiv5892456209ydpb8fab5a4yui_3_13_0_ym1_1_1386399654814_3164\">Nos chauffeurs sont \u00e0 votre disposition pour vous emmener soit \u00e0 la clinique (si votre arriv\u00e9e est avant 13h) soit \u00e0 l&rsquo;adresse d&rsquo;h\u00e9bergement souhait\u00e9e (si votre arriv\u00e9e est apr\u00e8s 13h).<\/span><\/div>\n<div dir=\"ltr\"><span id=\"m_8155548961644337855ydpbb854eaeyiv5892456209ydpb8fab5a4yui_3_13_0_ym1_1_1386399654814_3164\">\u00a0<\/span><\/div>\n<h5 dir=\"ltr\"><span id=\"m_8155548961644337855ydpbb854eaeyiv5892456209ydpb8fab5a4yui_3_13_0_ym1_1_1386399654814_3164\"><b>Etape 6 -Consultation initiale<br clear=\"none\" \/><\/b><\/span><\/h5>\n<div dir=\"ltr\"><span id=\"m_8155548961644337855ydpbb854eaeyiv5892456209ydpb8fab5a4yui_3_13_0_ym1_1_1386399654814_3164\">\u00a0<\/span><\/div>\n<div dir=\"ltr\"><span id=\"m_8155548961644337855ydpbb854eaeyiv5892456209ydpb8fab5a4yui_3_13_0_ym1_1_1386399654814_3164\">La consultation intiale est gratuite (voir <a href=\"http:\/\/3.68.178.112.nip.io\/fr\/consultation-gratuite\"><b>Consultation initiale<\/b><\/a>)<\/span><\/div>\n<div dir=\"ltr\"><span id=\"m_8155548961644337855ydpbb854eaeyiv5892456209ydpb8fab5a4yui_3_13_0_ym1_1_1386399654814_3164\">Un service de navette est \u00e0 votre disposition entre l&rsquo;h\u00f4tel Ar\u00e9na 4* et la clinique pendant l&rsquo;heure d&rsquo;ouverture de la clinique (entre 7h30 et 17h en permanence).<\/span><\/div>\t\t\t\t\t\t<\/div>\n\t\t\t\t<\/div>\n\t\t\t\t\t<\/div>\n\t\t<\/div>\n\t\t\t\t\t\t\t<\/div>\n\t\t<\/section>\n\t\t\t\t<section class=\"elementor-section elementor-top-section elementor-element elementor-element-86ef954 elementor-section-boxed elementor-section-height-default elementor-section-height-default\" data-id=\"86ef954\" data-element_type=\"section\">\n\t\t\t\t\t\t<div class=\"elementor-container elementor-column-gap-default\">\n\t\t\t\t\t<div class=\"elementor-column elementor-col-100 elementor-top-column elementor-element elementor-element-3be195c\" data-id=\"3be195c\" data-element_type=\"column\">\n\t\t\t<div class=\"elementor-widget-wrap elementor-element-populated\">\n\t\t\t\t\t\t\t\t<div class=\"elementor-element elementor-element-764f830 elementor-widget elementor-widget-spacer\" data-id=\"764f830\" data-element_type=\"widget\" data-widget_type=\"spacer.default\">\n\t\t\t\t<div class=\"elementor-widget-container\">\n\t\t\t\t\t<div class=\"elementor-spacer\">\n\t\t\t<div class=\"elementor-spacer-inner\"><\/div>\n\t\t<\/div>\n\t\t\t\t<\/div>\n\t\t\t\t<\/div>\n\t\t\t\t<div class=\"elementor-element elementor-element-4751d7c elementor-align-center elementor-mobile-align-center elementor-widget-mobile__width-inherit btn2-hover elementor-widget elementor-widget-button\" data-id=\"4751d7c\" data-element_type=\"widget\" data-widget_type=\"button.default\">\n\t\t\t\t<div class=\"elementor-widget-container\">\n\t\t\t\t\t<div class=\"elementor-button-wrapper\">\n\t\t\t<a href=\"http:\/\/3.68.178.112.nip.io\/fr\/contact-mail\" class=\"elementor-button-link elementor-button elementor-size-sm\" role=\"button\">\n\t\t\t\t\t\t<span class=\"elementor-button-content-wrapper\">\n\t\t\t\t\t\t<span class=\"elementor-button-text\">Demandez plus d'informations sur les soins dentaires en Hongrie<\/span>\n\t\t<\/span>\n\t\t\t\t\t<\/a>\n\t\t<\/div>\n\t\t\t\t<\/div>\n\t\t\t\t<\/div>\n\t\t\t\t<div class=\"elementor-element elementor-element-5cac654 elementor-widget elementor-widget-spacer\" data-id=\"5cac654\" data-element_type=\"widget\" data-widget_type=\"spacer.default\">\n\t\t\t\t<div class=\"elementor-widget-container\">\n\t\t\t\t\t<div class=\"elementor-spacer\">\n\t\t\t<div class=\"elementor-spacer-inner\"><\/div>\n\t\t<\/div>\n\t\t\t\t<\/div>\n\t\t\t\t<\/div>\n\t\t\t\t\t<\/div>\n\t\t<\/div>\n\t\t\t\t\t\t\t<\/div>\n\t\t<\/section>\n\t\t\t\t\t\t\t<\/div>\n\t\t","protected":false},"excerpt":{"rendered":"<p>R\u00e9servez votre consultation maintenant \u00e0 la clinique \u00e0 Budapest en Hongrie Allier l&rsquo;utile \u00e0 l&rsquo;agr\u00e9able en profitant d&rsquo;une escapade au coeur de Budapest, capitale europ\u00e9enne dynamique de pr\u00e8s de 2 millions d&rsquo;habitants. Coup\u00e9e en deux par le Danube, cette\u00a0 ville plein de charme offre un r\u00e9el moment d&rsquo;\u00e9vasion. \u00a0 Comment cela fonctionne? \u00a0 Etape 1 [&hellip;]<\/p>\n","protected":false},"author":1,"featured_media":67,"parent":0,"menu_order":0,"comment_status":"closed","ping_status":"closed","template":"elementor_header_footer","meta":{"om_disable_all_campaigns":false,"_mi_skip_tracking":false},"aioseo_notices":[],"_links":{"self":[{"href":"http:\/\/3.68.178.112.nip.io\/fr\/wp-json\/wp\/v2\/pages\/63"}],"collection":[{"href":"http:\/\/3.68.178.112.nip.io\/fr\/wp-json\/wp\/v2\/pages"}],"about":[{"href":"http:\/\/3.68.178.112.nip.io\/fr\/wp-json\/wp\/v2\/types\/page"}],"author":[{"embeddable":true,"href":"http:\/\/3.68.178.112.nip.io\/fr\/wp-json\/wp\/v2\/users\/1"}],"replies":[{"embeddable":true,"href":"http:\/\/3.68.178.112.nip.io\/fr\/wp-json\/wp\/v2\/comments?post=63"}],"version-history":[{"count":25,"href":"http:\/\/3.68.178.112.nip.io\/fr\/wp-json\/wp\/v2\/pages\/63\/revisions"}],"predecessor-version":[{"id":5085,"href":"http:\/\/3.68.178.112.nip.io\/fr\/wp-json\/wp\/v2\/pages\/63\/revisions\/5085"}],"wp:featuredmedia":[{"embeddable":true,"href":"http:\/\/3.68.178.112.nip.io\/fr\/wp-json\/wp\/v2\/media\/67"}],"wp:attachment":[{"href":"http:\/\/3.68.178.112.nip.io\/fr\/wp-json\/wp\/v2\/media?parent=63"}],"curies":[{"name":"wp","href":"https:\/\/api.w.org\/{rel}","templated":true}]}}