{"id":8,"date":"2023-03-01T13:18:35","date_gmt":"2023-03-01T13:18:35","guid":{"rendered":"http:\/\/3.68.178.112.nip.io\/fr\/?page_id=8"},"modified":"2025-12-09T13:45:25","modified_gmt":"2025-12-09T13:45:25","slug":"couronnes-et-bridges-ceramiques","status":"publish","type":"page","link":"http:\/\/3.68.178.112.nip.io\/fr\/soins-dentaires\/couronnes-et-bridges-ceramiques","title":{"rendered":"Couronnes et bridges c\u00e9ramiques"},"content":{"rendered":"\t\t<div data-elementor-type=\"wp-page\" data-elementor-id=\"8\" class=\"elementor elementor-8\">\n\t\t\t\t\t\t\t\t\t<section class=\"elementor-section elementor-top-section elementor-element elementor-element-fc36da3 elementor-section-full_width elementor-section-height-min-height elementor-section-height-default elementor-section-items-middle\" data-id=\"fc36da3\" data-element_type=\"section\">\n\t\t\t\t\t\t<div class=\"elementor-container elementor-column-gap-no\">\n\t\t\t\t\t<div class=\"elementor-column elementor-col-100 elementor-top-column elementor-element elementor-element-a786463\" data-id=\"a786463\" data-element_type=\"column\">\n\t\t\t<div class=\"elementor-widget-wrap\">\n\t\t\t\t\t\t\t\t\t<\/div>\n\t\t<\/div>\n\t\t\t\t\t\t\t<\/div>\n\t\t<\/section>\n\t\t\t\t<section class=\"elementor-section elementor-top-section elementor-element elementor-element-cbb32c9 elementor-section-full_width elementor-section-height-min-height elementor-section-height-default elementor-section-items-middle\" data-id=\"cbb32c9\" data-element_type=\"section\">\n\t\t\t\t\t\t<div class=\"elementor-container elementor-column-gap-default\">\n\t\t\t\t\t<div class=\"elementor-column elementor-col-100 elementor-top-column elementor-element elementor-element-1fc1368\" data-id=\"1fc1368\" data-element_type=\"column\">\n\t\t\t<div class=\"elementor-widget-wrap elementor-element-populated\">\n\t\t\t\t\t\t\t\t<div class=\"elementor-element elementor-element-87758c0 elementor-invisible elementor-widget elementor-widget-heading\" data-id=\"87758c0\" data-element_type=\"widget\" data-settings=\"{&quot;_animation&quot;:&quot;fadeInDown&quot;}\" data-widget_type=\"heading.default\">\n\t\t\t\t<div class=\"elementor-widget-container\">\n\t\t\t<style>\/*! elementor - v3.11.1 - 15-02-2023 *\/\n.elementor-heading-title{padding:0;margin:0;line-height:1}.elementor-widget-heading .elementor-heading-title[class*=elementor-size-]>a{color:inherit;font-size:inherit;line-height:inherit}.elementor-widget-heading .elementor-heading-title.elementor-size-small{font-size:15px}.elementor-widget-heading .elementor-heading-title.elementor-size-medium{font-size:19px}.elementor-widget-heading .elementor-heading-title.elementor-size-large{font-size:29px}.elementor-widget-heading .elementor-heading-title.elementor-size-xl{font-size:39px}.elementor-widget-heading .elementor-heading-title.elementor-size-xxl{font-size:59px}<\/style><h1 class=\"elementor-heading-title elementor-size-default\">Couronnes et bridges c\u00e9ramiques<\/h1>\t\t<\/div>\n\t\t\t\t<\/div>\n\t\t\t\t<div class=\"elementor-element elementor-element-11e3a3b elementor-widget elementor-widget-spacer\" data-id=\"11e3a3b\" data-element_type=\"widget\" data-widget_type=\"spacer.default\">\n\t\t\t\t<div class=\"elementor-widget-container\">\n\t\t\t<style>\/*! elementor - v3.11.1 - 15-02-2023 *\/\n.elementor-column .elementor-spacer-inner{height:var(--spacer-size)}.e-con{--container-widget-width:100%}.e-con-inner>.elementor-widget-spacer,.e-con>.elementor-widget-spacer{width:var(--container-widget-width,var(--spacer-size));--align-self:var(--container-widget-align-self,initial);--flex-shrink:0}.e-con-inner>.elementor-widget-spacer>.elementor-widget-container,.e-con-inner>.elementor-widget-spacer>.elementor-widget-container>.elementor-spacer,.e-con>.elementor-widget-spacer>.elementor-widget-container,.e-con>.elementor-widget-spacer>.elementor-widget-container>.elementor-spacer{height:100%}.e-con-inner>.elementor-widget-spacer>.elementor-widget-container>.elementor-spacer>.elementor-spacer-inner,.e-con>.elementor-widget-spacer>.elementor-widget-container>.elementor-spacer>.elementor-spacer-inner{height:var(--container-widget-height,var(--spacer-size))}<\/style>\t\t<div class=\"elementor-spacer\">\n\t\t\t<div class=\"elementor-spacer-inner\"><\/div>\n\t\t<\/div>\n\t\t\t\t<\/div>\n\t\t\t\t<\/div>\n\t\t\t\t\t<\/div>\n\t\t<\/div>\n\t\t\t\t\t\t\t<\/div>\n\t\t<\/section>\n\t\t\t\t<section class=\"elementor-section elementor-top-section elementor-element elementor-element-f3583e0 elementor-section-boxed elementor-section-height-default elementor-section-height-default\" data-id=\"f3583e0\" data-element_type=\"section\">\n\t\t\t\t\t\t<div class=\"elementor-container elementor-column-gap-default\">\n\t\t\t\t\t<div class=\"elementor-column elementor-col-100 elementor-top-column elementor-element elementor-element-394d25d\" data-id=\"394d25d\" data-element_type=\"column\">\n\t\t\t<div class=\"elementor-widget-wrap elementor-element-populated\">\n\t\t\t\t\t\t\t\t<div class=\"elementor-element elementor-element-922244a elementor-align-center elementor-mobile-align-center elementor-widget-mobile__width-inherit btn2-hover elementor-widget elementor-widget-button\" data-id=\"922244a\" data-element_type=\"widget\" data-widget_type=\"button.default\">\n\t\t\t\t<div class=\"elementor-widget-container\">\n\t\t\t\t\t<div class=\"elementor-button-wrapper\">\n\t\t\t<a href=\"http:\/\/3.68.178.112.nip.io\/fr\/contact-mail\" class=\"elementor-button-link elementor-button elementor-size-sm\" role=\"button\">\n\t\t\t\t\t\t<span class=\"elementor-button-content-wrapper\">\n\t\t\t\t\t\t<span class=\"elementor-button-text\">R\u00e9servez votre consultation maintenant \u00e0 la clinique \u00e0 Budapest en Hongrie<\/span>\n\t\t<\/span>\n\t\t\t\t\t<\/a>\n\t\t<\/div>\n\t\t\t\t<\/div>\n\t\t\t\t<\/div>\n\t\t\t\t<div class=\"elementor-element elementor-element-49c327d elementor-widget elementor-widget-spacer\" data-id=\"49c327d\" data-element_type=\"widget\" data-widget_type=\"spacer.default\">\n\t\t\t\t<div class=\"elementor-widget-container\">\n\t\t\t\t\t<div class=\"elementor-spacer\">\n\t\t\t<div class=\"elementor-spacer-inner\"><\/div>\n\t\t<\/div>\n\t\t\t\t<\/div>\n\t\t\t\t<\/div>\n\t\t\t\t\t<\/div>\n\t\t<\/div>\n\t\t\t\t\t\t\t<\/div>\n\t\t<\/section>\n\t\t\t\t<section class=\"elementor-section elementor-top-section elementor-element elementor-element-e9f37a5 elementor-section-boxed elementor-section-height-default elementor-section-height-default\" data-id=\"e9f37a5\" data-element_type=\"section\">\n\t\t\t\t\t\t<div class=\"elementor-container elementor-column-gap-default\">\n\t\t\t\t\t<div class=\"elementor-column elementor-col-100 elementor-top-column elementor-element elementor-element-ffe2591\" data-id=\"ffe2591\" data-element_type=\"column\">\n\t\t\t<div class=\"elementor-widget-wrap elementor-element-populated\">\n\t\t\t\t\t\t\t\t<div class=\"elementor-element elementor-element-10fd204 elementor-widget elementor-widget-text-editor\" data-id=\"10fd204\" data-element_type=\"widget\" data-widget_type=\"text-editor.default\">\n\t\t\t\t<div class=\"elementor-widget-container\">\n\t\t\t<style>\/*! elementor - v3.11.1 - 15-02-2023 *\/\n.elementor-widget-text-editor.elementor-drop-cap-view-stacked .elementor-drop-cap{background-color:#818a91;color:#fff}.elementor-widget-text-editor.elementor-drop-cap-view-framed .elementor-drop-cap{color:#818a91;border:3px solid;background-color:transparent}.elementor-widget-text-editor:not(.elementor-drop-cap-view-default) .elementor-drop-cap{margin-top:8px}.elementor-widget-text-editor:not(.elementor-drop-cap-view-default) .elementor-drop-cap-letter{width:1em;height:1em}.elementor-widget-text-editor .elementor-drop-cap{float:left;text-align:center;line-height:1;font-size:50px}.elementor-widget-text-editor .elementor-drop-cap-letter{display:inline-block}<\/style>\t\t\t\t<h4 class=\"h4\">Qu\u2019est-ce qu\u2019une couronne dentaire\u00a0?<\/h4>\n<p>La couronne est la partie visible de la dent, sa partie invisible \u00e9tant constitu\u00e9e par la racine. Par extension, la couronne dentaire d\u00e9signe aussi la proth\u00e8se qui vient remplacer cette partie apparente de la dent.<\/p>\t\t\t\t\t\t<\/div>\n\t\t\t\t<\/div>\n\t\t\t\t<section class=\"elementor-section elementor-inner-section elementor-element elementor-element-79964a1 elementor-section-boxed elementor-section-height-default elementor-section-height-default\" data-id=\"79964a1\" data-element_type=\"section\">\n\t\t\t\t\t\t<div class=\"elementor-container elementor-column-gap-default\">\n\t\t\t\t\t<div class=\"elementor-column elementor-col-50 elementor-inner-column elementor-element elementor-element-0072c12\" data-id=\"0072c12\" data-element_type=\"column\">\n\t\t\t<div class=\"elementor-widget-wrap elementor-element-populated\">\n\t\t\t\t\t\t\t\t<div class=\"elementor-element elementor-element-e7a63ac elementor-widget elementor-widget-html\" data-id=\"e7a63ac\" data-element_type=\"widget\" data-widget_type=\"html.default\">\n\t\t\t\t<div class=\"elementor-widget-container\">\n\t\t\t<iframe style=\"width: 400px; height: 225px;\" src=\"https:\/\/www.medivision.co.uk\/Dental\/webpakonline.php?id=106&amp;icon=1\" frameborder=\"0\" marginwidth=\"1\" marginheight=\"1\" scrolling=\"no\" data-mce-src=\"https:\/\/www.medivision.co.uk\/Dental\/webpakonline.php?id=106&amp;icon=1\" data-mce-style=\"width: 400px; height: 225px;\"><\/iframe>\t\t<\/div>\n\t\t\t\t<\/div>\n\t\t\t\t\t<\/div>\n\t\t<\/div>\n\t\t\t\t<div class=\"elementor-column elementor-col-50 elementor-inner-column elementor-element elementor-element-ee8d8fc\" data-id=\"ee8d8fc\" data-element_type=\"column\">\n\t\t\t<div class=\"elementor-widget-wrap elementor-element-populated\">\n\t\t\t\t\t\t\t\t<div class=\"elementor-element elementor-element-ed7ae2d elementor-widget elementor-widget-text-editor\" data-id=\"ed7ae2d\" data-element_type=\"widget\" data-widget_type=\"text-editor.default\">\n\t\t\t\t<div class=\"elementor-widget-container\">\n\t\t\t\t\t\t\t<p>Elle prend la forme d\u2019un capuchon, lequel recouvre ce qui reste de la dent afin d\u2019en reconstituer une nouvelle. La pose d\u2019une couronne poursuit deux principaux objectifs\u00a0: <strong>solidifier une dent<\/strong> d\u00e9labr\u00e9e ou d\u00e9vitalis\u00e9e et <strong>restaurer la dentition<\/strong> pour rendre plus esth\u00e9tique un sourire.<\/p>\n<p>Diff\u00e9rents types de <strong>couronnes dentaires<\/strong> sont utilis\u00e9es par les dentistes a la clinique Kreativ Dental. Les proth\u00e8ses se distinguent entre elles par leurs mat\u00e9riaux et leurs techniques de fabrication. Ce sont essentiellement ces facteurs qui d\u00e9terminent le prix des couronnes dentaires.<\/p>\t\t\t\t\t\t<\/div>\n\t\t\t\t<\/div>\n\t\t\t\t\t<\/div>\n\t\t<\/div>\n\t\t\t\t\t\t\t<\/div>\n\t\t<\/section>\n\t\t\t\t<div class=\"elementor-element elementor-element-aa7455d elementor-widget elementor-widget-spacer\" data-id=\"aa7455d\" data-element_type=\"widget\" data-widget_type=\"spacer.default\">\n\t\t\t\t<div class=\"elementor-widget-container\">\n\t\t\t\t\t<div class=\"elementor-spacer\">\n\t\t\t<div class=\"elementor-spacer-inner\"><\/div>\n\t\t<\/div>\n\t\t\t\t<\/div>\n\t\t\t\t<\/div>\n\t\t\t\t\t<\/div>\n\t\t<\/div>\n\t\t\t\t\t\t\t<\/div>\n\t\t<\/section>\n\t\t\t\t<section class=\"elementor-section elementor-top-section elementor-element elementor-element-bce64e5 elementor-section-boxed elementor-section-height-default elementor-section-height-default\" data-id=\"bce64e5\" data-element_type=\"section\">\n\t\t\t\t\t\t<div class=\"elementor-container elementor-column-gap-default\">\n\t\t\t\t\t<div class=\"elementor-column elementor-col-100 elementor-top-column elementor-element elementor-element-853f2b8\" data-id=\"853f2b8\" data-element_type=\"column\">\n\t\t\t<div class=\"elementor-widget-wrap elementor-element-populated\">\n\t\t\t\t\t\t\t\t<section class=\"elementor-section elementor-inner-section elementor-element elementor-element-a213d3c elementor-section-boxed elementor-section-height-default elementor-section-height-default\" data-id=\"a213d3c\" data-element_type=\"section\">\n\t\t\t\t\t\t<div class=\"elementor-container elementor-column-gap-default\">\n\t\t\t\t\t<div class=\"elementor-column elementor-col-50 elementor-inner-column elementor-element elementor-element-4726df4\" data-id=\"4726df4\" data-element_type=\"column\">\n\t\t\t<div class=\"elementor-widget-wrap elementor-element-populated\">\n\t\t\t\t\t\t\t\t<div class=\"elementor-element elementor-element-17d54d1 elementor-widget elementor-widget-text-editor\" data-id=\"17d54d1\" data-element_type=\"widget\" data-widget_type=\"text-editor.default\">\n\t\t\t\t<div class=\"elementor-widget-container\">\n\t\t\t\t\t\t\t<p>On distingue trois grandes familles de couronnes\u00a0:<\/p>\n<ul>\n<li>Les couronnes m\u00e9talliques<\/li>\n<li>Les couronnes c\u00e9ramo-m\u00e9talliques<\/li>\n<li>Les couronnes c\u00e9ramo-c\u00e9ramiques ou tout-c\u00e9ramique<\/li>\n<\/ul>\n<p>Beaucoup de progr\u00e8s ont \u00e9t\u00e9 accomplis ces derni\u00e8res ann\u00e9es, notamment en mati\u00e8re de <a title=\"couronne c\u00e9ramique\" href=\"https:\/\/www.elone-clinic.com\/Couronnes-dentaires_a24.html\" target=\"_blank\" rel=\"noopener\">couronne c\u00e9ramique<\/a>. Les proth\u00e8ses les plus r\u00e9centes assurent \u00e0 la fois une grande r\u00e9sistance, une longue esp\u00e9rance de vie et un r\u00e9sultat esth\u00e9tique toujours plus naturel.<\/p>\t\t\t\t\t\t<\/div>\n\t\t\t\t<\/div>\n\t\t\t\t\t<\/div>\n\t\t<\/div>\n\t\t\t\t<div class=\"elementor-column elementor-col-50 elementor-inner-column elementor-element elementor-element-d8208a0\" data-id=\"d8208a0\" data-element_type=\"column\">\n\t\t\t<div class=\"elementor-widget-wrap elementor-element-populated\">\n\t\t\t\t\t\t\t\t<div class=\"elementor-element elementor-element-219219e elementor-widget elementor-widget-html\" data-id=\"219219e\" data-element_type=\"widget\" data-widget_type=\"html.default\">\n\t\t\t\t<div class=\"elementor-widget-container\">\n\t\t\t<iframe style=\"width: 400px; height: 225px;\" src=\"https:\/\/www.medivision.co.uk\/Dental\/webpakonline.php?id=118&amp;icon=1\" frameborder=\"0\" marginwidth=\"1\" marginheight=\"1\" scrolling=\"no\" data-mce-src=\"https:\/\/www.medivision.co.uk\/Dental\/webpakonline.php?id=118&amp;icon=1\" data-mce-style=\"width: 400px; height: 225px;\"><\/iframe>\t\t<\/div>\n\t\t\t\t<\/div>\n\t\t\t\t\t<\/div>\n\t\t<\/div>\n\t\t\t\t\t\t\t<\/div>\n\t\t<\/section>\n\t\t\t\t<div class=\"elementor-element elementor-element-1dc2346 elementor-widget elementor-widget-spacer\" data-id=\"1dc2346\" data-element_type=\"widget\" data-widget_type=\"spacer.default\">\n\t\t\t\t<div class=\"elementor-widget-container\">\n\t\t\t\t\t<div class=\"elementor-spacer\">\n\t\t\t<div class=\"elementor-spacer-inner\"><\/div>\n\t\t<\/div>\n\t\t\t\t<\/div>\n\t\t\t\t<\/div>\n\t\t\t\t\t<\/div>\n\t\t<\/div>\n\t\t\t\t\t\t\t<\/div>\n\t\t<\/section>\n\t\t\t\t<section class=\"elementor-section elementor-top-section elementor-element elementor-element-b064be1 elementor-section-boxed elementor-section-height-default elementor-section-height-default\" data-id=\"b064be1\" data-element_type=\"section\">\n\t\t\t\t\t\t<div class=\"elementor-container elementor-column-gap-default\">\n\t\t\t\t\t<div class=\"elementor-column elementor-col-100 elementor-top-column elementor-element elementor-element-26a16d63\" data-id=\"26a16d63\" data-element_type=\"column\">\n\t\t\t<div class=\"elementor-widget-wrap elementor-element-populated\">\n\t\t\t\t\t\t\t\t<div class=\"elementor-element elementor-element-55209d57 elementor-widget elementor-widget-text-editor\" data-id=\"55209d57\" data-element_type=\"widget\" data-widget_type=\"text-editor.default\">\n\t\t\t\t<div class=\"elementor-widget-container\">\n\t\t\t\t\t\t\t<h2 class=\"h4\">Pourquoi ai-je besoin de me faire poser une couronne ?<\/h2>\n<p>Votre dentiste vous sugg\u00e9rera la pose d&rsquo;une couronne si :<\/p>\n<ul>\n<li><strong>Votre dent est d\u00e9vitalis\u00e9e<\/strong> : la couronne prot\u00e9gera alors les tissus restants de la dent ;<\/li>\n<li><strong>Votre dent est fractur\u00e9e<\/strong> sur une partie visible ;<\/li>\n<li><strong>Vous devez vous faire poser un implant<\/strong>\u00a0: la couronne sera viss\u00e9e sur l&rsquo;implant ;<\/li>\n<li><strong>Vous devez vous faire poser un\u00a0bridge\u00a0sur une dent qui n&rsquo;est pas saine<\/strong> :\u00a0les couronnes servent alors de pilier au bridge ;<\/li>\n<li><strong>Votre dent a un aspect esth\u00e9tique qui ne vous convient pas<\/strong>.<\/li>\n<\/ul>\n<h2 class=\"h4\">Couronnes c\u00e9ramo-m\u00e9talliques<\/h2>\n<p>Ce type de proth\u00e8ses r\u00e9unit la <strong>r\u00e9sistance du m\u00e9tal<\/strong> et les <strong>qualit\u00e9s esth\u00e9tiques de la c\u00e9ramique<\/strong>. La couronne c\u00e9ramo-m\u00e9tallique est constitu\u00e9e d\u2019une <strong>armature en m\u00e9tal<\/strong> et d\u2019une <strong>proth\u00e8se en porcelaine<\/strong> dont la teinte et l\u2019apparence se rapprochent de l\u2019aspect naturel des autres dents. Elle est tr\u00e8s solide, pr\u00e9sente une longue dur\u00e9e de vie et pr\u00e9serve les dents qui lui sont oppos\u00e9es.<\/p>\n<p>Ce type de couronnes pr\u00e9sente toutefois un inconv\u00e9nient. Avec le temps, la gencive s\u2019use naturellement et laisse appara\u00eetre le m\u00e9tal de la couronne, <strong>un fin liser\u00e9 gris<\/strong> que l\u2019on distingue au niveau du collet de la dent. Le laboratoire de la clinique Kreativ Dental ne fait presque plus ce type de couronne.<\/p>\n<h2 class=\"h4\">Couronne c\u00e9ramique sur zircone<\/h2>\n<p>Couronne c\u00e9ramique sur zircone rel\u00e8ve d\u2019un proc\u00e9d\u00e9 r\u00e9cent de fabrication. La proth\u00e8se est constitu\u00e9e d\u2019une <strong>\u00e2me en oxyde de zirconium<\/strong>, un mat\u00e9riau solide, r\u00e9sistant et blanc. Ce \u00ab\u00a0noyau\u00a0\u00bb est recouvert de <strong>couches de c\u00e9ramiques<\/strong> dont l\u2019aspect est similaire \u00e0 celui de l\u2019\u00e9mail dentaire naturel.<\/p>\n<p>Il existe aussi des couronnes \u00ab\u00a0full-zircone\u00a0\u00bb, que l\u2019on appelle parfois \u00ab\u00a0zircone anatomique monobloc\u00a0\u00bb.<\/p>\n<h2 class=\"h4\">Couronne c\u00e9ramique press\u00e9e E-max<\/h2>\n<p>Il s\u2019agit l\u00e0 d\u2019une couronne dentaire haut de gamme, dont le mat\u00e9riau et le proc\u00e9d\u00e9 de fabrication ont \u00e9t\u00e9 mis au point par une soci\u00e9t\u00e9 sp\u00e9cialis\u00e9e dans la c\u00e9ramique dentaire et bas\u00e9e au Liechtenstein\u00a0: Invola Vivadent. Cette proth\u00e8se est enti\u00e8rement compos\u00e9e de c\u00e9ramique. Plus pr\u00e9cis\u00e9ment, la c\u00e9ramique E-max est une vitroc\u00e9ramique de lithium. A l\u2019\u00e9tat liquide, elle est press\u00e9e en cylindre dans un moule de la forme de la dent \u00e0 reconstituer et selon la technique de la cire perdue. Nos cliniques dentaires (Kreativ Dental 1 et Kreativ Dental 2) a Budapest posent ce type de coronne qutidiennement, quand il s\u2019agit des couronnes individuelles (A cause de sa fragilit\u00e9, nous ne pr\u00e9parons pas de bridge de ce mat\u00e9riel)<\/p>\n<p>La couronne c\u00e9ramique E-max offre un r\u00e9sultat esth\u00e9tique parfait, que ce soit au niveau de la teinte et de son aspect fin et translucide. Pour autant, elle est d\u00e9conseill\u00e9e si les autres dents sont fortement color\u00e9es.<\/p>\n<h2 class=\"h4\">Couronne In-Ceram<\/h2>\n<p>Cette couronne est \u00e9galement fabriqu\u00e9e <strong>enti\u00e8rement en c\u00e9ramique<\/strong>. Le proc\u00e9d\u00e9 \u00ab\u00a0In-Ceram\u00a0\u00bb a \u00e9t\u00e9 cr\u00e9\u00e9 par une entreprise Allemande\u00a0: Vita. Il s\u2019agit ici d\u2019une <strong>c\u00e9ramique infiltr\u00e9e<\/strong>, laquelle est <strong>hautement r\u00e9sistante<\/strong>. Les couronnes In-Ceram sont \u00e9galement <strong>assez opaques<\/strong>, ce qui les rend moins naturelles que d\u2019autres types de proth\u00e8ses tout-c\u00e9ramique<\/p>\n<h2 class=\"h4\">Dur\u00e9e de vie<\/h2>\n<p>La dur\u00e9e de vie d&rsquo;une couronne dentaire varie en fonction de la personne et de ses habitudes d&rsquo;hygi\u00e8ne buccale. Elles peuvent durer entre 10 et 20 ans, certaines, comme <a title=\"les couronnes c\u00e9ramiques\" href=\"https:\/\/www.elone-clinic.com\/Couronnes-dentaires_a24.html\" target=\"_blank\" rel=\"noopener\">les couronnes c\u00e9ramiques<\/a> peuvent m\u00eame durer plus longtemps que cela ! Ces types de couronnes n\u00e9cessitent des visites r\u00e9guli\u00e8res chez votre dentiste afin de les garder intactes, ce qui vous aidera \u00e9galement \u00e0 prolonger la dur\u00e9e pendant laquelle vous pouvez manger ou boire les aliments qu&rsquo;il vous autorise \u00e0 consommer apr\u00e8s leur mise en place. Chez Kreativ Dental a Budapest, nous recommandons de revenir a la clinique une fois par an dans le cadre de control annuel, afin de pouvoir assurer le meilleur rendement de nos couronnes pos\u00e9es. Kreativ Dental vous apporte une dur\u00e9e de garantie exceptionnelle. Il s\u2019agit de 5 ans. En cas de la pr\u00e9paration de vos couronnes avec la technique Arcus Digma 2, la dur\u00e9e sera prolong\u00e9e a 6 ans.<\/p>\t\t\t\t\t\t<\/div>\n\t\t\t\t<\/div>\n\t\t\t\t\t<\/div>\n\t\t<\/div>\n\t\t\t\t\t\t\t<\/div>\n\t\t<\/section>\n\t\t\t\t<section class=\"elementor-section elementor-top-section elementor-element elementor-element-a42879a elementor-section-boxed elementor-section-height-default elementor-section-height-default\" data-id=\"a42879a\" data-element_type=\"section\">\n\t\t\t\t\t\t<div class=\"elementor-container elementor-column-gap-default\">\n\t\t\t\t\t<div class=\"elementor-column elementor-col-100 elementor-top-column elementor-element elementor-element-7ed6695\" data-id=\"7ed6695\" data-element_type=\"column\">\n\t\t\t<div class=\"elementor-widget-wrap elementor-element-populated\">\n\t\t\t\t\t\t\t\t<div class=\"elementor-element elementor-element-0c0968a elementor-widget elementor-widget-spacer\" data-id=\"0c0968a\" data-element_type=\"widget\" data-widget_type=\"spacer.default\">\n\t\t\t\t<div class=\"elementor-widget-container\">\n\t\t\t\t\t<div class=\"elementor-spacer\">\n\t\t\t<div class=\"elementor-spacer-inner\"><\/div>\n\t\t<\/div>\n\t\t\t\t<\/div>\n\t\t\t\t<\/div>\n\t\t\t\t<div class=\"elementor-element elementor-element-d9d5f4c elementor-align-center elementor-mobile-align-center elementor-widget-mobile__width-inherit btn2-hover elementor-widget elementor-widget-button\" data-id=\"d9d5f4c\" data-element_type=\"widget\" data-widget_type=\"button.default\">\n\t\t\t\t<div class=\"elementor-widget-container\">\n\t\t\t\t\t<div class=\"elementor-button-wrapper\">\n\t\t\t<a href=\"http:\/\/3.68.178.112.nip.io\/fr\/contact-mail\" class=\"elementor-button-link elementor-button elementor-size-sm\" role=\"button\">\n\t\t\t\t\t\t<span class=\"elementor-button-content-wrapper\">\n\t\t\t\t\t\t<span class=\"elementor-button-text\">Demandez plus d'informations sur les soins dentaires en Hongrie<\/span>\n\t\t<\/span>\n\t\t\t\t\t<\/a>\n\t\t<\/div>\n\t\t\t\t<\/div>\n\t\t\t\t<\/div>\n\t\t\t\t<div class=\"elementor-element elementor-element-a4930de elementor-widget elementor-widget-spacer\" data-id=\"a4930de\" data-element_type=\"widget\" data-widget_type=\"spacer.default\">\n\t\t\t\t<div class=\"elementor-widget-container\">\n\t\t\t\t\t<div class=\"elementor-spacer\">\n\t\t\t<div class=\"elementor-spacer-inner\"><\/div>\n\t\t<\/div>\n\t\t\t\t<\/div>\n\t\t\t\t<\/div>\n\t\t\t\t\t<\/div>\n\t\t<\/div>\n\t\t\t\t\t\t\t<\/div>\n\t\t<\/section>\n\t\t\t\t\t\t\t<\/div>\n\t\t","protected":false},"excerpt":{"rendered":"<p>R\u00e9servez votre consultation maintenant \u00e0 la clinique \u00e0 Budapest en Hongrie Qu\u2019est-ce qu\u2019une couronne dentaire\u00a0? La couronne est la partie visible de la dent, sa partie invisible \u00e9tant constitu\u00e9e par la racine. Par extension, la couronne dentaire d\u00e9signe aussi la proth\u00e8se qui vient remplacer cette partie apparente de la dent. Elle prend la forme d\u2019un [&hellip;]<\/p>\n","protected":false},"author":1,"featured_media":2432,"parent":11,"menu_order":1,"comment_status":"closed","ping_status":"closed","template":"elementor_header_footer","meta":{"om_disable_all_campaigns":false,"_mi_skip_tracking":false},"aioseo_notices":[],"_links":{"self":[{"href":"http:\/\/3.68.178.112.nip.io\/fr\/wp-json\/wp\/v2\/pages\/8"}],"collection":[{"href":"http:\/\/3.68.178.112.nip.io\/fr\/wp-json\/wp\/v2\/pages"}],"about":[{"href":"http:\/\/3.68.178.112.nip.io\/fr\/wp-json\/wp\/v2\/types\/page"}],"author":[{"embeddable":true,"href":"http:\/\/3.68.178.112.nip.io\/fr\/wp-json\/wp\/v2\/users\/1"}],"replies":[{"embeddable":true,"href":"http:\/\/3.68.178.112.nip.io\/fr\/wp-json\/wp\/v2\/comments?post=8"}],"version-history":[{"count":34,"href":"http:\/\/3.68.178.112.nip.io\/fr\/wp-json\/wp\/v2\/pages\/8\/revisions"}],"predecessor-version":[{"id":5226,"href":"http:\/\/3.68.178.112.nip.io\/fr\/wp-json\/wp\/v2\/pages\/8\/revisions\/5226"}],"up":[{"embeddable":true,"href":"http:\/\/3.68.178.112.nip.io\/fr\/wp-json\/wp\/v2\/pages\/11"}],"wp:featuredmedia":[{"embeddable":true,"href":"http:\/\/3.68.178.112.nip.io\/fr\/wp-json\/wp\/v2\/media\/2432"}],"wp:attachment":[{"href":"http:\/\/3.68.178.112.nip.io\/fr\/wp-json\/wp\/v2\/media?parent=8"}],"curies":[{"name":"wp","href":"https:\/\/api.w.org\/{rel}","templated":true}]}}