{"id":231,"date":"2023-06-13T09:26:12","date_gmt":"2023-06-13T09:26:12","guid":{"rendered":"http:\/\/3.68.178.112.nip.io\/it\/?page_id=231"},"modified":"2025-12-12T14:02:14","modified_gmt":"2025-12-12T14:02:14","slug":"trattamento-gnatologico","status":"publish","type":"page","link":"http:\/\/3.68.178.112.nip.io\/it\/trattamenti-dentistici\/trattamento-gnatologico","title":{"rendered":"Trattamento Gnatologico"},"content":{"rendered":"\t\t<div data-elementor-type=\"wp-page\" data-elementor-id=\"231\" class=\"elementor elementor-231\">\n\t\t\t\t\t\t\t\t\t<section class=\"elementor-section elementor-top-section elementor-element elementor-element-678e960 elementor-section-full_width elementor-section-height-min-height elementor-section-height-default elementor-section-items-middle\" data-id=\"678e960\" data-element_type=\"section\">\n\t\t\t\t\t\t<div class=\"elementor-container elementor-column-gap-no\">\n\t\t\t\t\t<div class=\"elementor-column elementor-col-100 elementor-top-column elementor-element elementor-element-59aa889\" data-id=\"59aa889\" data-element_type=\"column\">\n\t\t\t<div class=\"elementor-widget-wrap\">\n\t\t\t\t\t\t\t\t\t<\/div>\n\t\t<\/div>\n\t\t\t\t\t\t\t<\/div>\n\t\t<\/section>\n\t\t\t\t<section class=\"elementor-section elementor-top-section elementor-element elementor-element-0f62474 elementor-section-full_width elementor-section-height-min-height elementor-section-height-default elementor-section-items-middle\" data-id=\"0f62474\" data-element_type=\"section\">\n\t\t\t\t\t\t<div class=\"elementor-container elementor-column-gap-default\">\n\t\t\t\t\t<div class=\"elementor-column elementor-col-100 elementor-top-column elementor-element elementor-element-0ba7952\" data-id=\"0ba7952\" data-element_type=\"column\">\n\t\t\t<div class=\"elementor-widget-wrap elementor-element-populated\">\n\t\t\t\t\t\t\t\t<div class=\"elementor-element elementor-element-76e73ce elementor-invisible elementor-widget elementor-widget-heading\" data-id=\"76e73ce\" data-element_type=\"widget\" data-settings=\"{&quot;_animation&quot;:&quot;fadeInDown&quot;}\" data-widget_type=\"heading.default\">\n\t\t\t\t<div class=\"elementor-widget-container\">\n\t\t\t<style>\/*! elementor - v3.11.1 - 15-02-2023 *\/\n.elementor-heading-title{padding:0;margin:0;line-height:1}.elementor-widget-heading .elementor-heading-title[class*=elementor-size-]>a{color:inherit;font-size:inherit;line-height:inherit}.elementor-widget-heading .elementor-heading-title.elementor-size-small{font-size:15px}.elementor-widget-heading .elementor-heading-title.elementor-size-medium{font-size:19px}.elementor-widget-heading .elementor-heading-title.elementor-size-large{font-size:29px}.elementor-widget-heading .elementor-heading-title.elementor-size-xl{font-size:39px}.elementor-widget-heading .elementor-heading-title.elementor-size-xxl{font-size:59px}<\/style><h1 class=\"elementor-heading-title elementor-size-default\">Trattamento Gnatologico<\/h1>\t\t<\/div>\n\t\t\t\t<\/div>\n\t\t\t\t<div class=\"elementor-element elementor-element-3899c68 elementor-widget elementor-widget-spacer\" data-id=\"3899c68\" data-element_type=\"widget\" data-widget_type=\"spacer.default\">\n\t\t\t\t<div class=\"elementor-widget-container\">\n\t\t\t<style>\/*! elementor - v3.11.1 - 15-02-2023 *\/\n.elementor-column .elementor-spacer-inner{height:var(--spacer-size)}.e-con{--container-widget-width:100%}.e-con-inner>.elementor-widget-spacer,.e-con>.elementor-widget-spacer{width:var(--container-widget-width,var(--spacer-size));--align-self:var(--container-widget-align-self,initial);--flex-shrink:0}.e-con-inner>.elementor-widget-spacer>.elementor-widget-container,.e-con-inner>.elementor-widget-spacer>.elementor-widget-container>.elementor-spacer,.e-con>.elementor-widget-spacer>.elementor-widget-container,.e-con>.elementor-widget-spacer>.elementor-widget-container>.elementor-spacer{height:100%}.e-con-inner>.elementor-widget-spacer>.elementor-widget-container>.elementor-spacer>.elementor-spacer-inner,.e-con>.elementor-widget-spacer>.elementor-widget-container>.elementor-spacer>.elementor-spacer-inner{height:var(--container-widget-height,var(--spacer-size))}<\/style>\t\t<div class=\"elementor-spacer\">\n\t\t\t<div class=\"elementor-spacer-inner\"><\/div>\n\t\t<\/div>\n\t\t\t\t<\/div>\n\t\t\t\t<\/div>\n\t\t\t\t\t<\/div>\n\t\t<\/div>\n\t\t\t\t\t\t\t<\/div>\n\t\t<\/section>\n\t\t\t\t<section class=\"elementor-section elementor-top-section elementor-element elementor-element-a957e18 elementor-section-boxed elementor-section-height-default elementor-section-height-default\" data-id=\"a957e18\" data-element_type=\"section\">\n\t\t\t\t\t\t<div class=\"elementor-container elementor-column-gap-default\">\n\t\t\t\t\t<div class=\"elementor-column elementor-col-100 elementor-top-column elementor-element elementor-element-10040d3\" data-id=\"10040d3\" data-element_type=\"column\">\n\t\t\t<div class=\"elementor-widget-wrap elementor-element-populated\">\n\t\t\t\t\t\t\t\t<div class=\"elementor-element elementor-element-8126c0c elementor-align-center elementor-mobile-align-center elementor-widget-mobile__width-inherit btn2-hover elementor-widget elementor-widget-button\" data-id=\"8126c0c\" data-element_type=\"widget\" data-widget_type=\"button.default\">\n\t\t\t\t<div class=\"elementor-widget-container\">\n\t\t\t\t\t<div class=\"elementor-button-wrapper\">\n\t\t\t<a href=\"http:\/\/3.68.178.112.nip.io\/it\/contact-mail\" class=\"elementor-button-link elementor-button elementor-size-sm\" role=\"button\">\n\t\t\t\t\t\t<span class=\"elementor-button-content-wrapper\">\n\t\t\t\t\t\t<span class=\"elementor-button-text\">PRENOTA UN CONSULTO<\/span>\n\t\t<\/span>\n\t\t\t\t\t<\/a>\n\t\t<\/div>\n\t\t\t\t<\/div>\n\t\t\t\t<\/div>\n\t\t\t\t<div class=\"elementor-element elementor-element-d04d92e elementor-widget elementor-widget-spacer\" data-id=\"d04d92e\" data-element_type=\"widget\" data-widget_type=\"spacer.default\">\n\t\t\t\t<div class=\"elementor-widget-container\">\n\t\t\t\t\t<div class=\"elementor-spacer\">\n\t\t\t<div class=\"elementor-spacer-inner\"><\/div>\n\t\t<\/div>\n\t\t\t\t<\/div>\n\t\t\t\t<\/div>\n\t\t\t\t\t<\/div>\n\t\t<\/div>\n\t\t\t\t\t\t\t<\/div>\n\t\t<\/section>\n\t\t\t\t<section class=\"elementor-section elementor-top-section elementor-element elementor-element-753ff90b elementor-section-boxed elementor-section-height-default elementor-section-height-default\" data-id=\"753ff90b\" data-element_type=\"section\">\n\t\t\t\t\t\t<div class=\"elementor-container elementor-column-gap-default\">\n\t\t\t\t\t<div class=\"elementor-column elementor-col-50 elementor-top-column elementor-element elementor-element-008fccd\" data-id=\"008fccd\" data-element_type=\"column\">\n\t\t\t<div class=\"elementor-widget-wrap elementor-element-populated\">\n\t\t\t\t\t\t\t\t<div class=\"elementor-element elementor-element-5d2ab11 elementor-widget elementor-widget-html\" data-id=\"5d2ab11\" data-element_type=\"widget\" data-widget_type=\"html.default\">\n\t\t\t\t<div class=\"elementor-widget-container\">\n\t\t\t<iframe style=\"width: 400px; height: 225px;\" src=\"https:\/\/www.medivision.co.uk\/Dental\/webpakonline.php?id=153&amp;icon=1\" marginwidth=\"1\" marginheight=\"1\" scrolling=\"no\" frameborder=\"0\"><\/iframe>\t\t<\/div>\n\t\t\t\t<\/div>\n\t\t\t\t\t<\/div>\n\t\t<\/div>\n\t\t\t\t<div class=\"elementor-column elementor-col-50 elementor-top-column elementor-element elementor-element-79c9209b\" data-id=\"79c9209b\" data-element_type=\"column\">\n\t\t\t<div class=\"elementor-widget-wrap elementor-element-populated\">\n\t\t\t\t\t\t\t\t<div class=\"elementor-element elementor-element-61a4eb91 elementor-widget elementor-widget-text-editor\" data-id=\"61a4eb91\" data-element_type=\"widget\" data-widget_type=\"text-editor.default\">\n\t\t\t\t<div class=\"elementor-widget-container\">\n\t\t\t<style>\/*! elementor - v3.11.1 - 15-02-2023 *\/\n.elementor-widget-text-editor.elementor-drop-cap-view-stacked .elementor-drop-cap{background-color:#818a91;color:#fff}.elementor-widget-text-editor.elementor-drop-cap-view-framed .elementor-drop-cap{color:#818a91;border:3px solid;background-color:transparent}.elementor-widget-text-editor:not(.elementor-drop-cap-view-default) .elementor-drop-cap{margin-top:8px}.elementor-widget-text-editor:not(.elementor-drop-cap-view-default) .elementor-drop-cap-letter{width:1em;height:1em}.elementor-widget-text-editor .elementor-drop-cap{float:left;text-align:center;line-height:1;font-size:50px}.elementor-widget-text-editor .elementor-drop-cap-letter{display:inline-block}<\/style>\t\t\t\t<h4 class=\"western\" align=\"left\"><strong>Cos&#8217;\u00e8 la gnatologia?<\/strong><\/h4>\n<p class=\"western\" align=\"left\">La gnatologia \u00e8 una branca specialistica dell\u2019odontoiatria che si occupa del funzionamento dell\u2019articolazione temporo-mandibolare (ATM), delle sue disfunzioni e dei relativi trattamenti. La valutazione gnatologica \u00e8 un esame diagnostico specifico per individuare disturbi della masticazione e problematiche articolari. Durante questa valutazione, il dentista esamina l\u2019occlusione, i movimenti mandibolari e l\u2019equilibrio dei muscoli masticatori al fine di identificare eventuali disfunzioni.<\/p>\t\t\t\t\t\t<\/div>\n\t\t\t\t<\/div>\n\t\t\t\t\t<\/div>\n\t\t<\/div>\n\t\t\t\t\t\t\t<\/div>\n\t\t<\/section>\n\t\t\t\t<section class=\"elementor-section elementor-top-section elementor-element elementor-element-6310956 elementor-section-boxed elementor-section-height-default elementor-section-height-default\" data-id=\"6310956\" data-element_type=\"section\">\n\t\t\t\t\t\t<div class=\"elementor-container elementor-column-gap-default\">\n\t\t\t\t\t<div class=\"elementor-column elementor-col-100 elementor-top-column elementor-element elementor-element-38dd39b\" data-id=\"38dd39b\" data-element_type=\"column\">\n\t\t\t<div class=\"elementor-widget-wrap elementor-element-populated\">\n\t\t\t\t\t\t\t\t<div class=\"elementor-element elementor-element-13b7382 elementor-widget elementor-widget-text-editor\" data-id=\"13b7382\" data-element_type=\"widget\" data-widget_type=\"text-editor.default\">\n\t\t\t\t<div class=\"elementor-widget-container\">\n\t\t\t\t\t\t\t<h4 class=\"western\" align=\"left\"><strong>Quando \u00e8 necessaria una valutazione gnatologica?<\/strong><\/h4>\n<p class=\"western\" align=\"left\">L\u2019ATM \u00e8 un\u2019articolazione complessa, responsabile di funzioni fondamentali come la masticazione e la parola. Se non funziona correttamente o \u00e8 mal posizionata, pu\u00f2 provocare diversi sintomi che compromettono la qualit\u00e0 della vita. Se non trattata, una disfunzione pu\u00f2 portare nel tempo a usura articolare, deformazioni e persino problemi sistemici.<\/p>\n<p class=\"western\" align=\"left\">I sintomi che indicano la necessit\u00e0 di una valutazione gnatologica includono:<\/p>\n<ul>\n<li>\n<p class=\"western\" align=\"left\">Suoni anomali durante il movimento mandibolare (clic, scrosci)<\/p>\n<\/li>\n<li>\n<p class=\"western\" align=\"left\">Dislocazione o instabilit\u00e0 della mandibola<\/p>\n<\/li>\n<li>\n<p class=\"western\" align=\"left\">Dolore all\u2019orecchio o nella zona circostante<\/p>\n<\/li>\n<li>\n<p class=\"western\" align=\"left\">Difficolt\u00e0 nella masticazione<\/p>\n<\/li>\n<li>\n<p class=\"western\" align=\"left\">Dolori cervicali o mal di testa inspiegabili<\/p>\n<\/li>\n<li>\n<p class=\"western\" align=\"left\">Bruxismo notturno (digrignamento dei denti)<\/p>\n<\/li>\n<li>\n<p class=\"western\" align=\"left\">Disturbi del sonno<\/p>\n<\/li>\n<li>\n<p class=\"western\" align=\"left\">Asimmetrie del viso (rughe da un solo lato, tratti irregolari)<\/p>\n<\/li>\n<li>\n<p class=\"western\" align=\"left\">Limitazione nell\u2019apertura della bocca<\/p>\n<\/li>\n<\/ul>\n<h4 class=\"western\" align=\"left\"><strong>Quando \u00e8 necessario un trattamento gnatologico?<\/strong><\/h4>\n<p class=\"western\" align=\"left\">L\u2019obiettivo del trattamento gnatologico \u00e8 ristabilire la corretta funzionalit\u00e0 dell\u2019ATM e garantire un\u2019occlusione e una dinamica masticatoria bilanciate. A seconda della causa, il trattamento pu\u00f2 includere:<\/p>\n<ul>\n<li>\n<p class=\"western\" align=\"left\">Terapie conservative, come l\u2019aggiustamento dell\u2019occlusione<\/p>\n<\/li>\n<li>\n<p class=\"western\" align=\"left\">Trattamenti ortodontici per correggere il morso<\/p>\n<\/li>\n<li>\n<p class=\"western\" align=\"left\">Riabilitazione protesica (corone, ponti)<\/p>\n<\/li>\n<li>\n<p class=\"western\" align=\"left\">Trattamenti parodontali per rinforzare i tessuti di supporto dei denti<\/p>\n<\/li>\n<\/ul>\n<p class=\"western\" align=\"left\">L\u2019obiettivo finale \u00e8 alleviare i sintomi, proteggere la salute dell\u2019articolazione e migliorare la qualit\u00e0 della vita del paziente.<\/p>\n<h4 class=\"western\" align=\"left\"><strong>Perch\u00e9 scegliere Kreativ Dental per il trattamento gnatologico?<\/strong><\/h4>\n<p class=\"western\" align=\"left\">Kreativ Dental, clinica odontoiatrica pluripremiata a Budapest (Ungheria), \u00e8 dotata di tutte le attrezzature necessarie per eseguire analisi occlusali precise e di alta qualit\u00e0. I nostri dentisti hanno anni di esperienza nella diagnosi e nel trattamento delle malocclusioni. In caso di correzione del morso, \u00e8 essenziale affidarsi a un team esperto e altamente qualificato.<\/p>\t\t\t\t\t\t<\/div>\n\t\t\t\t<\/div>\n\t\t\t\t\t<\/div>\n\t\t<\/div>\n\t\t\t\t\t\t\t<\/div>\n\t\t<\/section>\n\t\t\t\t<section class=\"elementor-section elementor-top-section elementor-element elementor-element-2c1c16f elementor-section-boxed elementor-section-height-default elementor-section-height-default\" data-id=\"2c1c16f\" data-element_type=\"section\">\n\t\t\t\t\t\t<div class=\"elementor-container elementor-column-gap-default\">\n\t\t\t\t\t<div class=\"elementor-column elementor-col-100 elementor-top-column elementor-element elementor-element-cfd07da\" data-id=\"cfd07da\" data-element_type=\"column\">\n\t\t\t<div class=\"elementor-widget-wrap elementor-element-populated\">\n\t\t\t\t\t\t\t\t<div class=\"elementor-element elementor-element-23c7a24 elementor-align-center elementor-mobile-align-center elementor-widget-mobile__width-inherit btn2-hover elementor-widget elementor-widget-button\" data-id=\"23c7a24\" data-element_type=\"widget\" data-widget_type=\"button.default\">\n\t\t\t\t<div class=\"elementor-widget-container\">\n\t\t\t\t\t<div class=\"elementor-button-wrapper\">\n\t\t\t<a href=\"http:\/\/3.68.178.112.nip.io\/it\/contact-mail\" class=\"elementor-button-link elementor-button elementor-size-sm\" role=\"button\">\n\t\t\t\t\t\t<span class=\"elementor-button-content-wrapper\">\n\t\t\t\t\t\t<span class=\"elementor-button-text\">RICHIEDI MAGGIORI INFORMAZIONI<\/span>\n\t\t<\/span>\n\t\t\t\t\t<\/a>\n\t\t<\/div>\n\t\t\t\t<\/div>\n\t\t\t\t<\/div>\n\t\t\t\t<div class=\"elementor-element elementor-element-e59b43c elementor-widget elementor-widget-spacer\" data-id=\"e59b43c\" data-element_type=\"widget\" data-widget_type=\"spacer.default\">\n\t\t\t\t<div class=\"elementor-widget-container\">\n\t\t\t\t\t<div class=\"elementor-spacer\">\n\t\t\t<div class=\"elementor-spacer-inner\"><\/div>\n\t\t<\/div>\n\t\t\t\t<\/div>\n\t\t\t\t<\/div>\n\t\t\t\t\t<\/div>\n\t\t<\/div>\n\t\t\t\t\t\t\t<\/div>\n\t\t<\/section>\n\t\t\t\t\t\t\t<\/div>\n\t\t","protected":false},"excerpt":{"rendered":"<p>PRENOTA UN CONSULTO Cos&#8217;\u00e8 la gnatologia? La gnatologia \u00e8 una branca specialistica dell\u2019odontoiatria che si occupa del funzionamento dell\u2019articolazione temporo-mandibolare (ATM), delle sue disfunzioni e dei relativi trattamenti. La valutazione gnatologica \u00e8 un esame diagnostico specifico per individuare disturbi della masticazione e problematiche articolari. Durante questa valutazione, il dentista esamina l\u2019occlusione, i movimenti mandibolari e [&hellip;]<\/p>\n","protected":false},"author":1,"featured_media":136,"parent":205,"menu_order":8,"comment_status":"closed","ping_status":"closed","template":"elementor_header_footer","meta":{"om_disable_all_campaigns":false,"_mi_skip_tracking":false},"aioseo_notices":[],"_links":{"self":[{"href":"http:\/\/3.68.178.112.nip.io\/it\/wp-json\/wp\/v2\/pages\/231"}],"collection":[{"href":"http:\/\/3.68.178.112.nip.io\/it\/wp-json\/wp\/v2\/pages"}],"about":[{"href":"http:\/\/3.68.178.112.nip.io\/it\/wp-json\/wp\/v2\/types\/page"}],"author":[{"embeddable":true,"href":"http:\/\/3.68.178.112.nip.io\/it\/wp-json\/wp\/v2\/users\/1"}],"replies":[{"embeddable":true,"href":"http:\/\/3.68.178.112.nip.io\/it\/wp-json\/wp\/v2\/comments?post=231"}],"version-history":[{"count":14,"href":"http:\/\/3.68.178.112.nip.io\/it\/wp-json\/wp\/v2\/pages\/231\/revisions"}],"predecessor-version":[{"id":2061,"href":"http:\/\/3.68.178.112.nip.io\/it\/wp-json\/wp\/v2\/pages\/231\/revisions\/2061"}],"up":[{"embeddable":true,"href":"http:\/\/3.68.178.112.nip.io\/it\/wp-json\/wp\/v2\/pages\/205"}],"wp:featuredmedia":[{"embeddable":true,"href":"http:\/\/3.68.178.112.nip.io\/it\/wp-json\/wp\/v2\/media\/136"}],"wp:attachment":[{"href":"http:\/\/3.68.178.112.nip.io\/it\/wp-json\/wp\/v2\/media?parent=231"}],"curies":[{"name":"wp","href":"https:\/\/api.w.org\/{rel}","templated":true}]}}