{"id":233,"date":"2023-06-13T09:32:45","date_gmt":"2023-06-13T09:32:45","guid":{"rendered":"http:\/\/3.68.178.112.nip.io\/it\/?page_id=233"},"modified":"2025-12-12T14:02:30","modified_gmt":"2025-12-12T14:02:30","slug":"sbiancamento-dentale","status":"publish","type":"page","link":"http:\/\/3.68.178.112.nip.io\/it\/trattamenti-dentistici\/sbiancamento-dentale","title":{"rendered":"Sistema di Sbiancamento Dentale Philips ZOOM"},"content":{"rendered":"\t\t<div data-elementor-type=\"wp-page\" data-elementor-id=\"233\" class=\"elementor elementor-233\">\n\t\t\t\t\t\t\t\t\t<section class=\"elementor-section elementor-top-section elementor-element elementor-element-6fed962 elementor-section-full_width elementor-section-height-min-height elementor-section-height-default elementor-section-items-middle\" data-id=\"6fed962\" data-element_type=\"section\">\n\t\t\t\t\t\t<div class=\"elementor-container elementor-column-gap-no\">\n\t\t\t\t\t<div class=\"elementor-column elementor-col-100 elementor-top-column elementor-element elementor-element-a5d2114\" data-id=\"a5d2114\" data-element_type=\"column\">\n\t\t\t<div class=\"elementor-widget-wrap\">\n\t\t\t\t\t\t\t\t\t<\/div>\n\t\t<\/div>\n\t\t\t\t\t\t\t<\/div>\n\t\t<\/section>\n\t\t\t\t<section class=\"elementor-section elementor-top-section elementor-element elementor-element-35893f6 elementor-section-full_width elementor-section-height-min-height elementor-section-height-default elementor-section-items-middle\" data-id=\"35893f6\" data-element_type=\"section\">\n\t\t\t\t\t\t<div class=\"elementor-container elementor-column-gap-default\">\n\t\t\t\t\t<div class=\"elementor-column elementor-col-100 elementor-top-column elementor-element elementor-element-ecc618e\" data-id=\"ecc618e\" data-element_type=\"column\">\n\t\t\t<div class=\"elementor-widget-wrap elementor-element-populated\">\n\t\t\t\t\t\t\t\t<div class=\"elementor-element elementor-element-ad735ce elementor-invisible elementor-widget elementor-widget-heading\" data-id=\"ad735ce\" data-element_type=\"widget\" data-settings=\"{&quot;_animation&quot;:&quot;fadeInDown&quot;}\" data-widget_type=\"heading.default\">\n\t\t\t\t<div class=\"elementor-widget-container\">\n\t\t\t<style>\/*! elementor - v3.11.1 - 15-02-2023 *\/\n.elementor-heading-title{padding:0;margin:0;line-height:1}.elementor-widget-heading .elementor-heading-title[class*=elementor-size-]>a{color:inherit;font-size:inherit;line-height:inherit}.elementor-widget-heading .elementor-heading-title.elementor-size-small{font-size:15px}.elementor-widget-heading .elementor-heading-title.elementor-size-medium{font-size:19px}.elementor-widget-heading .elementor-heading-title.elementor-size-large{font-size:29px}.elementor-widget-heading .elementor-heading-title.elementor-size-xl{font-size:39px}.elementor-widget-heading .elementor-heading-title.elementor-size-xxl{font-size:59px}<\/style><h1 class=\"elementor-heading-title elementor-size-default\">Sistema di Sbiancamento Dentale Philips ZOOM<\/h1>\t\t<\/div>\n\t\t\t\t<\/div>\n\t\t\t\t<div class=\"elementor-element elementor-element-c7a8ad0 elementor-widget elementor-widget-spacer\" data-id=\"c7a8ad0\" data-element_type=\"widget\" data-widget_type=\"spacer.default\">\n\t\t\t\t<div class=\"elementor-widget-container\">\n\t\t\t<style>\/*! elementor - v3.11.1 - 15-02-2023 *\/\n.elementor-column .elementor-spacer-inner{height:var(--spacer-size)}.e-con{--container-widget-width:100%}.e-con-inner>.elementor-widget-spacer,.e-con>.elementor-widget-spacer{width:var(--container-widget-width,var(--spacer-size));--align-self:var(--container-widget-align-self,initial);--flex-shrink:0}.e-con-inner>.elementor-widget-spacer>.elementor-widget-container,.e-con-inner>.elementor-widget-spacer>.elementor-widget-container>.elementor-spacer,.e-con>.elementor-widget-spacer>.elementor-widget-container,.e-con>.elementor-widget-spacer>.elementor-widget-container>.elementor-spacer{height:100%}.e-con-inner>.elementor-widget-spacer>.elementor-widget-container>.elementor-spacer>.elementor-spacer-inner,.e-con>.elementor-widget-spacer>.elementor-widget-container>.elementor-spacer>.elementor-spacer-inner{height:var(--container-widget-height,var(--spacer-size))}<\/style>\t\t<div class=\"elementor-spacer\">\n\t\t\t<div class=\"elementor-spacer-inner\"><\/div>\n\t\t<\/div>\n\t\t\t\t<\/div>\n\t\t\t\t<\/div>\n\t\t\t\t\t<\/div>\n\t\t<\/div>\n\t\t\t\t\t\t\t<\/div>\n\t\t<\/section>\n\t\t\t\t<section class=\"elementor-section elementor-top-section elementor-element elementor-element-a5446d1 elementor-section-boxed elementor-section-height-default elementor-section-height-default\" data-id=\"a5446d1\" data-element_type=\"section\">\n\t\t\t\t\t\t<div class=\"elementor-container elementor-column-gap-default\">\n\t\t\t\t\t<div class=\"elementor-column elementor-col-100 elementor-top-column elementor-element elementor-element-88cdcae\" data-id=\"88cdcae\" data-element_type=\"column\">\n\t\t\t<div class=\"elementor-widget-wrap elementor-element-populated\">\n\t\t\t\t\t\t\t\t<div class=\"elementor-element elementor-element-743b10c elementor-align-center elementor-mobile-align-center elementor-widget-mobile__width-inherit btn2-hover elementor-widget elementor-widget-button\" data-id=\"743b10c\" data-element_type=\"widget\" data-widget_type=\"button.default\">\n\t\t\t\t<div class=\"elementor-widget-container\">\n\t\t\t\t\t<div class=\"elementor-button-wrapper\">\n\t\t\t<a href=\"http:\/\/3.68.178.112.nip.io\/it\/contact-mail\" class=\"elementor-button-link elementor-button elementor-size-sm\" role=\"button\">\n\t\t\t\t\t\t<span class=\"elementor-button-content-wrapper\">\n\t\t\t\t\t\t<span class=\"elementor-button-text\">PRENOTA UN CONSULTO<\/span>\n\t\t<\/span>\n\t\t\t\t\t<\/a>\n\t\t<\/div>\n\t\t\t\t<\/div>\n\t\t\t\t<\/div>\n\t\t\t\t<div class=\"elementor-element elementor-element-7fd7c65 elementor-widget elementor-widget-spacer\" data-id=\"7fd7c65\" data-element_type=\"widget\" data-widget_type=\"spacer.default\">\n\t\t\t\t<div class=\"elementor-widget-container\">\n\t\t\t\t\t<div class=\"elementor-spacer\">\n\t\t\t<div class=\"elementor-spacer-inner\"><\/div>\n\t\t<\/div>\n\t\t\t\t<\/div>\n\t\t\t\t<\/div>\n\t\t\t\t\t<\/div>\n\t\t<\/div>\n\t\t\t\t\t\t\t<\/div>\n\t\t<\/section>\n\t\t\t\t<section class=\"elementor-section elementor-top-section elementor-element elementor-element-6c4506c7 elementor-section-boxed elementor-section-height-default elementor-section-height-default\" data-id=\"6c4506c7\" data-element_type=\"section\">\n\t\t\t\t\t\t<div class=\"elementor-container elementor-column-gap-default\">\n\t\t\t\t\t<div class=\"elementor-column elementor-col-50 elementor-top-column elementor-element elementor-element-133ba3c\" data-id=\"133ba3c\" data-element_type=\"column\">\n\t\t\t<div class=\"elementor-widget-wrap elementor-element-populated\">\n\t\t\t\t\t\t\t\t<div class=\"elementor-element elementor-element-a9b0196 elementor-widget elementor-widget-html\" data-id=\"a9b0196\" data-element_type=\"widget\" data-widget_type=\"html.default\">\n\t\t\t\t<div class=\"elementor-widget-container\">\n\t\t\t<iframe style=\"width: 400px; height: 225px;\" src=\"https:\/\/www.medivision.co.uk\/Dental\/webpakonline.php?id=135&amp;icon=1\" marginwidth=\"1\" marginheight=\"1\" scrolling=\"no\" frameborder=\"0\"><\/iframe>\t\t<\/div>\n\t\t\t\t<\/div>\n\t\t\t\t\t<\/div>\n\t\t<\/div>\n\t\t\t\t<div class=\"elementor-column elementor-col-50 elementor-top-column elementor-element elementor-element-2445d5b3\" data-id=\"2445d5b3\" data-element_type=\"column\">\n\t\t\t<div class=\"elementor-widget-wrap elementor-element-populated\">\n\t\t\t\t\t\t\t\t<div class=\"elementor-element elementor-element-323a99c1 elementor-widget elementor-widget-text-editor\" data-id=\"323a99c1\" data-element_type=\"widget\" data-widget_type=\"text-editor.default\">\n\t\t\t\t<div class=\"elementor-widget-container\">\n\t\t\t<style>\/*! elementor - v3.11.1 - 15-02-2023 *\/\n.elementor-widget-text-editor.elementor-drop-cap-view-stacked .elementor-drop-cap{background-color:#818a91;color:#fff}.elementor-widget-text-editor.elementor-drop-cap-view-framed .elementor-drop-cap{color:#818a91;border:3px solid;background-color:transparent}.elementor-widget-text-editor:not(.elementor-drop-cap-view-default) .elementor-drop-cap{margin-top:8px}.elementor-widget-text-editor:not(.elementor-drop-cap-view-default) .elementor-drop-cap-letter{width:1em;height:1em}.elementor-widget-text-editor .elementor-drop-cap{float:left;text-align:center;line-height:1;font-size:50px}.elementor-widget-text-editor .elementor-drop-cap-letter{display:inline-block}<\/style>\t\t\t\t<h4 class=\"western\" align=\"left\"><strong>Che cos&#8217;\u00e8 il sistema di sbiancamento Philips ZOOM?<\/strong><\/h4>\n<p class=\"western\" align=\"left\">Philips ZOOM \u00e8 un sistema professionale di sbiancamento dentale, riconosciuto a livello internazionale e raccomandato dai dentisti. Studi clinici dimostrano che pu\u00f2 schiarire i denti fino a otto tonalit\u00e0 senza danneggiare smalto o gengive. Oltre a donare un sorriso pi\u00f9 bianco e luminoso, protegge lo smalto dentale.<\/p>\t\t\t\t\t\t<\/div>\n\t\t\t\t<\/div>\n\t\t\t\t\t<\/div>\n\t\t<\/div>\n\t\t\t\t\t\t\t<\/div>\n\t\t<\/section>\n\t\t\t\t<section class=\"elementor-section elementor-top-section elementor-element elementor-element-6d33a65 elementor-section-boxed elementor-section-height-default elementor-section-height-default\" data-id=\"6d33a65\" data-element_type=\"section\">\n\t\t\t\t\t\t<div class=\"elementor-container elementor-column-gap-default\">\n\t\t\t\t\t<div class=\"elementor-column elementor-col-100 elementor-top-column elementor-element elementor-element-ba4fed0\" data-id=\"ba4fed0\" data-element_type=\"column\">\n\t\t\t<div class=\"elementor-widget-wrap elementor-element-populated\">\n\t\t\t\t\t\t\t\t<section class=\"elementor-section elementor-inner-section elementor-element elementor-element-3945787 elementor-section-boxed elementor-section-height-default elementor-section-height-default\" data-id=\"3945787\" data-element_type=\"section\">\n\t\t\t\t\t\t<div class=\"elementor-container elementor-column-gap-default\">\n\t\t\t\t\t<div class=\"elementor-column elementor-col-66 elementor-inner-column elementor-element elementor-element-0668a7f\" data-id=\"0668a7f\" data-element_type=\"column\">\n\t\t\t<div class=\"elementor-widget-wrap elementor-element-populated\">\n\t\t\t\t\t\t\t\t<div class=\"elementor-element elementor-element-a28c85b elementor-widget elementor-widget-text-editor\" data-id=\"a28c85b\" data-element_type=\"widget\" data-widget_type=\"text-editor.default\">\n\t\t\t\t<div class=\"elementor-widget-container\">\n\t\t\t\t\t\t\t<p class=\"western\" align=\"left\">\u00c8 l\u2019unico sistema di sbiancamento che utilizza ACP (fosfato di calcio amorfo), che riduce la sensibilit\u00e0 dentale, rafforza lo smalto e rende i denti pi\u00f9 lisci e brillanti.<\/p>\n<p class=\"western\" align=\"left\">Philips sfrutta la propria esperienza nella tecnologia della luce nel sistema ZOOM, utilizzando l\u2019attivazione con LED per ottenere risultati ottimali. Il trattamento, accelerato dalla luce, consente uno sbiancamento fino a otto tonalit\u00e0 in soli 45 minuti, con un&#8217;efficacia superiore del 40% rispetto ai sistemi non attivati dalla luce. Poich\u00e9 si tratta di un trattamento professionale, viene eseguito esclusivamente alla poltrona, in studio dentistico, per garantire la massima sicurezza.<\/p>\n<p><!-- \/wp:paragraph --><!-- wp:paragraph --><\/p>\n<h4 class=\"western\" align=\"left\"><strong><b>Come si svolge il trattamento presso Kreativ Dental a Budapest?<\/b><\/strong><\/h4>\n<p class=\"western\" align=\"left\"><strong>Pulizia professionale<\/strong><br \/>La procedura inizia con una detartrasi approfondita per rimuovere placca, tartaro e macchie superficiali. La tonalit\u00e0 iniziale dei denti viene registrata con una scala di colori.<\/p>\n<p class=\"western\" align=\"left\"><strong>Protezione dei tessuti molli<\/strong><br \/>Viene applicata una speciale barriera protettiva sulle gengive per proteggerle durante il trattamento.<\/p>\n<p><!-- \/wp:paragraph --><!-- wp:heading {\"level\":4} --><\/p>\t\t\t\t\t\t<\/div>\n\t\t\t\t<\/div>\n\t\t\t\t\t<\/div>\n\t\t<\/div>\n\t\t\t\t<div class=\"elementor-column elementor-col-33 elementor-inner-column elementor-element elementor-element-7883133\" data-id=\"7883133\" data-element_type=\"column\">\n\t\t\t<div class=\"elementor-widget-wrap elementor-element-populated\">\n\t\t\t\t\t\t\t\t<div class=\"elementor-element elementor-element-f5b4860 elementor-widget elementor-widget-image\" data-id=\"f5b4860\" data-element_type=\"widget\" data-widget_type=\"image.default\">\n\t\t\t\t<div class=\"elementor-widget-container\">\n\t\t\t<style>\/*! elementor - v3.11.1 - 15-02-2023 *\/\n.elementor-widget-image{text-align:center}.elementor-widget-image a{display:inline-block}.elementor-widget-image a img[src$=\".svg\"]{width:48px}.elementor-widget-image img{vertical-align:middle;display:inline-block}<\/style>\t\t\t\t\t\t\t\t\t\t\t\t<img decoding=\"async\" width=\"768\" height=\"1024\" src=\"http:\/\/3.68.178.112.nip.io\/it\/wp-content\/uploads\/sites\/9\/2025\/07\/zoom_whitening_fogfeherito_rendszer.png\" class=\"attachment-full size-full wp-image-1481\" alt=\"\" srcset=\"http:\/\/3.68.178.112.nip.io\/it\/wp-content\/uploads\/sites\/9\/2025\/07\/zoom_whitening_fogfeherito_rendszer.png 768w, http:\/\/3.68.178.112.nip.io\/it\/wp-content\/uploads\/sites\/9\/2025\/07\/zoom_whitening_fogfeherito_rendszer-225x300.png 225w, http:\/\/3.68.178.112.nip.io\/it\/wp-content\/uploads\/sites\/9\/2025\/07\/zoom_whitening_fogfeherito_rendszer-87x116.png 87w\" sizes=\"(max-width: 768px) 100vw, 768px\" \/>\t\t\t\t\t\t\t\t\t\t\t\t\t\t\t<\/div>\n\t\t\t\t<\/div>\n\t\t\t\t\t<\/div>\n\t\t<\/div>\n\t\t\t\t\t\t\t<\/div>\n\t\t<\/section>\n\t\t\t\t<section class=\"elementor-section elementor-inner-section elementor-element elementor-element-d68ccd9 elementor-section-boxed elementor-section-height-default elementor-section-height-default\" data-id=\"d68ccd9\" data-element_type=\"section\">\n\t\t\t\t\t\t<div class=\"elementor-container elementor-column-gap-default\">\n\t\t\t\t\t<div class=\"elementor-column elementor-col-50 elementor-inner-column elementor-element elementor-element-e2ef9b1\" data-id=\"e2ef9b1\" data-element_type=\"column\">\n\t\t\t<div class=\"elementor-widget-wrap elementor-element-populated\">\n\t\t\t\t\t\t\t\t<div class=\"elementor-element elementor-element-d854d91 elementor-widget elementor-widget-text-editor\" data-id=\"d854d91\" data-element_type=\"widget\" data-widget_type=\"text-editor.default\">\n\t\t\t\t<div class=\"elementor-widget-container\">\n\t\t\t\t\t\t\t<p class=\"western\" align=\"left\"><strong>Applicazione del gel sbiancante<\/strong><br \/>Si applica un gel a base di perossido di idrogeno sui denti, e viene posizionata una lampada LED per attivare e potenziare il processo di sbiancamento.<\/p>\n<p class=\"western\" align=\"left\"><strong>Sessioni di trattamento<\/strong><br \/>Il trattamento prevede solitamente tre sessioni da 15 minuti. Dopo ogni sessione, il dentista rimuove il gel e valuta i progressi.<\/p>\n<p class=\"western\" align=\"left\"><strong>Valutazione finale<\/strong><br \/>Al termine dell\u2019ultima sessione, il materiale viene rimosso e la tonalit\u00e0 finale dei denti viene confrontata con quella iniziale.<\/p>\n<p class=\"western\" align=\"left\"><strong>Cura post-trattamento<\/strong><br \/>Il dentista fornisce consigli per mantenere i risultati ottenuti. Il paziente lascia lo studio con un sorriso pi\u00f9 bianco \u2013 e con un significativo risparmio grazie ai costi contenuti di Kreativ Dental.<\/p>\n<p><!-- \/wp:paragraph --><!-- wp:paragraph --><\/p>\t\t\t\t\t\t<\/div>\n\t\t\t\t<\/div>\n\t\t\t\t\t<\/div>\n\t\t<\/div>\n\t\t\t\t<div class=\"elementor-column elementor-col-50 elementor-inner-column elementor-element elementor-element-97e8017\" data-id=\"97e8017\" data-element_type=\"column\">\n\t\t\t<div class=\"elementor-widget-wrap elementor-element-populated\">\n\t\t\t\t\t\t\t\t<div class=\"elementor-element elementor-element-624d68b elementor-widget elementor-widget-image\" data-id=\"624d68b\" data-element_type=\"widget\" data-widget_type=\"image.default\">\n\t\t\t\t<div class=\"elementor-widget-container\">\n\t\t\t\t\t\t\t\t\t\t\t\t\t\t\t<img decoding=\"async\" width=\"1500\" height=\"1000\" src=\"http:\/\/3.68.178.112.nip.io\/it\/wp-content\/uploads\/sites\/9\/2025\/07\/fogfeherites-female.png\" class=\"attachment-full size-full wp-image-1482\" alt=\"\" srcset=\"http:\/\/3.68.178.112.nip.io\/it\/wp-content\/uploads\/sites\/9\/2025\/07\/fogfeherites-female.png 1500w, http:\/\/3.68.178.112.nip.io\/it\/wp-content\/uploads\/sites\/9\/2025\/07\/fogfeherites-female-300x200.png 300w, http:\/\/3.68.178.112.nip.io\/it\/wp-content\/uploads\/sites\/9\/2025\/07\/fogfeherites-female-1024x683.png 1024w, http:\/\/3.68.178.112.nip.io\/it\/wp-content\/uploads\/sites\/9\/2025\/07\/fogfeherites-female-768x512.png 768w, http:\/\/3.68.178.112.nip.io\/it\/wp-content\/uploads\/sites\/9\/2025\/07\/fogfeherites-female-174x116.png 174w\" sizes=\"(max-width: 1500px) 100vw, 1500px\" \/>\t\t\t\t\t\t\t\t\t\t\t\t\t\t\t<\/div>\n\t\t\t\t<\/div>\n\t\t\t\t\t<\/div>\n\t\t<\/div>\n\t\t\t\t\t\t\t<\/div>\n\t\t<\/section>\n\t\t\t\t<div class=\"elementor-element elementor-element-89b453a elementor-widget elementor-widget-spacer\" data-id=\"89b453a\" data-element_type=\"widget\" data-widget_type=\"spacer.default\">\n\t\t\t\t<div class=\"elementor-widget-container\">\n\t\t\t\t\t<div class=\"elementor-spacer\">\n\t\t\t<div class=\"elementor-spacer-inner\"><\/div>\n\t\t<\/div>\n\t\t\t\t<\/div>\n\t\t\t\t<\/div>\n\t\t\t\t<section class=\"elementor-section elementor-inner-section elementor-element elementor-element-c50c213 elementor-section-boxed elementor-section-height-default elementor-section-height-default\" data-id=\"c50c213\" data-element_type=\"section\">\n\t\t\t\t\t\t<div class=\"elementor-container elementor-column-gap-default\">\n\t\t\t\t\t<div class=\"elementor-column elementor-col-50 elementor-inner-column elementor-element elementor-element-4d19131\" data-id=\"4d19131\" data-element_type=\"column\">\n\t\t\t<div class=\"elementor-widget-wrap elementor-element-populated\">\n\t\t\t\t\t\t\t\t<div class=\"elementor-element elementor-element-2261d71 elementor-widget elementor-widget-text-editor\" data-id=\"2261d71\" data-element_type=\"widget\" data-widget_type=\"text-editor.default\">\n\t\t\t\t<div class=\"elementor-widget-container\">\n\t\t\t\t\t\t\t<h4 class=\"western\" align=\"left\"><strong><b>Come funziona?<\/b><\/strong><\/h4>\n<p class=\"western\" align=\"left\">Il perossido di idrogeno penetra nello smalto attraverso i micropori e rompe i legami molecolari delle macchie e delle discromie. Questo processo di pulizia profonda schiarisce i denti dall\u2019interno, mentre lo smalto traslucido lascia trasparire la nuova tonalit\u00e0. Il LED Philips Zoom WhiteSpeed accelera e migliora questo processo, aumentando l\u2019efficacia fino al 40%.<\/p>\t\t\t\t\t\t<\/div>\n\t\t\t\t<\/div>\n\t\t\t\t\t<\/div>\n\t\t<\/div>\n\t\t\t\t<div class=\"elementor-column elementor-col-50 elementor-inner-column elementor-element elementor-element-60aec43\" data-id=\"60aec43\" data-element_type=\"column\">\n\t\t\t<div class=\"elementor-widget-wrap elementor-element-populated\">\n\t\t\t\t\t\t\t\t<div class=\"elementor-element elementor-element-abf62fd elementor-widget elementor-widget-image\" data-id=\"abf62fd\" data-element_type=\"widget\" data-widget_type=\"image.default\">\n\t\t\t\t<div class=\"elementor-widget-container\">\n\t\t\t\t\t\t\t\t\t\t\t\t\t\t\t<img decoding=\"async\" width=\"650\" height=\"500\" src=\"http:\/\/3.68.178.112.nip.io\/it\/wp-content\/uploads\/sites\/9\/2025\/07\/fogfeherites-male.png\" class=\"attachment-full size-full wp-image-1483\" alt=\"\" srcset=\"http:\/\/3.68.178.112.nip.io\/it\/wp-content\/uploads\/sites\/9\/2025\/07\/fogfeherites-male.png 650w, http:\/\/3.68.178.112.nip.io\/it\/wp-content\/uploads\/sites\/9\/2025\/07\/fogfeherites-male-300x231.png 300w, http:\/\/3.68.178.112.nip.io\/it\/wp-content\/uploads\/sites\/9\/2025\/07\/fogfeherites-male-151x116.png 151w\" sizes=\"(max-width: 650px) 100vw, 650px\" \/>\t\t\t\t\t\t\t\t\t\t\t\t\t\t\t<\/div>\n\t\t\t\t<\/div>\n\t\t\t\t\t<\/div>\n\t\t<\/div>\n\t\t\t\t\t\t\t<\/div>\n\t\t<\/section>\n\t\t\t\t<div class=\"elementor-element elementor-element-6a4a67c elementor-widget elementor-widget-text-editor\" data-id=\"6a4a67c\" data-element_type=\"widget\" data-widget_type=\"text-editor.default\">\n\t\t\t\t<div class=\"elementor-widget-container\">\n\t\t\t\t\t\t\t<p><!-- wp:heading {\"level\":4} --><\/p>\n<p><!-- \/wp:paragraph --><!-- wp:paragraph --><\/p>\n<p><!-- \/wp:paragraph --><!-- wp:heading {\"level\":4} --><\/p>\n<h3 class=\"western\" align=\"left\"><strong><b>Quali sono i rischi dello sbiancamento?<\/b><\/strong><\/h3>\n<p class=\"western\" align=\"left\">Nonostante i benefici, lo sbiancamento con ZOOM pu\u00f2 avere alcuni effetti collaterali temporanei:<\/p>\n<p class=\"western\" align=\"left\"><strong>Sensibilit\u00e0 dentale<\/strong><br \/>Sebbene l\u2019ACP riduca la sensibilit\u00e0, alcuni pazienti possono avvertire fastidio temporaneo durante o dopo il trattamento. Questo si pu\u00f2 gestire con prodotti desensibilizzanti.<\/p>\n<p class=\"western\" align=\"left\"><strong>Irritazione gengivale<\/strong><br \/>Se il gel entra in contatto con le gengive, pu\u00f2 provocare rossore, gonfiore o bruciore. Una corretta applicazione e protezione delle gengive riducono questo rischio.<\/p>\n<p class=\"western\" align=\"left\"><strong>Vulnerabilit\u00e0 temporanea alla pigmentazione<\/strong><br \/>Dopo il trattamento, i denti possono essere pi\u00f9 suscettibili a nuove macchie. Si consiglia di evitare cibi e bevande pigmentati (caff\u00e8, vino, curry, t\u00e8) per alcuni giorni.<\/p>\n<p class=\"western\" align=\"left\"><strong>Con un\u2019applicazione professionale e la giusta cura, il sistema Philips ZOOM garantisce risultati sicuri, efficaci e duraturi \u2013 per un sorriso radioso.<\/strong><\/p>\n<p><!-- \/wp:paragraph --><\/p>\t\t\t\t\t\t<\/div>\n\t\t\t\t<\/div>\n\t\t\t\t\t<\/div>\n\t\t<\/div>\n\t\t\t\t\t\t\t<\/div>\n\t\t<\/section>\n\t\t\t\t<section class=\"elementor-section elementor-top-section elementor-element elementor-element-2992526 elementor-section-boxed elementor-section-height-default elementor-section-height-default\" data-id=\"2992526\" data-element_type=\"section\">\n\t\t\t\t\t\t<div class=\"elementor-container elementor-column-gap-default\">\n\t\t\t\t\t<div class=\"elementor-column elementor-col-100 elementor-top-column elementor-element elementor-element-e3305ba\" data-id=\"e3305ba\" data-element_type=\"column\">\n\t\t\t<div class=\"elementor-widget-wrap elementor-element-populated\">\n\t\t\t\t\t\t\t\t<div class=\"elementor-element elementor-element-4d980ac elementor-align-center elementor-mobile-align-center elementor-widget-mobile__width-inherit btn2-hover elementor-widget elementor-widget-button\" data-id=\"4d980ac\" data-element_type=\"widget\" data-widget_type=\"button.default\">\n\t\t\t\t<div class=\"elementor-widget-container\">\n\t\t\t\t\t<div class=\"elementor-button-wrapper\">\n\t\t\t<a href=\"http:\/\/3.68.178.112.nip.io\/it\/contact-mail\" class=\"elementor-button-link elementor-button elementor-size-sm\" role=\"button\">\n\t\t\t\t\t\t<span class=\"elementor-button-content-wrapper\">\n\t\t\t\t\t\t<span class=\"elementor-button-text\">RICHIEDI MAGGIORI INFORMAZIONI<\/span>\n\t\t<\/span>\n\t\t\t\t\t<\/a>\n\t\t<\/div>\n\t\t\t\t<\/div>\n\t\t\t\t<\/div>\n\t\t\t\t<div class=\"elementor-element elementor-element-504a632 elementor-widget elementor-widget-spacer\" data-id=\"504a632\" data-element_type=\"widget\" data-widget_type=\"spacer.default\">\n\t\t\t\t<div class=\"elementor-widget-container\">\n\t\t\t\t\t<div class=\"elementor-spacer\">\n\t\t\t<div class=\"elementor-spacer-inner\"><\/div>\n\t\t<\/div>\n\t\t\t\t<\/div>\n\t\t\t\t<\/div>\n\t\t\t\t\t<\/div>\n\t\t<\/div>\n\t\t\t\t\t\t\t<\/div>\n\t\t<\/section>\n\t\t\t\t\t\t\t<\/div>\n\t\t","protected":false},"excerpt":{"rendered":"<p>PRENOTA UN CONSULTO Che cos&#8217;\u00e8 il sistema di sbiancamento Philips ZOOM? Philips ZOOM \u00e8 un sistema professionale di sbiancamento dentale, riconosciuto a livello internazionale e raccomandato dai dentisti. Studi clinici dimostrano che pu\u00f2 schiarire i denti fino a otto tonalit\u00e0 senza danneggiare smalto o gengive. Oltre a donare un sorriso pi\u00f9 bianco e luminoso, protegge [&hellip;]<\/p>\n","protected":false},"author":1,"featured_media":234,"parent":205,"menu_order":9,"comment_status":"closed","ping_status":"closed","template":"elementor_header_footer","meta":{"om_disable_all_campaigns":false,"_mi_skip_tracking":false},"aioseo_notices":[],"_links":{"self":[{"href":"http:\/\/3.68.178.112.nip.io\/it\/wp-json\/wp\/v2\/pages\/233"}],"collection":[{"href":"http:\/\/3.68.178.112.nip.io\/it\/wp-json\/wp\/v2\/pages"}],"about":[{"href":"http:\/\/3.68.178.112.nip.io\/it\/wp-json\/wp\/v2\/types\/page"}],"author":[{"embeddable":true,"href":"http:\/\/3.68.178.112.nip.io\/it\/wp-json\/wp\/v2\/users\/1"}],"replies":[{"embeddable":true,"href":"http:\/\/3.68.178.112.nip.io\/it\/wp-json\/wp\/v2\/comments?post=233"}],"version-history":[{"count":13,"href":"http:\/\/3.68.178.112.nip.io\/it\/wp-json\/wp\/v2\/pages\/233\/revisions"}],"predecessor-version":[{"id":2064,"href":"http:\/\/3.68.178.112.nip.io\/it\/wp-json\/wp\/v2\/pages\/233\/revisions\/2064"}],"up":[{"embeddable":true,"href":"http:\/\/3.68.178.112.nip.io\/it\/wp-json\/wp\/v2\/pages\/205"}],"wp:featuredmedia":[{"embeddable":true,"href":"http:\/\/3.68.178.112.nip.io\/it\/wp-json\/wp\/v2\/media\/234"}],"wp:attachment":[{"href":"http:\/\/3.68.178.112.nip.io\/it\/wp-json\/wp\/v2\/media?parent=233"}],"curies":[{"name":"wp","href":"https:\/\/api.w.org\/{rel}","templated":true}]}}