{"id":2392,"date":"2023-05-16T15:48:46","date_gmt":"2023-05-16T13:48:46","guid":{"rendered":"http:\/\/3.68.178.112.nip.io\/no\/?page_id=2392"},"modified":"2025-12-15T09:23:22","modified_gmt":"2025-12-15T08:23:22","slug":"rotfylling","status":"publish","type":"page","link":"http:\/\/3.68.178.112.nip.io\/no\/behandling\/rotfylling","title":{"rendered":"Rotfylling"},"content":{"rendered":"\t\t<div data-elementor-type=\"wp-page\" data-elementor-id=\"2392\" class=\"elementor elementor-2392\">\n\t\t\t\t\t\t\t\t\t<section class=\"elementor-section elementor-top-section elementor-element elementor-element-2393970 elementor-section-full_width elementor-section-height-min-height elementor-section-height-default elementor-section-items-middle\" data-id=\"2393970\" data-element_type=\"section\">\n\t\t\t\t\t\t<div class=\"elementor-container elementor-column-gap-no\">\n\t\t\t\t\t<div class=\"elementor-column elementor-col-100 elementor-top-column elementor-element elementor-element-e56a965\" data-id=\"e56a965\" data-element_type=\"column\">\n\t\t\t<div class=\"elementor-widget-wrap\">\n\t\t\t\t\t\t\t\t\t<\/div>\n\t\t<\/div>\n\t\t\t\t\t\t\t<\/div>\n\t\t<\/section>\n\t\t\t\t<section class=\"elementor-section elementor-top-section elementor-element elementor-element-b69013f elementor-section-full_width elementor-section-height-min-height elementor-section-height-default elementor-section-items-middle\" data-id=\"b69013f\" data-element_type=\"section\">\n\t\t\t\t\t\t<div class=\"elementor-container elementor-column-gap-default\">\n\t\t\t\t\t<div class=\"elementor-column elementor-col-100 elementor-top-column elementor-element elementor-element-dde9ab1\" data-id=\"dde9ab1\" data-element_type=\"column\">\n\t\t\t<div class=\"elementor-widget-wrap elementor-element-populated\">\n\t\t\t\t\t\t\t\t<div class=\"elementor-element elementor-element-7955082 elementor-invisible elementor-widget elementor-widget-heading\" data-id=\"7955082\" data-element_type=\"widget\" data-settings=\"{&quot;_animation&quot;:&quot;fadeInDown&quot;}\" data-widget_type=\"heading.default\">\n\t\t\t\t<div class=\"elementor-widget-container\">\n\t\t\t<style>\/*! elementor - v3.11.1 - 15-02-2023 *\/\n.elementor-heading-title{padding:0;margin:0;line-height:1}.elementor-widget-heading .elementor-heading-title[class*=elementor-size-]>a{color:inherit;font-size:inherit;line-height:inherit}.elementor-widget-heading .elementor-heading-title.elementor-size-small{font-size:15px}.elementor-widget-heading .elementor-heading-title.elementor-size-medium{font-size:19px}.elementor-widget-heading .elementor-heading-title.elementor-size-large{font-size:29px}.elementor-widget-heading .elementor-heading-title.elementor-size-xl{font-size:39px}.elementor-widget-heading .elementor-heading-title.elementor-size-xxl{font-size:59px}<\/style><h1 class=\"elementor-heading-title elementor-size-default\">Rotfylling<\/h1>\t\t<\/div>\n\t\t\t\t<\/div>\n\t\t\t\t<div class=\"elementor-element elementor-element-95a12a6 elementor-widget elementor-widget-spacer\" data-id=\"95a12a6\" data-element_type=\"widget\" data-widget_type=\"spacer.default\">\n\t\t\t\t<div class=\"elementor-widget-container\">\n\t\t\t<style>\/*! elementor - v3.11.1 - 15-02-2023 *\/\n.elementor-column .elementor-spacer-inner{height:var(--spacer-size)}.e-con{--container-widget-width:100%}.e-con-inner>.elementor-widget-spacer,.e-con>.elementor-widget-spacer{width:var(--container-widget-width,var(--spacer-size));--align-self:var(--container-widget-align-self,initial);--flex-shrink:0}.e-con-inner>.elementor-widget-spacer>.elementor-widget-container,.e-con-inner>.elementor-widget-spacer>.elementor-widget-container>.elementor-spacer,.e-con>.elementor-widget-spacer>.elementor-widget-container,.e-con>.elementor-widget-spacer>.elementor-widget-container>.elementor-spacer{height:100%}.e-con-inner>.elementor-widget-spacer>.elementor-widget-container>.elementor-spacer>.elementor-spacer-inner,.e-con>.elementor-widget-spacer>.elementor-widget-container>.elementor-spacer>.elementor-spacer-inner{height:var(--container-widget-height,var(--spacer-size))}<\/style>\t\t<div class=\"elementor-spacer\">\n\t\t\t<div class=\"elementor-spacer-inner\"><\/div>\n\t\t<\/div>\n\t\t\t\t<\/div>\n\t\t\t\t<\/div>\n\t\t\t\t\t<\/div>\n\t\t<\/div>\n\t\t\t\t\t\t\t<\/div>\n\t\t<\/section>\n\t\t\t\t<section class=\"elementor-section elementor-top-section elementor-element elementor-element-ee9134f elementor-section-boxed elementor-section-height-default elementor-section-height-default\" data-id=\"ee9134f\" data-element_type=\"section\">\n\t\t\t\t\t\t<div class=\"elementor-container elementor-column-gap-default\">\n\t\t\t\t\t<div class=\"elementor-column elementor-col-100 elementor-top-column elementor-element elementor-element-207e986\" data-id=\"207e986\" data-element_type=\"column\">\n\t\t\t<div class=\"elementor-widget-wrap elementor-element-populated\">\n\t\t\t\t\t\t\t\t<div class=\"elementor-element elementor-element-b47972e elementor-align-center elementor-mobile-align-center elementor-widget-mobile__width-inherit btn2-hover elementor-widget elementor-widget-button\" data-id=\"b47972e\" data-element_type=\"widget\" data-widget_type=\"button.default\">\n\t\t\t\t<div class=\"elementor-widget-container\">\n\t\t\t\t\t<div class=\"elementor-button-wrapper\">\n\t\t\t<a href=\"http:\/\/3.68.178.112.nip.io\/no\/contact-mail\" class=\"elementor-button-link elementor-button elementor-size-sm\" role=\"button\">\n\t\t\t\t\t\t<span class=\"elementor-button-content-wrapper\">\n\t\t\t\t\t\t<span class=\"elementor-button-text\">BESTILL EN KONSULTASJON<\/span>\n\t\t<\/span>\n\t\t\t\t\t<\/a>\n\t\t<\/div>\n\t\t\t\t<\/div>\n\t\t\t\t<\/div>\n\t\t\t\t<div class=\"elementor-element elementor-element-e7f469c elementor-widget elementor-widget-spacer\" data-id=\"e7f469c\" data-element_type=\"widget\" data-widget_type=\"spacer.default\">\n\t\t\t\t<div class=\"elementor-widget-container\">\n\t\t\t\t\t<div class=\"elementor-spacer\">\n\t\t\t<div class=\"elementor-spacer-inner\"><\/div>\n\t\t<\/div>\n\t\t\t\t<\/div>\n\t\t\t\t<\/div>\n\t\t\t\t\t<\/div>\n\t\t<\/div>\n\t\t\t\t\t\t\t<\/div>\n\t\t<\/section>\n\t\t\t\t<section class=\"elementor-section elementor-top-section elementor-element elementor-element-c7723c5 elementor-section-boxed elementor-section-height-default elementor-section-height-default\" data-id=\"c7723c5\" data-element_type=\"section\">\n\t\t\t\t\t\t<div class=\"elementor-container elementor-column-gap-default\">\n\t\t\t\t\t<div class=\"elementor-column elementor-col-50 elementor-top-column elementor-element elementor-element-fb9c422\" data-id=\"fb9c422\" data-element_type=\"column\">\n\t\t\t<div class=\"elementor-widget-wrap elementor-element-populated\">\n\t\t\t\t\t\t\t\t<div class=\"elementor-element elementor-element-36d988a elementor-widget elementor-widget-image\" data-id=\"36d988a\" data-element_type=\"widget\" data-widget_type=\"image.default\">\n\t\t\t\t<div class=\"elementor-widget-container\">\n\t\t\t<style>\/*! elementor - v3.11.1 - 15-02-2023 *\/\n.elementor-widget-image{text-align:center}.elementor-widget-image a{display:inline-block}.elementor-widget-image a img[src$=\".svg\"]{width:48px}.elementor-widget-image img{vertical-align:middle;display:inline-block}<\/style>\t\t\t\t\t\t\t\t\t\t\t\t<img decoding=\"async\" width=\"800\" height=\"532\" src=\"http:\/\/3.68.178.112.nip.io\/no\/wp-content\/uploads\/sites\/6\/2023\/05\/root-canal-treatment_1-1024x681.jpg\" class=\"attachment-large size-large wp-image-2578\" alt=\"Rotfylling\" srcset=\"http:\/\/3.68.178.112.nip.io\/no\/wp-content\/uploads\/sites\/6\/2023\/05\/root-canal-treatment_1-1024x681.jpg 1024w, http:\/\/3.68.178.112.nip.io\/no\/wp-content\/uploads\/sites\/6\/2023\/05\/root-canal-treatment_1-300x200.jpg 300w, http:\/\/3.68.178.112.nip.io\/no\/wp-content\/uploads\/sites\/6\/2023\/05\/root-canal-treatment_1-768x511.jpg 768w, http:\/\/3.68.178.112.nip.io\/no\/wp-content\/uploads\/sites\/6\/2023\/05\/root-canal-treatment_1-1536x1022.jpg 1536w, http:\/\/3.68.178.112.nip.io\/no\/wp-content\/uploads\/sites\/6\/2023\/05\/root-canal-treatment_1-2048x1362.jpg 2048w\" sizes=\"(max-width: 800px) 100vw, 800px\" \/>\t\t\t\t\t\t\t\t\t\t\t\t\t\t\t<\/div>\n\t\t\t\t<\/div>\n\t\t\t\t\t<\/div>\n\t\t<\/div>\n\t\t\t\t<div class=\"elementor-column elementor-col-50 elementor-top-column elementor-element elementor-element-2afb7fa\" data-id=\"2afb7fa\" data-element_type=\"column\">\n\t\t\t<div class=\"elementor-widget-wrap elementor-element-populated\">\n\t\t\t\t\t\t\t\t<div class=\"elementor-element elementor-element-889e9b7 elementor-widget elementor-widget-text-editor\" data-id=\"889e9b7\" data-element_type=\"widget\" data-widget_type=\"text-editor.default\">\n\t\t\t\t<div class=\"elementor-widget-container\">\n\t\t\t<style>\/*! elementor - v3.11.1 - 15-02-2023 *\/\n.elementor-widget-text-editor.elementor-drop-cap-view-stacked .elementor-drop-cap{background-color:#818a91;color:#fff}.elementor-widget-text-editor.elementor-drop-cap-view-framed .elementor-drop-cap{color:#818a91;border:3px solid;background-color:transparent}.elementor-widget-text-editor:not(.elementor-drop-cap-view-default) .elementor-drop-cap{margin-top:8px}.elementor-widget-text-editor:not(.elementor-drop-cap-view-default) .elementor-drop-cap-letter{width:1em;height:1em}.elementor-widget-text-editor .elementor-drop-cap{float:left;text-align:center;line-height:1;font-size:50px}.elementor-widget-text-editor .elementor-drop-cap-letter{display:inline-block}<\/style>\t\t\t\t<h4 class=\"western\" align=\"left\"><strong>Hva er en rotfylling?<\/strong><\/h4>\n<p class=\"western\" align=\"left\">Rotfylling er en tannbehandling som har som m\u00e5l \u00e5 bevare en skadet eller infisert tann og dermed unng\u00e5 tanntrekking. M\u00e5let er \u00e5 rengj\u00f8re og tette rotkanalsystemet hermetisk for \u00e5 forhindre ny infeksjon og bevare tannens funksjon.<\/p>\n<p class=\"western\" align=\"left\"><strong>Behandlingen inneb\u00e6rer<\/strong>:<br \/>\u2022 Mekanisk rengj\u00f8ring med fleksible, varmebehandlede h\u00e5nd- og roterende instrumenter<br \/>\u2022 Kjemisk rengj\u00f8ring med kelaterende og desinfiserende midler<br \/>\u2022 Hermetisk forsegling ved rotspissen (apikalt) og i kronedelen (koronalt)<\/p>\n<hr size=\"1\" \/>\t\t\t\t\t\t<\/div>\n\t\t\t\t<\/div>\n\t\t\t\t\t<\/div>\n\t\t<\/div>\n\t\t\t\t\t\t\t<\/div>\n\t\t<\/section>\n\t\t\t\t<section class=\"elementor-section elementor-top-section elementor-element elementor-element-a466a0c elementor-section-boxed elementor-section-height-default elementor-section-height-default\" data-id=\"a466a0c\" data-element_type=\"section\">\n\t\t\t\t\t\t<div class=\"elementor-container elementor-column-gap-default\">\n\t\t\t\t\t<div class=\"elementor-column elementor-col-50 elementor-top-column elementor-element elementor-element-9377672\" data-id=\"9377672\" data-element_type=\"column\">\n\t\t\t<div class=\"elementor-widget-wrap elementor-element-populated\">\n\t\t\t\t\t\t\t\t<div class=\"elementor-element elementor-element-feddaa5 elementor-widget elementor-widget-text-editor\" data-id=\"feddaa5\" data-element_type=\"widget\" data-widget_type=\"text-editor.default\">\n\t\t\t\t<div class=\"elementor-widget-container\">\n\t\t\t\t\t\t\t<p><!-- \/wp:paragraph --><!-- wp:image --><\/p>\n<h4 class=\"western\" align=\"left\"><strong>Hvem utf\u00f8rer rotfylling?<\/strong><\/h4>\n<p class=\"western\" align=\"left\">B\u00e5de allmennpraktiserende tannleger og spesialister i endodonti (rotfyllingsspesialister) er kvalifiserte til \u00e5 utf\u00f8re slike behandlinger.<\/p>\n<h4 class=\"western\" align=\"left\"><strong>N\u00e5r er det behov for rotfylling?<\/strong><\/h4>\n<p class=\"western\" align=\"left\">Rotfylling er aktuelt ved:<br \/>\u2022 Irreversibel betennelse i tannens pulpa (pulpitt)<br \/>\u2022 Betennelse rundt rotspissen (apikal periodontitt)<br \/>\u2022 Ufullstendig eller mislykket tidligere rotfylling<br \/>\u2022 Traume eller skade p\u00e5 tannen<br \/>\u2022 Eksponert tannpulpa under forberedelse til krone eller bro<br \/>\u2022 Forebyggende tiltak mot fremtidige komplikasjoner<\/p>\n<p>\u00a0<\/p>\t\t\t\t\t\t<\/div>\n\t\t\t\t<\/div>\n\t\t\t\t\t<\/div>\n\t\t<\/div>\n\t\t\t\t<div class=\"elementor-column elementor-col-50 elementor-top-column elementor-element elementor-element-7a44d58\" data-id=\"7a44d58\" data-element_type=\"column\">\n\t\t\t<div class=\"elementor-widget-wrap elementor-element-populated\">\n\t\t\t\t\t\t\t\t<div class=\"elementor-element elementor-element-053b430 elementor-widget elementor-widget-image\" data-id=\"053b430\" data-element_type=\"widget\" data-widget_type=\"image.default\">\n\t\t\t\t<div class=\"elementor-widget-container\">\n\t\t\t\t\t\t\t\t\t\t\t\t\t\t\t<img decoding=\"async\" width=\"800\" height=\"533\" src=\"http:\/\/3.68.178.112.nip.io\/no\/wp-content\/uploads\/sites\/6\/2023\/05\/root-canal-treatment_3-scaled-1-1024x682.jpg\" class=\"attachment-large size-large wp-image-2576\" alt=\"\" srcset=\"http:\/\/3.68.178.112.nip.io\/no\/wp-content\/uploads\/sites\/6\/2023\/05\/root-canal-treatment_3-scaled-1-1024x682.jpg 1024w, http:\/\/3.68.178.112.nip.io\/no\/wp-content\/uploads\/sites\/6\/2023\/05\/root-canal-treatment_3-scaled-1-300x200.jpg 300w, http:\/\/3.68.178.112.nip.io\/no\/wp-content\/uploads\/sites\/6\/2023\/05\/root-canal-treatment_3-scaled-1-768x511.jpg 768w, http:\/\/3.68.178.112.nip.io\/no\/wp-content\/uploads\/sites\/6\/2023\/05\/root-canal-treatment_3-scaled-1-1536x1022.jpg 1536w, http:\/\/3.68.178.112.nip.io\/no\/wp-content\/uploads\/sites\/6\/2023\/05\/root-canal-treatment_3-scaled-1-2048x1363.jpg 2048w\" sizes=\"(max-width: 800px) 100vw, 800px\" \/>\t\t\t\t\t\t\t\t\t\t\t\t\t\t\t<\/div>\n\t\t\t\t<\/div>\n\t\t\t\t\t<\/div>\n\t\t<\/div>\n\t\t\t\t\t\t\t<\/div>\n\t\t<\/section>\n\t\t\t\t<section class=\"elementor-section elementor-top-section elementor-element elementor-element-a0a862a elementor-section-boxed elementor-section-height-default elementor-section-height-default\" data-id=\"a0a862a\" data-element_type=\"section\">\n\t\t\t\t\t\t<div class=\"elementor-container elementor-column-gap-default\">\n\t\t\t\t\t<div class=\"elementor-column elementor-col-50 elementor-top-column elementor-element elementor-element-c1eacd6\" data-id=\"c1eacd6\" data-element_type=\"column\">\n\t\t\t<div class=\"elementor-widget-wrap elementor-element-populated\">\n\t\t\t\t\t\t\t\t<div class=\"elementor-element elementor-element-f8c2e0e elementor-widget elementor-widget-image\" data-id=\"f8c2e0e\" data-element_type=\"widget\" data-widget_type=\"image.default\">\n\t\t\t\t<div class=\"elementor-widget-container\">\n\t\t\t\t\t\t\t\t\t\t\t\t\t\t\t<img decoding=\"async\" width=\"800\" height=\"533\" src=\"http:\/\/3.68.178.112.nip.io\/no\/wp-content\/uploads\/sites\/6\/2023\/05\/root-canal-treatment_2-scaled-1-1024x682.jpg\" class=\"attachment-large size-large wp-image-2575\" alt=\"\" srcset=\"http:\/\/3.68.178.112.nip.io\/no\/wp-content\/uploads\/sites\/6\/2023\/05\/root-canal-treatment_2-scaled-1-1024x682.jpg 1024w, http:\/\/3.68.178.112.nip.io\/no\/wp-content\/uploads\/sites\/6\/2023\/05\/root-canal-treatment_2-scaled-1-300x200.jpg 300w, http:\/\/3.68.178.112.nip.io\/no\/wp-content\/uploads\/sites\/6\/2023\/05\/root-canal-treatment_2-scaled-1-768x511.jpg 768w, http:\/\/3.68.178.112.nip.io\/no\/wp-content\/uploads\/sites\/6\/2023\/05\/root-canal-treatment_2-scaled-1-1536x1022.jpg 1536w, http:\/\/3.68.178.112.nip.io\/no\/wp-content\/uploads\/sites\/6\/2023\/05\/root-canal-treatment_2-scaled-1-2048x1363.jpg 2048w\" sizes=\"(max-width: 800px) 100vw, 800px\" \/>\t\t\t\t\t\t\t\t\t\t\t\t\t\t\t<\/div>\n\t\t\t\t<\/div>\n\t\t\t\t\t<\/div>\n\t\t<\/div>\n\t\t\t\t<div class=\"elementor-column elementor-col-50 elementor-top-column elementor-element elementor-element-6d9df4f\" data-id=\"6d9df4f\" data-element_type=\"column\">\n\t\t\t<div class=\"elementor-widget-wrap elementor-element-populated\">\n\t\t\t\t\t\t\t\t<div class=\"elementor-element elementor-element-01583e3 elementor-widget elementor-widget-text-editor\" data-id=\"01583e3\" data-element_type=\"widget\" data-widget_type=\"text-editor.default\">\n\t\t\t\t<div class=\"elementor-widget-container\">\n\t\t\t\t\t\t\t<h4 class=\"western\" align=\"left\"><strong>Hvorfor velge Kreativ Dental for rotfylling?<\/strong><\/h4>\n<p class=\"western\" align=\"left\">Hos Kreativ Dental i Budapest utf\u00f8res behandlingen av en erfaren endodontist med over 10 \u00e5rs erfaring. Klinikken f\u00f8lger h\u00f8yeste faglige standarder, og behandling tilbys til en betydelig lavere pris enn i mange andre land. Behandlingen starter alltid med grundig unders\u00f8kelse og eventuell konsultasjon med andre spesialister.<\/p>\t\t\t\t\t\t<\/div>\n\t\t\t\t<\/div>\n\t\t\t\t\t<\/div>\n\t\t<\/div>\n\t\t\t\t\t\t\t<\/div>\n\t\t<\/section>\n\t\t\t\t<section class=\"elementor-section elementor-top-section elementor-element elementor-element-90148af elementor-section-boxed elementor-section-height-default elementor-section-height-default\" data-id=\"90148af\" data-element_type=\"section\">\n\t\t\t\t\t\t<div class=\"elementor-container elementor-column-gap-default\">\n\t\t\t\t\t<div class=\"elementor-column elementor-col-50 elementor-top-column elementor-element elementor-element-b419b96\" data-id=\"b419b96\" data-element_type=\"column\">\n\t\t\t<div class=\"elementor-widget-wrap elementor-element-populated\">\n\t\t\t\t\t\t\t\t<div class=\"elementor-element elementor-element-8d1f2e5 elementor-widget elementor-widget-text-editor\" data-id=\"8d1f2e5\" data-element_type=\"widget\" data-widget_type=\"text-editor.default\">\n\t\t\t\t<div class=\"elementor-widget-container\">\n\t\t\t\t\t\t\t<h4 class=\"western\" align=\"left\"><strong>Hvilken teknologi brukes under behandlingen?<\/strong><\/h4>\n<p class=\"western\" align=\"left\">Moderne teknologi gj\u00f8r behandlingen mer presis og effektiv:<\/p>\n<p class=\"western\" align=\"left\">\u2022 <a href=\"https:\/\/3.68.178.112.nip.io\/no\/behandling\/ct-scan\">3D CBCT-bildebehandling<\/a>: lavdose, tredimensjonal r\u00f8ntgen gir detaljert oversikt over rotkanalsystemet<br \/>\u2022 <a href=\"https:\/\/3.68.178.112.nip.io\/no\/behandling\/zeiss-opmi-pico-mikroskop\">Mikroskop<\/a>: brukes til \u00e5 finne mikroskopiske sprekker, skjulte kanaler og gj\u00f8re presise inngrep gjennom tannkronen<\/p>\t\t\t\t\t\t<\/div>\n\t\t\t\t<\/div>\n\t\t\t\t\t<\/div>\n\t\t<\/div>\n\t\t\t\t<div class=\"elementor-column elementor-col-50 elementor-top-column elementor-element elementor-element-9b975a6\" data-id=\"9b975a6\" data-element_type=\"column\">\n\t\t\t<div class=\"elementor-widget-wrap elementor-element-populated\">\n\t\t\t\t\t\t\t\t<div class=\"elementor-element elementor-element-8f60984 elementor-widget elementor-widget-html\" data-id=\"8f60984\" data-element_type=\"widget\" data-widget_type=\"html.default\">\n\t\t\t\t<div class=\"elementor-widget-container\">\n\t\t\t<iframe class=\"embed-responsive-item\" style=\"width: 400px; height: 225px;\" src=\"https:\/\/www.medivision.co.uk\/Dental\/webpakonline.php?id=105&amp;icon=1\" marginwidth=\"1\" marginheight=\"1\" scrolling=\"no\" data-mce-src=\"https:\/\/www.medivision.co.uk\/Dental\/webpakonline.php?id=105&amp;icon=1\" data-mce-style=\"width: 400px; height: 225px;\" frameborder=\"0\"><\/iframe>\t\t<\/div>\n\t\t\t\t<\/div>\n\t\t\t\t\t<\/div>\n\t\t<\/div>\n\t\t\t\t\t\t\t<\/div>\n\t\t<\/section>\n\t\t\t\t<section class=\"elementor-section elementor-top-section elementor-element elementor-element-cb186c4 elementor-section-boxed elementor-section-height-default elementor-section-height-default\" data-id=\"cb186c4\" data-element_type=\"section\">\n\t\t\t\t\t\t<div class=\"elementor-container elementor-column-gap-default\">\n\t\t\t\t\t<div class=\"elementor-column elementor-col-100 elementor-top-column elementor-element elementor-element-88e2327\" data-id=\"88e2327\" data-element_type=\"column\">\n\t\t\t<div class=\"elementor-widget-wrap elementor-element-populated\">\n\t\t\t\t\t\t\t\t<div class=\"elementor-element elementor-element-59e930d elementor-widget elementor-widget-text-editor\" data-id=\"59e930d\" data-element_type=\"widget\" data-widget_type=\"text-editor.default\">\n\t\t\t\t<div class=\"elementor-widget-container\">\n\t\t\t\t\t\t\t<h4 class=\"western\" align=\"left\"><strong>Hvordan foreg\u00e5r behandlingen?<\/strong><\/h4>\n<p class=\"western\" align=\"left\">Behandlingen utf\u00f8res under lokalbed\u00f8velse og varer vanligvis mellom 30 og 90 minutter per tann, avhengig av antall og kompleksitet av kanalene. M\u00e5let er \u00e5 fullf\u00f8re behandlingen i \u00e9n \u00f8kt, men ved behov for drenering kan det planlegges en ny time for endelig forsegling.<\/p>\n<p class=\"western\" align=\"left\"><strong>Trinnene inkluderer<\/strong>:<br \/>\u2022 Tilgang og rengj\u00f8ring: fjerning av infisert eller betent vev<br \/>\u2022 Forming og desinfisering: mekanisk og kjemisk rengj\u00f8ring av kanalene<br \/>\u2022 Tett forsegling med biokompatibelt materiale<br \/>\u2022 Ved behov kan kirurgi v\u00e6re aktuelt (apikalkirurgi): fjerning av infisert rotspiss med eventuell retrograd fylling<\/p>\n<h4 class=\"western\" align=\"left\"><strong>Etter behandlingen<\/strong><\/h4>\n<p class=\"western\" align=\"left\">Noe f\u00f8lsomhet eller ubehag kan forekomme, men dette h\u00e5ndteres vanligvis med smertestillende eller antibiotika etter behov.<\/p>\n<p class=\"western\" align=\"left\">Rotfylling er en trygg og effektiv metode for \u00e5 bevare naturlige tenner, gjenopprette tannhelsen og sikre et naturlig smil.<\/p>\t\t\t\t\t\t<\/div>\n\t\t\t\t<\/div>\n\t\t\t\t\t<\/div>\n\t\t<\/div>\n\t\t\t\t\t\t\t<\/div>\n\t\t<\/section>\n\t\t\t\t<section class=\"elementor-section elementor-top-section elementor-element elementor-element-13c84c2 elementor-section-boxed elementor-section-height-default elementor-section-height-default\" data-id=\"13c84c2\" data-element_type=\"section\">\n\t\t\t\t\t\t<div class=\"elementor-container elementor-column-gap-default\">\n\t\t\t\t\t<div class=\"elementor-column elementor-col-100 elementor-top-column elementor-element elementor-element-fe7ddc5\" data-id=\"fe7ddc5\" data-element_type=\"column\">\n\t\t\t<div class=\"elementor-widget-wrap elementor-element-populated\">\n\t\t\t\t\t\t\t\t<div class=\"elementor-element elementor-element-ff1b02c elementor-align-center elementor-mobile-align-center elementor-widget-mobile__width-inherit btn2-hover elementor-widget elementor-widget-button\" data-id=\"ff1b02c\" data-element_type=\"widget\" data-widget_type=\"button.default\">\n\t\t\t\t<div class=\"elementor-widget-container\">\n\t\t\t\t\t<div class=\"elementor-button-wrapper\">\n\t\t\t<a href=\"http:\/\/3.68.178.112.nip.io\/no\/contact-mail\" class=\"elementor-button-link elementor-button elementor-size-sm\" role=\"button\">\n\t\t\t\t\t\t<span class=\"elementor-button-content-wrapper\">\n\t\t\t\t\t\t<span class=\"elementor-button-text\">Be om mer informasjon<\/span>\n\t\t<\/span>\n\t\t\t\t\t<\/a>\n\t\t<\/div>\n\t\t\t\t<\/div>\n\t\t\t\t<\/div>\n\t\t\t\t<div class=\"elementor-element elementor-element-d6c6dcf elementor-widget elementor-widget-spacer\" data-id=\"d6c6dcf\" data-element_type=\"widget\" data-widget_type=\"spacer.default\">\n\t\t\t\t<div class=\"elementor-widget-container\">\n\t\t\t\t\t<div class=\"elementor-spacer\">\n\t\t\t<div class=\"elementor-spacer-inner\"><\/div>\n\t\t<\/div>\n\t\t\t\t<\/div>\n\t\t\t\t<\/div>\n\t\t\t\t\t<\/div>\n\t\t<\/div>\n\t\t\t\t\t\t\t<\/div>\n\t\t<\/section>\n\t\t\t\t\t\t\t<\/div>\n\t\t","protected":false},"excerpt":{"rendered":"<p>BESTILL EN KONSULTASJON Hva er en rotfylling? Rotfylling er en tannbehandling som har som m\u00e5l \u00e5 bevare en skadet eller infisert tann og dermed unng\u00e5 tanntrekking. M\u00e5let er \u00e5 rengj\u00f8re og tette rotkanalsystemet hermetisk for \u00e5 forhindre ny infeksjon og bevare tannens funksjon. Behandlingen inneb\u00e6rer:\u2022 Mekanisk rengj\u00f8ring med fleksible, varmebehandlede h\u00e5nd- og roterende instrumenter\u2022 Kjemisk [&hellip;]<\/p>\n","protected":false},"author":1,"featured_media":2393,"parent":2365,"menu_order":11,"comment_status":"closed","ping_status":"closed","template":"elementor_header_footer","meta":[],"_links":{"self":[{"href":"http:\/\/3.68.178.112.nip.io\/no\/wp-json\/wp\/v2\/pages\/2392"}],"collection":[{"href":"http:\/\/3.68.178.112.nip.io\/no\/wp-json\/wp\/v2\/pages"}],"about":[{"href":"http:\/\/3.68.178.112.nip.io\/no\/wp-json\/wp\/v2\/types\/page"}],"author":[{"embeddable":true,"href":"http:\/\/3.68.178.112.nip.io\/no\/wp-json\/wp\/v2\/users\/1"}],"replies":[{"embeddable":true,"href":"http:\/\/3.68.178.112.nip.io\/no\/wp-json\/wp\/v2\/comments?post=2392"}],"version-history":[{"count":19,"href":"http:\/\/3.68.178.112.nip.io\/no\/wp-json\/wp\/v2\/pages\/2392\/revisions"}],"predecessor-version":[{"id":4679,"href":"http:\/\/3.68.178.112.nip.io\/no\/wp-json\/wp\/v2\/pages\/2392\/revisions\/4679"}],"up":[{"embeddable":true,"href":"http:\/\/3.68.178.112.nip.io\/no\/wp-json\/wp\/v2\/pages\/2365"}],"wp:featuredmedia":[{"embeddable":true,"href":"http:\/\/3.68.178.112.nip.io\/no\/wp-json\/wp\/v2\/media\/2393"}],"wp:attachment":[{"href":"http:\/\/3.68.178.112.nip.io\/no\/wp-json\/wp\/v2\/media?parent=2392"}],"curies":[{"name":"wp","href":"https:\/\/api.w.org\/{rel}","templated":true}]}}